{"id":904,"date":"2023-03-14T09:36:49","date_gmt":"2023-03-14T08:36:49","guid":{"rendered":"https:\/\/leda158.eu\/?page_id=904"},"modified":"2023-03-14T09:37:33","modified_gmt":"2023-03-14T08:37:33","slug":"interpretacje-doktrynalne","status":"publish","type":"page","link":"https:\/\/leda158.eu\/?page_id=904","title":{"rendered":"Interpretacje doktrynalne"},"content":{"rendered":"\n\n\n<figure class=\"wp-block-table\"><table><tbody><tr><td><strong>Poj\u0119cie<\/strong><\/td><td><strong>Miejsce w P\u015a.<\/strong><\/td><td><strong>Data zm.<\/strong><\/td><td><strong>Nowa interpretacja oraz gdzie opisano<\/strong><\/td><td><strong>\u0179r\u00f3d\u0142o<\/strong><\/td><\/tr><tr><td>144000<\/td><td><\/td><td>1880<\/td><td>nie tylko \u017bydzi kr 51<\/td><td><\/td><\/tr><tr><td>Armagedon<\/td><td>Ob 16:14-16<\/td><td>1926<\/td><td>Wojna Bo\u017ca<\/td><td><\/td><\/tr><tr><td>Asyryjczyk przyjdzie do naszej ziemi<\/td><td>Mich5:5<\/td><td>2013<\/td><td>Nowo\u017cytny \u201eAsyryjczyk\u201d (\u201bGog z Magog\u2019, \u201ekr\u00f3l p\u00f3\u0142nocy\u201d) zagrozi istnieniu ludu Bo\u017cego. Jehowa b\u0119dzie walczy\u0142 za sw\u00f3j lud! Pasterze i ksi\u0105\u017c\u0119ta w tej niecodziennej armii to starsi w zborach.<\/td><td>w13 15.11 s. 20<\/td><\/tr><tr><td>Babilon Wielki<\/td><td>Ob 17:5<\/td><td>1963<\/td><td>Wp\u0142ywy na ca\u0142\u0105 ziemi\u0119 \u2013 nie tylko chrze\u015bcija\u0144stwo<\/td><td>w 1963<\/td><\/tr><tr><td>Babilon Wielki<\/td><td><\/td><td>1891<\/td><td>Wszystkie ko\u015bcio\u0142y nominalnego chrze\u015bcija\u0144stwa<\/td><td><\/td><\/tr><tr><td>Bo\u017ce Narodzenie<\/td><td>brak<\/td><td>1927-1928<\/td><td>Zaprzestanie obchodzenia<\/td><td>Z\u0142oty wiek \u2013 12.12.1928<\/td><\/tr><tr><td>Czas oczyszczania duchowej \u015bwi\u0105tyni<\/td><td>Mal.3:1-4<\/td><td>2014<\/td><td>Inspekcja i oczyszczanie trwa\u0142o od 1914 roku do pocz\u0105tk\u00f3w roku 1919. Okres ten obejmowa\u0142 zar\u00f3wno 1260 dni (42 miesi\u0105ce), jak i symboliczne trzy i p\u00f3\u0142 dnia, o kt\u00f3rych wspomina 11 rozdzia\u0142 Ksi\u0119gi Objawienia.<\/td><td>w14 15.11 s. 30<\/td><\/tr><tr><td>Cz\u0142owiek godny \u017cycia a przyjaciel Boga<\/td><td>Rz 5:18; Jak 2:23<\/td><td>1985<\/td><td><\/td><td><\/td><\/tr><tr><td>Duchem i prawd\u0105<\/td><td>Ja4:24<\/td><td>2002<\/td><td>Duchem &#8211; to gorliwie oraz z serca przepe\u0142nionego mi\u0142o\u015bci\u0105 i wiar\u0105. Naszego w\u0142asnego ducha, czyli nastawienie umys\u0142u, musimy zharmonizowa\u0107 z duchem Boga. Czci\u0107 Go prawd\u0105 &#8211; oznacza \u015bcis\u0142e dostosowywanie si\u0119 do wszystkiego, co o Bogu i o Jego zamierzeniu m\u00f3wi Biblia.<\/td><td>w 2002 15.07<\/td><\/tr><tr><td>Dusza i in.<\/td><td><\/td><td>1870 \u2013 1875<\/td><td>Coraz lepsze zrozumienie prawdy o duszy, okupie, piekle, sposobu przyj\u015bcia Jezusa<\/td><td><\/td><\/tr><tr><td>Dwaj \u015bwiadkowie<\/td><td>Ob11:4; Zach4:1-3, 14<\/td><td>2014<\/td><td>Sprawozdanie biblijne nawi\u0105zuje do pomaza\u0144c\u00f3w Bo\u017cych, kt\u00f3rzy zapewniali przewodnictwo ludowi Jehowy w trudnych okresach pr\u00f3b, gdy w roku 1914 ustanowiono w niebie Kr\u00f3lestwo Bo\u017ce, g\u0142osili w \u201eworach\u201d przez trzy i p\u00f3\u0142 roku.<\/td><td>w14 15.11 s. 30<\/td><\/tr><tr><td>Dziedziniec s\u0142u\u017cby<\/td><td>Obj. 7:9-15<\/td><td>2002<\/td><td>Wielka rzesza oddaje cze\u015b\u0107 Jehowie na jednym z ziemskich dziedzi\u0144c\u00f3w Jego wielkiej duchowej \u015bwi\u0105tyni &#8211; kt\u00f3rego odpowiednikiem by\u0142 zewn\u0119trzny dziedziniec \u015bwi\u0105tyni Salomona<\/td><td>w 2002 1.05<\/td><\/tr><tr><td>Gog z Magog<\/td><td>Ez38,39<\/td><td>2015<\/td><td>Gog z Magog odnosi si\u0119 do koalicji narod\u00f3w. Mianem \u201eGoga i Magoga\u201d s\u0142usznie mo\u017cna nazwa\u0107 tak\u017ce wszystkich tych, kt\u00f3rzy po up\u0142ywie Millennium podnios\u0105 bunt.<\/td><td>w15 15.5 ss. 29,30<\/td><\/tr><tr><td>Izrael Bo\u017cy<\/td><td>Jer 30:18 Jer 31:8-10 Am 9:14,15 Rz 11:25,26<\/td><td>1932<\/td><td>Izrael Bo\u017cy \u2013 Izrael duchowy, wywy\u017cszone Jeruzalem \u2013 to J. niebia\u0144skie. Spe\u0142nienie na wi\u0119ksz\u0105 skal\u0119 po 1919 r. &#8211; dobrodziejstwa raju duchowego.<\/td><td>II tom ks. Usprawiedliwienie<\/td><\/tr><tr><td>Jehowa<\/td><td><\/td><td>1931<\/td><td>Od 15 pa\u017adziernika roku 1931 na stronie tytu\u0142owej ka\u017cdego numeru \u201eStra\u017cnicy\u201d widnieje imi\u0119 w\u0142asne Boga, Jehowa<\/td><td><\/td><\/tr><tr><td>Jezus dokonuje przegl\u0105du \u015bwi\u0105tyni duchowej<\/td><td>Mal.3:1-4<\/td><td>2013<\/td><td>W roku 1914 Jezus rozpocz\u0105\u0142 inspekcj\u0119 duchowej \u015bwi\u0105tyni. Przegl\u0105d ten i dzie\u0142o oczyszczania obejmowa\u0142 okres \u2014 od roku 1914 do pocz\u0105tk\u00f3w roku 1919.<\/td><td>w13 15.7 ss. 11,12<\/td><\/tr><tr><td>Jezus przychodzi, przybywa<\/td><td>Mt24,25<\/td><td>2013<\/td><td>Wzmianki o \u201bprzyj\u015bciu\u2019 Jezusa odnosz\u0105 si\u0119 do czasu, gdy przyb\u0119dzie on og\u0142osi\u0107 i wykona\u0107 wyrok pod koniec tego systemu rzeczy. Dlatego \u201bprzybycie\u2019 (\u201bprzyj\u015bcie\u2019) Jezusa, o kt\u00f3rym mowa w przyk\u0142adzie o wiernym niewolniku, ma miejsce podczas wielkiego ucisku.<\/td><td>w13 15.7 ss. 7, 8, 24<\/td><\/tr><tr><td>Jubileusz chrze\u015bcija\u0144ski<\/td><td>3Mo25:10<\/td><td>1987<\/td><td>Rozpocz\u0119\u0142o si\u0119 w dniu Pi\u0119\u0107dziesi\u0105tnicy 33 r. ne \u2013 osoby namaszczone duchem \u015bwi\u0119tym zosta\u0142y uwolnione z niewoli Przymierza Moj\u017ceszowego;<\/td><td>w 87 1.02<\/td><\/tr><tr><td>Kiedy pojawi\u0142a si\u0119 si\u00f3dma pot\u0119ga \u015bwiatowa<\/td><td><\/td><td>2012<\/td><td>Si\u00f3dma g\u0142owa bestii \u2014 anglo-ameryka\u0144skie mocarstwo \u015bwiatowe pojawi\u0142a si\u0119 na pocz\u0105tku dnia Pa\u0144skiego. Podczas I wojny \u015bwiatowej te dwie pot\u0119gi po\u0142\u0105czy\u0142 szczeg\u00f3lny sojusz.<\/td><td>w12 15.6 s. 15, 19<\/td><\/tr><tr><td>Klucze Kr\u00f3lestwa<\/td><td>Dz2:14-41, 8:34,38, 10:34-48<\/td><td>1980<\/td><td>Ap. Piotr otrzyma\u0142 trzy klucze: 1 \u2013 dla \u017byd\u00f3w \u2013 r. 33,2 \u2013 dla Samarytan,3 \u2013 dla pogan \u2013 r. 36 \u2013 Korneliusz; w 80 15.07<\/td><td><\/td><\/tr><tr><td>Koniec czas\u00f3w pogan<\/td><td><\/td><td>1876<\/td><td>Siedem czas\u00f3w dobiegnie ko\u0144ca w roku 1914 po Chr.<\/td><td><\/td><\/tr><tr><td>Krew<\/td><td>1Mo 9:3-6 Dz15:28,29<\/td><td>1961<\/td><td>\u015awi\u0119to\u015b\u0107 krwi \u2013 zakaz transfuzji; En w 1.07.1945<\/td><td><\/td><\/tr><tr><td>Kr\u00f3l o srogim obliczu przywodzi do zguby<\/td><td>Da8:23,24<\/td><td>2012<\/td><td>Stany Zjednoczone przywiod\u0142y do zguby na niespotykan\u0105 skal\u0119, gdy zrzuci\u0142y na terytorium wroga dwie bomby atomowe. Potem si\u00f3dma g\u0142owa wci\u0105\u017c co jaki\u015b czas ujawnia\u0142a cechy \u017celaza.<\/td><td>w12 15.6 s. 16<\/td><\/tr><tr><td>Kr\u00f3l p\u00f3\u0142nocy<\/td><td>Da 11:40<\/td><td>2020<\/td><td>Rzymski cesarz Aurelian (270-275&nbsp;n.e.) nie by\u0142 \u201ekr\u00f3lem p\u00f3\u0142nocy\u201d, a&nbsp;kr\u00f3lowa Zenobia (267-272&nbsp;n.e.) nie by\u0142a \u201ekr\u00f3lem po\u0142udnia\u201d. Obecnie \u201ekr\u00f3lem p\u00f3\u0142nocy\u201d jest Rosja ze swoimi sojusznikami. Ma znacz\u0105cy wp\u0142yw na lud Bo\u017cy&nbsp;\u2014 wprowadzi\u0142a zakaz dzia\u0142alno\u015bci \u015awiadk\u00f3w Jehowy i&nbsp;okazuje im nienawi\u015b\u0107. Walczy z&nbsp;kr\u00f3lem po\u0142udnia o&nbsp;dominacj\u0119.<\/td><td>w20 15.5 s.2-7, 13<\/td><\/tr><tr><td>Krzy\u017c<\/td><td>Dz 10:39<\/td><td>1936<\/td><td>Jezus umar\u0142 na palu. ks. Bogactwo<\/td><td><\/td><\/tr><tr><td>Ma\u0142a trz\u00f3dka<\/td><td>Mt 20:1-16<\/td><td>1966<\/td><td>Powo\u0142ywanie pomaza\u0144c\u00f3w dobieg\u0142o kresu w 1935 roku. Je\u015bli kto\u015b potem otrzyma\u0142 powo\u0142anie niebia\u0144skie, uwa\u017cano, i\u017c zosta\u0142 wybrany w miejsce pomaza\u0144ca, kt\u00f3ry okaza\u0142 si\u0119 niewierny.<\/td><td><\/td><\/tr><tr><td>Mardocheusz i Estera 'rozdzielaj\u0105 \u0142up&#8217;<\/td><td>1Mo49:27<\/td><td>2012<\/td><td>Estera i Mardocheusz &#8211; z plemienia Beniamina \u2013 otrzymali kolosalny maj\u0105tek Hamana, mo\u017cna te\u017c powiedzie\u0107, \u017ce \u201brozdzielili \u0142up\u2019.<\/td><td>w12 1.1 s. 29<\/td><\/tr><tr><td>Niewiasta, \u201csmok\u201d, \u201csyn, m\u0119\u017cczyzna\u201d<\/td><td>Ob 12:1-9<\/td><td>1925<\/td><td>Zwi\u0105zek z Ob 11:15-18 \u2013 narodziny (w 1914 r.) Kr\u00f3lestwa Bo\u017cego. Zrozumiano, \u017ce s\u0105 dwie odmienne organizacje: Jehowy i Szatana<\/td><td>w 1.03.1925 \u2013 art. \u201cNarodziny narodu\u201d<\/td><\/tr><tr><td>Niewola Babilonu Wielkiego<\/td><td>Mal.3:1-4; Ob18:4; Ez37:1-14<\/td><td>2016<\/td><td>Ta duchowa niewola trwa\u0142a od II&nbsp;wieku&nbsp;n.e. do roku 1919. Bieg\u0142a ona r\u00f3wnolegle z&nbsp;okresem, gdy symboliczne chwasty ros\u0142y razem z&nbsp;przyr\u00f3wnanymi do pszenicy \u201esynami Kr\u00f3lestwa\u201d.<\/td><td>w16 15.3 s.29<\/td><\/tr><tr><td>obrzydliwo\u015b\u0107 w miejscu \u015bwi\u0119tym&#8217;<\/td><td>Mt 24:15,16;Mt 25:32<\/td><td>1999<\/td><td>Imitacja Kr\u00f3lestwa Bo\u017cego:- Liga Narod\u00f3w 1919-1939,- Organizacja Narod\u00f3w Zjednoczonych \u2013 po 1945 r.<\/td><td><\/td><\/tr><tr><td>Oczekiwanie na Mesjasza w I w. &#8211; powody<\/td><td>\u0141u3:15<\/td><td>2014<\/td><td><\/td><td>w14 15.2 ss. 26,27; w14 15.6 s. 22<\/td><\/tr><tr><td>Owce a \u201ckozy\u201d<\/td><td>Mt25:31-46<\/td><td>1995<\/td><td>Owce \u2013 ci z grona drugich owiec, kt\u00f3rzy b\u0119d\u0105 \u017cy\u0107 w czasie, gdy Jezus przyjdzie s\u0105dzi\u0107 narody;Kozy \u2013 wcze\u015bniej z pogard\u0105 traktowali braci Kr\u00f3la, odpowiada im niegodziwy \u015bwiat, odrzucaj\u0105 dobr\u0105 nowin\u0119;<\/td><td>w 95 15.10<\/td><\/tr><tr><td>Owczarnia<\/td><td>Ja 10:2,3, 15,16<\/td><td>1984<\/td><td>Trzy owczarnie:1 \u2013 \u017cydowska \u2013 odd\u017awiernym Jan Chrzciciel, 2 \u2013 namaszczeni dziedzice Kr\u00f3lestwa, 3 \u2013 drugie owce<\/td><td>w 84 15.08<\/td><\/tr><tr><td>Palce u st\u00f3p pos\u0105gu ze snu Nebukadneccara<\/td><td>Da2:41-43<\/td><td>2012<\/td><td>Glina wyobra\u017ca r\u00f3\u017cne elementy w sferze wp\u0142yw\u00f3w pot\u0119gi anglo-ameryka\u0144skiej, kt\u00f3re czyni\u0105 j\u0105 s\u0142absz\u0105 od dawnego imperium rzymskiego, przyr\u00f3wnanego do litego \u017celaza. Glin\u0119 nazwano \u201epotomstwem ludzkim\u201d, chodzi tu wi\u0119c o zwyk\u0142ych ludzi os\u0142abiaj\u0105cych zdolno\u015b\u0107 mocarstwa anglo-ameryka\u0144skiego do dzia\u0142ania z si\u0142\u0105 \u017celaza.<\/td><td>w12 15.6 s. 16<\/td><\/tr><tr><td>Paruzja<\/td><td><\/td><td>1878<\/td><td>Chrystus zacz\u0105\u0142 panowa\u0107 w niebie<\/td><td>kr 50<\/td><\/tr><tr><td>Pierwowzory i odpowiedniki<\/td><td>\u0141uk. 10:30-37<\/td><td>2015<\/td><td>Obecnie przypowie\u015b\u0107 ta s\u0142u\u017cy za przypomnienie, \u017ce wszyscy chrze\u015bcijanie powinni bezstronnie nie\u015b\u0107 pomoc tym, kt\u00f3rzy jej potrzebuj\u0105, zw\u0142aszcza pod wzgl\u0119dem duchowym. Obecnie w naszych publikacjach wskazuje si\u0119, \u017ce jedna posta\u0107 czy sytuacja mo\u017ce przywodzi\u0107 na pami\u0119\u0107 inn\u0105 lub j\u0105 ilustrowa\u0107. Obecnie nasza literatura kieruje wi\u0119ksz\u0105 uwag\u0119 na proste, praktyczne nauki p\u0142yn\u0105ce z fragment\u00f3w Biblii uwypuklaj\u0105cych znaczenie wiary, wytrwa\u0142o\u015bci, zbo\u017cnego oddania czy innych wa\u017cnych przymiot\u00f3w<\/td><td>w15 15.3 ss. 9-11,17,18; w15 15.6 s. 32<\/td><\/tr><tr><td>Pocz\u0105tek wielkiego ucisku<\/td><td>Mat. 24:3<\/td><td>2013<\/td><td>Rozpocznie si\u0119 w przysz\u0142o\u015bci atakiem ONZ na Babilon Wielki.<\/td><td>w 2013 1.07<\/td><\/tr><tr><td>Pokolenie<\/td><td>Mt 24:34,36 Mt 12:38-46 Mr 8:34,38<\/td><td>1995<\/td><td>Ca\u0142y lud b\u0119d\u0105cy \u015bwiadomy jego solidarno\u015bci w grzechu \u2013 widz\u0105 znak obecno\u015bci Chrystusa, ale nie chc\u0105 skorygowa\u0107 swego post\u0119powania; w wypowiedzi Jezusa \u00f3wcze\u015bni przeciwnicy \u017cydowscy maj\u0105cy odczu\u0107 urzeczywistnienie si\u0119 podanego przez niego znaku.<\/td><td>w95 1.11, w99 1.05<\/td><\/tr><tr><td>Pokolenie<\/td><td><\/td><td><\/td><td>Sk\u0142ada si\u0119 z dw\u00f3ch grup: 1- pomaza\u0144cy, kt\u00f3rzy widzieli pocz\u0105tek spe\u0142niania si\u0119 znaku w roku 1914, 2- pomaza\u0144cy, kt\u00f3rzy \u017cyli wsp\u00f3\u0142cze\u015bnie z pierwsz\u0105 grup\u0105; niekt\u00f3rzy z nich do\u017cyj\u0105 wielkiego ucisku<\/td><td><\/td><\/tr><tr><td>Pomaza\u0144cy nie b\u0119d\u0105 \u017cy\u0107 po Armagedonie<\/td><td><\/td><td>2013<\/td><td>W wypadku namaszczonych chrze\u015bcijan, kt\u00f3rzy do\u017cyj\u0105 ko\u0144ca tego systemu rzeczy, ostateczne zebranie nast\u0105pi wtedy, gdy otrzymaj\u0105 oni nagrod\u0119 niebia\u0144sk\u0105.<\/td><td>w13 15.7 s. 5<\/td><\/tr><tr><td>Przypowie\u015b\u0107 o dziesi\u0119ciu dziewicach<\/td><td>Mt25:1-13<\/td><td>2015<\/td><td>Pro\u015bba o oliw\u0119 przypomina nam, \u017ce nikt nie mo\u017ce za nas by\u0107 wiernym ani czujnym. Wszyscy chrze\u015bcijanie pod\u0105\u017caj\u0105 w tym wzgl\u0119dzie za pomaza\u0144cami.<\/td><td>w15 15.3 ss. 13-16<\/td><\/tr><tr><td>Przypowie\u015b\u0107 o pszenicy i chwastach<\/td><td>Mt 13:24-30<\/td><td>2013<\/td><td>Jezus mia\u0142 zebra\u0107 spo\u015br\u00f3d ludzko\u015bci ca\u0142\u0105 klas\u0119 pszenicy \u2014 namaszczonych chrze\u015bcijan, kt\u00f3rzy b\u0119d\u0105 panowa\u0107 z nim w jego Kr\u00f3lestwie. Siew rozpocz\u0105\u0142 si\u0119 w dniu Pi\u0119\u0107dziesi\u0105tnicy 33 roku n.e. Zbi\u00f3r b\u0119dzie uko\u0144czony, gdy pomaza\u0144cy \u017cyj\u0105cy jeszcze u schy\u0142ku tego systemu rzeczy otrzymaj\u0105 ostateczne opiecz\u0119towanie, a p\u00f3\u017aniej zostan\u0105 zabrani do nieba.<\/td><td>w13 15.7 ss. 13,14<\/td><\/tr><tr><td>Przypowie\u015b\u0107 o talentach<\/td><td>Mt25:14-30<\/td><td>2015<\/td><td>Jezus nagrodzi swoich wiernych niewolnik\u00f3w namaszczonych duchem, gdy w przysz\u0142o\u015bci przyjdzie i zabierze ich do nieba. Jezus nie przepowiedzia\u0142, \u017ce cz\u0119\u015b\u0107 jego namaszczonych duchem na\u015bladowc\u00f3w utworzy jak\u0105\u015b klas\u0119 niegodziwego niewolnika. Ostrzeg\u0142 raczej swych na\u015bladowc\u00f3w przed tym, co by si\u0119 sta\u0142o, gdyby zacz\u0119li my\u015ble\u0107 i post\u0119powa\u0107 jak kto\u015b niegodziwy i gnu\u015bny.<\/td><td>w15 15.3 ss. 20-24<\/td><\/tr><tr><td>S\u0105dzenie \u201cowiec i k\u00f3z\u201d<\/td><td>Mat. 25:31-46<\/td><td>2013<\/td><td>W roku 1914 Jezus nie dzia\u0142a\u0142 jeszcze w charakterze S\u0119dziego. B\u0119dzie to gdy przyb\u0119dzie podczas wielkiego ucisku.<\/td><td>w 2013 1.07<\/td><\/tr><tr><td>S\u0142udzy\/niegodziwcy<\/td><td>Ps144:12-15<\/td><td>2018<\/td><td>S\u0142owa odnosz\u0105 si\u0119 do s\u0142ug Bo\u017cych. Pierwsze s\u0142owo w wer. 12 \u2013 \u2018aszer\u2019 mo\u017ce r\u00f3wnie\u017c oznacza\u0107 rezultat lub konsekwencj\u0119 \u2013 \u2018wtedy\u2019. Pasuje to do tre\u015bci ca\u0142ego psalmu oraz innych fragment\u00f3w Biblii.<\/td><td>w18 15.4 s.32<\/td><\/tr><tr><td>Szara\u0144cza<\/td><td>Joela 1:6; 2:7-9<\/td><td>2020<\/td><td>S\u0142owa te odnosz\u0105 si\u0119 nie do naszej dzia\u0142alno\u015bci kaznodziejskiej, ale do inwazji armii babilo\u0144skiej, kt\u00f3ra zdoby\u0142a Jerozolim\u0119 w&nbsp;607 roku p.n.e.<\/td><td>w20 15.4 s.2-7<\/td><\/tr><tr><td>\u015awi\u0105tynia duchowa<\/td><td>1Tes. 4:15-17 Hebr. 9:9 Hebr. 13:15<\/td><td>1971<\/td><td>\u015awi\u0105tynia duchowa nie mo\u017ce by\u0107 dopiero budowana i \u017ce namaszczeni chrze\u015bcijanie nie s\u0105 na ziemi kszta\u0142towani jako \u201ekamienie\u201d maj\u0105ce wej\u015b\u0107 w jej sk\u0142ad. Us\u0142uguj\u0105 natomiast na dziedzi\u0144cu i w Miejscu \u015awi\u0119tym duchowej \u015bwi\u0105tyni.<\/td><td><\/td><\/tr><tr><td>\u015awi\u0119to\u015b\u0107 krwi<\/td><td><\/td><td>1945<\/td><td>Wszyscy czciciele Jehowy, kt\u00f3rzy szukaj\u0105 \u017cycia wiecznego w nowym \u015bwiecie sprawiedliwo\u015bci, winni uzna\u0107 \u015bwi\u0119to\u015b\u0107 krwi<\/td><td>w 1.07.1945 pol-1.03.1947<\/td><\/tr><tr><td>Tr\u00f3jca<\/td><td><\/td><td>1882,1887<\/td><td>Odr\u0119bno\u015b\u0107 Jehowy i Jezusa<\/td><td><\/td><\/tr><tr><td>Trwa\u0142y fundament Bo\u017cy<\/td><td>2Ty2:19<\/td><td>2014<\/td><td>W Biblii wyraz \u201efundament\u201d bywa metafor\u0105 r\u00f3\u017cnych rzeczy, mi\u0119dzy innymi literalnej Jerozolimy jako stolicy staro\u017cytnego Izraela. Do fundamentu przyr\u00f3wnano r\u00f3wnie\u017c rol\u0119 Jezusa w zamierzeniu Jehowy. Dla tych, kt\u00f3rzy nale\u017c\u0105 do Jehowy, Jego warto\u015bci i zasady streszczaj\u0105 si\u0119 w dw\u00f3ch fundamentalnych prawdach: 1) Jehowa kocha tych, kt\u00f3rzy s\u0105 lojalni wobec Niego; 2) Jehowa nienawidzi nieprawo\u015bci.<\/td><td>w14 15.7 ss. 8,9,13<\/td><\/tr><tr><td>Uczestnictwo w ciele i krwi Jezusa<\/td><td>Ja 6:53-56<\/td><td>1986<\/td><td>Zar\u00f3wno ostatek, jak i \u201ewielka rzesza\u201d musz\u0105 w sensie obrazowym uczestniczy\u0107 w ciele i krwi Jezusa przez uznanie jego ofiary, by w ten spos\u00f3b pozostawa\u0107 z nim w jedno\u015bci;<\/td><td>w87\/19 16-17<\/td><\/tr><tr><td>U\u015bwi\u0119cenie imienia<\/td><td><\/td><td>1971 \u2013 1975<\/td><td>Wyrazu usprawiedliwienie u\u017cywa si\u0119 w odniesieniu do Jego zwierzchnictwa, natomiast o imieniu m\u00f3wi si\u0119, \u017ce zostanie u\u015bwi\u0119cone<\/td><td><\/td><\/tr><tr><td>Wielka rzesza<\/td><td>Ob 7:9-17<\/td><td>1935<\/td><td>Osoby maj\u0105ce nadziej\u0119 ocale\u0107 z \u201cwielkiego ucisku\u201d i \u017cy\u0107 wiecznie na ziemi. Otworzy\u0142o to oczy na dzie\u0142o zgromadzania.<\/td><td>w 1.08.1935<\/td><\/tr><tr><td>Wielki ucisk<\/td><td><\/td><td>2013<\/td><td>Pierwsza faza wielkiego ucisku nie rozpocz\u0119\u0142a si\u0119 w roku 1914. Wydarzenia rozgrywaj\u0105ce si\u0119 od roku 1914 nie by\u0142y pocz\u0105tkiem wielkiego ucisku, lecz \u201epocz\u0105tkiem dr\u0119cz\u0105cych bole\u015bci\u201d. S\u0142owa o \u201bstaniu w miejscu \u015bwi\u0119tym\u2019 spe\u0142ni\u0105 si\u0119 na wi\u0119ksz\u0105 skal\u0119, gdy Organizacja Narod\u00f3w Zjednoczonych (wsp\u00f3\u0142czesna \u201eobrzydliwo\u015b\u0107\u201d) zaatakuje chrze\u015bcija\u0144stwo i reszt\u0119 Babilonu Wielkiego.<\/td><td>w13 15.7 s. 3-8<\/td><\/tr><tr><td>Wizja \u015bwi\u0105tyni<\/td><td>Ez 40-48<\/td><td>1998<\/td><td>W wizji na dziedzi\u0144cach kap\u0142ani (namaszczeni duchem) us\u0142uguj\u0105 plemionom niekap\u0142a\u0144skim. Spe\u0142nienie dotyczy naszych czas\u00f3w, gdy niekt\u00f3rzy pomaza\u0144cy wci\u0105\u017c jeszcze przebywaj\u0105 na ziemi.<\/td><td>w 99 1.03<\/td><\/tr><tr><td>W\u0142adze zwierzchnie<\/td><td><\/td><td>1929<\/td><td>Jehowa I Jezus<\/td><td><\/td><\/tr><tr><td>Wszystkie owe kr\u00f3lestwa<\/td><td>Da2:44<\/td><td>2012<\/td><td>Ca\u0142y szata\u0144ski system polityczny \u2013 ziemscy kr\u00f3lowie, nie maj\u0105cy przyst\u0119pu do rz\u0105du w niebie.<\/td><td>w12 15.6 s. 17<\/td><\/tr><tr><td>Zakwas<\/td><td>Mat. 13:33<\/td><td>2008<\/td><td>W Biblii zakwas cz\u0119sto symbolizuje grzech. Jezus nie powiedzia\u0142, \u017ce od zakwasu ca\u0142a m\u0105ka si\u0119 zepsu\u0142a. Nawi\u0105za\u0142 do normalnego sposobu wyrabiania chleba. Zakwas zosta\u0142 ukryty w m\u0105ce. A zatem proces zakwaszania ciasta by\u0142 niewidoczny dla oczu gospodyni. Zakwas w ko\u0144cu zakwasza ca\u0142e ciasto.<\/td><td>w 2008 15.07<\/td><\/tr><tr><td>Zawieranie ma\u0142\u017ce\u0144stw po zmartwychwst.<\/td><td>\u0141u20:34-36<\/td><td>2014<\/td><td>Czy wskrzeszeni b\u0119d\u0105 zawiera\u0107 zwi\u0105zki ma\u0142\u017ce\u0144skie? Nie mo\u017cemy tego jednoznacznie okre\u015bli\u0107. Ca\u0142kiem mo\u017cliwe jednak, \u017ce Jezusowi chodzi\u0142o o zmartwychwstanie niebia\u0144skie. Jego s\u0142owa nie wyja\u015bniaj\u0105 kwestii, czy w nowym \u015bwiecie wskrzeszeni \u017cyj\u0105cy na ziemi b\u0119d\u0105 mieli mo\u017cliwo\u015b\u0107 wst\u0119powa\u0107 w zwi\u0105zki ma\u0142\u017ce\u0144skie.<\/td><td>w14 15.8 ss. 29,30<\/td><\/tr><tr><td>Zbieranie wybranych<\/td><td>Mt 24:31; Mr13:27<\/td><td>2013<\/td><td>Wszyscy pomaza\u0144cy, kt\u00f3rzy wci\u0105\u017c b\u0119d\u0105 na ziemi po pocz\u0105tkowej fazie wielkiego ucisku, zostan\u0105 zabrani do nieba w jakim\u015b momencie przed wybuchem Armagedonu. Wszyscy wierni pomaza\u0144cy \u017cyj\u0105cy jeszcze na ziemi po pocz\u0105tkowej fazie wielkiego ucisku b\u0119d\u0105 ju\u017c ostatecznie opiecz\u0119towani. Wtedy, jak na to wskazuje proroctwo Jezusa, zostan\u0105 zebrani w niebie (Mat. 24:31). To tam pomaza\u0144cy b\u0119d\u0105 \u015bwieci\u0107 \u201ew kr\u00f3lestwie ich Ojca\u201d<\/td><td>w13 15.7 s. 5<\/td><\/tr><tr><td>Zmartwychwastanie ziemskie<\/td><td>Ja5:28,29<\/td><td>1965<\/td><td>Uzyskano lepsze zrozumienie co do zmartwychwstania ziemskiego oraz kto mo\u017ce z niego odnie\u015b\u0107 po\u017cytek<\/td><td><\/td><\/tr><tr><td>Znaczenie imienia Jehowa<\/td><td><\/td><td>2013<\/td><td>Imi\u0119 to pochodzi od hebrajskiego czasownika \u05d4\u05d5\u05d4 (hwh), kt\u00f3ry oznacza \u201estawa\u0107 si\u0119\u201d. Imi\u0119 Boga znaczy: \u201eOn powoduje, \u017ce si\u0119 staje\u201d. On w ka\u017cdej sytuacji staje si\u0119 tym, kim trzeba, \u017ceby zrealizowa\u0107 swoje zamierzenie. Wskazuje te\u017c, \u017ce Jehowa w celu realizacji swego zamierzenia powoduje, i\u017c Jego dzie\u0142o stw\u00f3rcze staje si\u0119, czymkolwiek trzeba, lub wykonuje, cokolwiek trzeba.<\/td><td>sgd s.5 Pomoc do studium S\u0142owa Bo\u017cego (2014)<\/td><\/tr><tr><td>\u017bniwo<\/td><td><\/td><td>1918<\/td><td>Pocz\u0105tek zbierania pok\u0142osia<\/td><td><\/td><\/tr><tr><td>\u017bycie w niebie<\/td><td>Rz 8:16, 17 Dz 2:1-4<\/td><td>2007<\/td><td>Niekt\u00f3rzy chrze\u015bcijanie ochrzczeni po roku 1935 otrzymali \u015bwiadectwo ducha, \u017ce maj\u0105 nadziej\u0119 niebia\u0144sk\u0105. Nie mo\u017cna wi\u0119c ustali\u0107 konkretnej daty, kiedy B\u00f3g przestanie powo\u0142ywa\u0107 chrze\u015bcijan do \u017cycia w niebie.<\/td><td>w 2007 1.05<\/td><\/tr><\/tbody><\/table><\/figure>\n","protected":false},"excerpt":{"rendered":"<p>Poj\u0119cie Miejsce w P\u015a. Data zm. Nowa interpretacja oraz gdzie opisano \u0179r\u00f3d\u0142o 144000 1880 nie tylko \u017bydzi kr 51 Armagedon Ob 16:14-16 1926 Wojna Bo\u017ca Asyryjczyk przyjdzie do naszej ziemi Mich5:5 2013 Nowo\u017cytny \u201eAsyryjczyk\u201d (\u201bGog z Magog\u2019, \u201ekr\u00f3l p\u00f3\u0142nocy\u201d) zagrozi istnieniu ludu Bo\u017cego. Jehowa b\u0119dzie walczy\u0142 za sw\u00f3j lud! Pasterze i ksi\u0105\u017c\u0119ta w tej niecodziennej [&hellip;]<\/p>\n","protected":false},"author":1,"featured_media":0,"parent":17,"menu_order":0,"comment_status":"closed","ping_status":"closed","template":"","meta":{"ngg_post_thumbnail":0,"footnotes":""},"class_list":["post-904","page","type-page","status-publish","hentry"],"_links":{"self":[{"href":"https:\/\/leda158.eu\/index.php?rest_route=\/wp\/v2\/pages\/904","targetHints":{"allow":["GET"]}}],"collection":[{"href":"https:\/\/leda158.eu\/index.php?rest_route=\/wp\/v2\/pages"}],"about":[{"href":"https:\/\/leda158.eu\/index.php?rest_route=\/wp\/v2\/types\/page"}],"author":[{"embeddable":true,"href":"https:\/\/leda158.eu\/index.php?rest_route=\/wp\/v2\/users\/1"}],"replies":[{"embeddable":true,"href":"https:\/\/leda158.eu\/index.php?rest_route=%2Fwp%2Fv2%2Fcomments&post=904"}],"version-history":[{"count":1,"href":"https:\/\/leda158.eu\/index.php?rest_route=\/wp\/v2\/pages\/904\/revisions"}],"predecessor-version":[{"id":905,"href":"https:\/\/leda158.eu\/index.php?rest_route=\/wp\/v2\/pages\/904\/revisions\/905"}],"up":[{"embeddable":true,"href":"https:\/\/leda158.eu\/index.php?rest_route=\/wp\/v2\/pages\/17"}],"wp:attachment":[{"href":"https:\/\/leda158.eu\/index.php?rest_route=%2Fwp%2Fv2%2Fmedia&parent=904"}],"curies":[{"name":"wp","href":"https:\/\/api.w.org\/{rel}","templated":true}]}}