{"id":902,"date":"2023-03-14T09:31:50","date_gmt":"2023-03-14T08:31:50","guid":{"rendered":"https:\/\/leda158.eu\/?page_id=902"},"modified":"2023-03-14T09:33:57","modified_gmt":"2023-03-14T08:33:57","slug":"interpretacje-organizacyjne","status":"publish","type":"page","link":"https:\/\/leda158.eu\/?page_id=902","title":{"rendered":"Interpretacje organizacyjne"},"content":{"rendered":"\n<figure class=\"wp-block-table\"><table><tbody><tr><td><strong>Poj\u0119cie<\/strong><\/td><td><strong>Miejsce w P\u015a.<\/strong><\/td><td><strong>Data zm.<\/strong><\/td><td><strong>Nowa interpretacja oraz gdzie opisano<\/strong><\/td><td><strong>\u0179r\u00f3d\u0142o<\/strong><\/td><\/tr><tr><td>Autorzy publikacji<\/td><td><\/td><td>1942<\/td><td>Obowi\u0105zuje og\u00f3lna zasada, by w literaturze Towarzystwa Stra\u017cnica nie kierowa\u0107 uwagi na \u017cadnego indywidualnego redaktora<\/td><td><\/td><\/tr><tr><td>Biblia<\/td><td><\/td><td>1947-1960<\/td><td>Przek\u0142ad Nowego \u015awiata<\/td><td><\/td><\/tr><tr><td>Bro\u0144 palna<\/td><td><\/td><td>1983<\/td><td>W 83 15.07<\/td><td><\/td><\/tr><tr><td>G\u0142oszenie<\/td><td>Mat. 24:14<\/td><td>1919<\/td><td>W roku 1919 duchowi Izraelici odwa\u017cnie podj\u0119li dzia\u0142alno\u015b\u0107 g\u0142oszenia dobrej nowiny o Kr\u00f3lestwie po ca\u0142ym \u015bwiecie na \u015bwiadectwo<\/td><td><\/td><\/tr><tr><td>Kiedy ustanowienie niewolnika nad ca\u0142ym mieniem<\/td><td>Mat. 24:30, 42, 44 Mat. 24:45-47<\/td><td>2013<\/td><td>Jezus zrobi to w trakcie wielkiego ucisku.<\/td><td>w 2013 1.07<\/td><\/tr><tr><td>Kierowanie w zborze<\/td><td><\/td><td>1971<\/td><td>Grono starszych nadzorc\u00f3w<\/td><td><\/td><\/tr><tr><td>Komitet s\u0142u\u017cby<\/td><td><\/td><td>1932<\/td><td>Zaprzestano wybierania starszych i diakon\u00f3w, a zamiast nich powo\u0142a\u0107 komitet s\u0142u\u017cby z\u0142o\u017cony z duchowo usposobionych m\u0119\u017cczyzn uczestnicz\u0105cych w publicznym g\u0142oszeniu<\/td><td><\/td><\/tr><tr><td>Komitety<\/td><td><\/td><td>1976<\/td><td>Od 1.01 1976 roku, w Ciele Kierowniczym zacz\u0119\u0142o funkcjonowa\u0107 sze\u015b\u0107 komitet\u00f3w, kt\u00f3rym powierzono nadz\u00f3r nad dzia\u0142alno\u015bci\u0105 ca\u0142ej organizacji i wszystkich zbor\u00f3w<\/td><td><\/td><\/tr><tr><td>Ksi\u0105\u017c\u0119ta<\/td><td>Iz32:1,2<\/td><td>1950<\/td><td>M\u0119\u017cowie wiary i zaufania, wyst\u0119puj\u0105cy w charakterze ksi\u0105\u017c\u0105t. Pierwsi \u201eksi\u0105\u017c\u0119ta\u201d Kr\u00f3la, us\u0142uguj\u0105cy w charakterze jego ziemskich przedstawicieli, b\u0119d\u0105 si\u0119 wywodzi\u0107 z \u201ewielkiej rzeszy\u201d, kt\u00f3ra prze\u017cyje \u201ewielki ucisk\u201d.<\/td><td><\/td><\/tr><tr><td>Kto wchodzi w sk\u0142ad czeladzi<\/td><td><\/td><td>2013-07-15<\/td><td>Ci, kt\u00f3rzy s\u0105 karmieni. Na pocz\u0105tku z powo\u0142aniem niebia\u0144skim. P\u00f3\u017aniej nale\u017c\u0105cy do wielkiej rzeszy drugich owiec. Tak\u017ce z Cia\u0142a Kierowniczego jako jednostki.<\/td><td>w 2013 1.07<\/td><\/tr><tr><td>Mianowanie starszych i s\u0142ug pomocn.<\/td><td><\/td><td>2014<\/td><td>Ka\u017cdy NO starannie analizuje zalecenia ze swego obwodu. W trakcie wizyty w danym zborze stara si\u0119 pozna\u0107 kandydat\u00f3w do zamianowania, w miar\u0119 mo\u017cliwo\u015bci wsp\u00f3\u0142pracuj\u0105c z nimi w s\u0142u\u017cbie kaznodziejskiej. Po om\u00f3wieniu zalece\u0144 z miejscowym gronem starszych nadzorca obwodu mianuje starszych i s\u0142ug pomocniczych w danym zborze.<\/td><td>w14 15.11 ss. 28,29<\/td><\/tr><tr><td>Nakrywanie g\u0142owy przez siostry<\/td><td>1 Kor. 11:5, 6, 10<\/td><td>2015<\/td><td>Je\u015bli siostrze, kt\u00f3ra prowadzi regularnie odbywaj\u0105ce si\u0119 studium biblijne, towarzyszy ochrzczony g\u0142osiciel, niew\u0105tpliwie zechce ona nakry\u0107 g\u0142ow\u0119. W ten spos\u00f3b oka\u017ce szacunek postanowieniu Jehowy co do sprawowania zwierzchnictwa w zborze chrze\u015bcija\u0144skim, poniewa\u017c wykonuje zadanie, kt\u00f3rym normalnie zaj\u0105\u0142by si\u0119 brat. Kiedy na regularnie prowadzonym studium chrze\u015bcijance towarzyszy nieochrzczony g\u0142osiciel, kt\u00f3ry nie jest jej m\u0119\u017cem, nie ma ona biblijnego obowi\u0105zku noszenia nakrycia g\u0142owy.<\/td><td>w15 15.2 s. 30<\/td><\/tr><tr><td>Neutralno\u015b\u0107<\/td><td>Mich 4:3, 5Ja17:14,16 Mt26:52<\/td><td>1939<\/td><td>Chrze\u015bcijanom nie wolno anga\u017cowa\u0107 si\u0119 w sprawy polityczne ani konflikty mi\u0119dzy pa\u0144stwami.<\/td><td>w 1.11.1939<\/td><\/tr><tr><td>Niewolnik wierny i roztropny<\/td><td>Mt 24:45-47<\/td><td>1927<\/td><td>s\u0142uga zbiorowy \u2013 namaszczeni duchem; w. 15.02.1927; Wyuczeni przez Pana\u201d<\/td><td>w.1.11.1931<\/td><\/tr><tr><td>Niewolnik wierny i roztropny<\/td><td>Mat. 24:45-47<\/td><td>2013<\/td><td>Niewielka grupa namaszczonych braci, kt\u00f3rzy s\u0105 bezpo\u015brednio zaanga\u017cowani w przygotowywanie i udost\u0119pnianie pokarmu duchowego podczas obecno\u015bci Chrystusa. Obecnie tworz\u0105 oni Cia\u0142o Kierownicze<\/td><td>W 2013 1.07; w13 15.7 ss.8, 20-25<\/td><\/tr><tr><td>Papierosy<\/td><td>2Kor 7:1 1Kor 10:31<\/td><td>1973<\/td><td>uznano palenie tytoniu za \u201eskalanie cia\u0142a\u201d, stanowi\u0105ce powa\u017cny grzech<\/td><td><\/td><\/tr><tr><td>Patriotyzm<\/td><td>2Mo 20:3-7 \u0141u 20:25<\/td><td>1935-06-03<\/td><td>Pozdrawianie sztandaru jest ba\u0142wochwalstwem;<\/td><td>br. Lojalno\u015b\u0107 &#8211; 1935<\/td><\/tr><tr><td>Pomoc niewolnikowi<\/td><td>Jana 10:16; Ezdrasza 2:58<\/td><td>1992<\/td><td>Do pomocy \u201eniewolnikowi wiernemu i roztropnemu\u201d skierowano niekt\u00f3rych z grona \u201edrugich owiec\u201d<\/td><td><\/td><\/tr><tr><td>Przek\u0142ad NW<\/td><td><\/td><td>1950<\/td><td>Opublikowano po angielsku Chrze\u015bcija\u0144skie Pisma Greckie w Przek\u0142adzie Nowego \u015awiata<\/td><td><\/td><\/tr><tr><td>Przewodnictwo<\/td><td><\/td><td>1972<\/td><td>Spos\u00f3b sprawowania przewodnictwa &#8211; we wszystkich zborach \u015awiadk\u00f3w Jehowy na ca\u0142ym \u015bwiecie nadz\u00f3r powierzono gronom starszych<\/td><td><\/td><\/tr><tr><td>Przyw\u00f3dcy chrze\u015bcija\u0144stwa<\/td><td><\/td><td>1917<\/td><td>Zdemaskowano religijnych i politycznych przyw\u00f3dc\u00f3w chrze\u015bcija\u0144stwa Dokonana tajemnica<\/td><td><\/td><\/tr><tr><td>\u015awiadkowie Jehowy<\/td><td>Iz 43:10,12<\/td><td>1931<\/td><td>Przyj\u0119to now\u0105 nazw\u0119: \u015awiadkowie Jehowy J.F.Rutherford \u2013 zgromadzenie w Columbus 26.07.1931<\/td><td><\/td><\/tr><tr><td>Us\u0142ugiwanie<\/td><td>1Ty3:1-7 5:22 Tyt1:5-7<\/td><td>1938<\/td><td>Zamianowani \u2013 powo\u0142ywani w spos\u00f3b teokratyczny a nie demokratyczny<\/td><td>w 1.06.1938 i w 15.06.1938<\/td><\/tr><tr><td>W\u0142adze zwierzchnie<\/td><td>Rz13:1; Tyt 3:1,2; 1Pi 2:13,17<\/td><td>1962<\/td><td>Rz\u0105dy ludzkie, kt\u00f3rym chrze\u015bcijanie winni si\u0119 warunkowo podporz\u0105dkowa\u0107 (Dz 5:29) Przek\u0142ad N\u015a<\/td><td><\/td><\/tr><tr><td>Z\u0142y niewolnik<\/td><td>Mt24:48-51<\/td><td>2013<\/td><td>Niekt\u00f3re jednostki demonstruj\u0105 nastawienie podobne do nastawienia z\u0142ego niewolnika opisanego przez Jezusa. Zwykli\u015bmy je okre\u015bla\u0107 mianem odst\u0119pc\u00f3w bez wzgl\u0119du na to, czy nale\u017ca\u0142y wcze\u015bniej do pomaza\u0144c\u00f3w, czy te\u017c do \u201ewielkiej rzeszy\u201d. Nie tworz\u0105 one \u017cadnej klasy z\u0142ego niewolnika.<\/td><td>w13 15.7 s. 24<\/td><\/tr><tr><td>Zwierzchnictwo<\/td><td><\/td><td>1941<\/td><td>Rzucone przez Szatana wyzwanie dotyczy g\u0142\u00f3wnie kwestii prawowito\u015bci wszech\u015bwiatowego zwierzchnictwa Jehowy.<\/td><td><\/td><\/tr><\/tbody><\/table><\/figure>\n","protected":false},"excerpt":{"rendered":"<p>Poj\u0119cie Miejsce w P\u015a. Data zm. Nowa interpretacja oraz gdzie opisano \u0179r\u00f3d\u0142o Autorzy publikacji 1942 Obowi\u0105zuje og\u00f3lna zasada, by w literaturze Towarzystwa Stra\u017cnica nie kierowa\u0107 uwagi na \u017cadnego indywidualnego redaktora Biblia 1947-1960 Przek\u0142ad Nowego \u015awiata Bro\u0144 palna 1983 W 83 15.07 G\u0142oszenie Mat. 24:14 1919 W roku 1919 duchowi Izraelici odwa\u017cnie podj\u0119li dzia\u0142alno\u015b\u0107 g\u0142oszenia dobrej [&hellip;]<\/p>\n","protected":false},"author":1,"featured_media":0,"parent":17,"menu_order":0,"comment_status":"closed","ping_status":"closed","template":"","meta":{"ngg_post_thumbnail":0,"footnotes":""},"class_list":["post-902","page","type-page","status-publish","hentry"],"_links":{"self":[{"href":"https:\/\/leda158.eu\/index.php?rest_route=\/wp\/v2\/pages\/902","targetHints":{"allow":["GET"]}}],"collection":[{"href":"https:\/\/leda158.eu\/index.php?rest_route=\/wp\/v2\/pages"}],"about":[{"href":"https:\/\/leda158.eu\/index.php?rest_route=\/wp\/v2\/types\/page"}],"author":[{"embeddable":true,"href":"https:\/\/leda158.eu\/index.php?rest_route=\/wp\/v2\/users\/1"}],"replies":[{"embeddable":true,"href":"https:\/\/leda158.eu\/index.php?rest_route=%2Fwp%2Fv2%2Fcomments&post=902"}],"version-history":[{"count":1,"href":"https:\/\/leda158.eu\/index.php?rest_route=\/wp\/v2\/pages\/902\/revisions"}],"predecessor-version":[{"id":903,"href":"https:\/\/leda158.eu\/index.php?rest_route=\/wp\/v2\/pages\/902\/revisions\/903"}],"up":[{"embeddable":true,"href":"https:\/\/leda158.eu\/index.php?rest_route=\/wp\/v2\/pages\/17"}],"wp:attachment":[{"href":"https:\/\/leda158.eu\/index.php?rest_route=%2Fwp%2Fv2%2Fmedia&parent=902"}],"curies":[{"name":"wp","href":"https:\/\/api.w.org\/{rel}","templated":true}]}}