{"id":838,"date":"2023-02-10T17:46:10","date_gmt":"2023-02-10T16:46:10","guid":{"rendered":"https:\/\/leda158.eu\/?page_id=838"},"modified":"2023-02-10T17:53:20","modified_gmt":"2023-02-10T16:53:20","slug":"majewscy","status":"publish","type":"page","link":"https:\/\/leda158.eu\/?page_id=838","title":{"rendered":"Majewscy"},"content":{"rendered":"\n<p>Micha\u0142 ich znalaz\u0142. Teraz mieszkaj\u0105 w Olsztynie, Tr\u00f3jmie\u015bcie i w Anglii.<\/p>\n\n\n\n<figure class=\"wp-block-image size-full\"><img loading=\"lazy\" decoding=\"async\" width=\"1024\" height=\"675\" src=\"https:\/\/leda158.eu\/wp-content\/uploads\/2023\/02\/Seniorzy-z-Monia.jpg\" alt=\"\" class=\"wp-image-841\" srcset=\"https:\/\/leda158.eu\/wp-content\/uploads\/2023\/02\/Seniorzy-z-Monia.jpg 1024w, https:\/\/leda158.eu\/wp-content\/uploads\/2023\/02\/Seniorzy-z-Monia-300x198.jpg 300w, https:\/\/leda158.eu\/wp-content\/uploads\/2023\/02\/Seniorzy-z-Monia-768x506.jpg 768w\" sizes=\"auto, (max-width: 1024px) 100vw, 1024px\" \/><figcaption class=\"wp-element-caption\">Seniorzy &#8211; Zosia i Janek Majewscy z Moni\u0105<\/figcaption><\/figure>\n\n\n\n<figure class=\"wp-block-image size-full\"><img loading=\"lazy\" decoding=\"async\" width=\"1024\" height=\"758\" src=\"https:\/\/leda158.eu\/wp-content\/uploads\/2023\/02\/Rodzinka.jpg\" alt=\"\" class=\"wp-image-842\" srcset=\"https:\/\/leda158.eu\/wp-content\/uploads\/2023\/02\/Rodzinka.jpg 1024w, https:\/\/leda158.eu\/wp-content\/uploads\/2023\/02\/Rodzinka-300x222.jpg 300w, https:\/\/leda158.eu\/wp-content\/uploads\/2023\/02\/Rodzinka-768x569.jpg 768w\" sizes=\"auto, (max-width: 1024px) 100vw, 1024px\" \/><figcaption class=\"wp-element-caption\">Prawie ca\u0142a rodzinka<\/figcaption><\/figure>\n\n\n\n<figure class=\"wp-block-image size-full\"><img loading=\"lazy\" decoding=\"async\" width=\"1024\" height=\"653\" src=\"https:\/\/leda158.eu\/wp-content\/uploads\/2023\/02\/Mile-buzie.jpg\" alt=\"\" class=\"wp-image-843\" srcset=\"https:\/\/leda158.eu\/wp-content\/uploads\/2023\/02\/Mile-buzie.jpg 1024w, https:\/\/leda158.eu\/wp-content\/uploads\/2023\/02\/Mile-buzie-300x191.jpg 300w, https:\/\/leda158.eu\/wp-content\/uploads\/2023\/02\/Mile-buzie-768x490.jpg 768w\" sizes=\"auto, (max-width: 1024px) 100vw, 1024px\" \/><figcaption class=\"wp-element-caption\">Mi\u0142e buzie<\/figcaption><\/figure>\n\n\n\n<div class=\"wp-block-columns is-layout-flex wp-container-core-columns-is-layout-28f84493 wp-block-columns-is-layout-flex\">\n<div class=\"wp-block-column is-layout-flow wp-block-column-is-layout-flow\">\n<figure class=\"wp-block-image size-full\"><img loading=\"lazy\" decoding=\"async\" width=\"587\" height=\"800\" src=\"https:\/\/leda158.eu\/wp-content\/uploads\/2023\/02\/Monia-i-Alex.jpeg\" alt=\"\" class=\"wp-image-844\" srcset=\"https:\/\/leda158.eu\/wp-content\/uploads\/2023\/02\/Monia-i-Alex.jpeg 587w, https:\/\/leda158.eu\/wp-content\/uploads\/2023\/02\/Monia-i-Alex-220x300.jpeg 220w\" sizes=\"auto, (max-width: 587px) 100vw, 587px\" \/><figcaption class=\"wp-element-caption\">Monia a obok dziadek &#8211; oczywi\u015bcie z Alexem<\/figcaption><\/figure>\n<\/div>\n\n\n\n<div class=\"wp-block-column is-layout-flow wp-block-column-is-layout-flow\">\n<figure class=\"wp-block-image size-full\"><img loading=\"lazy\" decoding=\"async\" width=\"533\" height=\"800\" src=\"https:\/\/leda158.eu\/wp-content\/uploads\/2023\/02\/Dziadek-i-Alex.jpg\" alt=\"\" class=\"wp-image-845\" srcset=\"https:\/\/leda158.eu\/wp-content\/uploads\/2023\/02\/Dziadek-i-Alex.jpg 533w, https:\/\/leda158.eu\/wp-content\/uploads\/2023\/02\/Dziadek-i-Alex-200x300.jpg 200w\" sizes=\"auto, (max-width: 533px) 100vw, 533px\" \/><\/figure>\n<\/div>\n<\/div>\n\n\n\n<figure class=\"wp-block-image size-full\"><img loading=\"lazy\" decoding=\"async\" width=\"1024\" height=\"694\" src=\"https:\/\/leda158.eu\/wp-content\/uploads\/2023\/02\/Alex.jpg\" alt=\"\" class=\"wp-image-846\" srcset=\"https:\/\/leda158.eu\/wp-content\/uploads\/2023\/02\/Alex.jpg 1024w, https:\/\/leda158.eu\/wp-content\/uploads\/2023\/02\/Alex-300x203.jpg 300w, https:\/\/leda158.eu\/wp-content\/uploads\/2023\/02\/Alex-768x521.jpg 768w\" sizes=\"auto, (max-width: 1024px) 100vw, 1024px\" \/><figcaption class=\"wp-element-caption\">Oczko w g\u0142owie dziadk\u00f3w<\/figcaption><\/figure>\n","protected":false},"excerpt":{"rendered":"<p>Micha\u0142 ich znalaz\u0142. Teraz mieszkaj\u0105 w Olsztynie, Tr\u00f3jmie\u015bcie i w Anglii.<\/p>\n","protected":false},"author":1,"featured_media":0,"parent":40,"menu_order":0,"comment_status":"closed","ping_status":"closed","template":"","meta":{"ngg_post_thumbnail":0,"footnotes":""},"class_list":["post-838","page","type-page","status-publish","hentry"],"_links":{"self":[{"href":"https:\/\/leda158.eu\/index.php?rest_route=\/wp\/v2\/pages\/838","targetHints":{"allow":["GET"]}}],"collection":[{"href":"https:\/\/leda158.eu\/index.php?rest_route=\/wp\/v2\/pages"}],"about":[{"href":"https:\/\/leda158.eu\/index.php?rest_route=\/wp\/v2\/types\/page"}],"author":[{"embeddable":true,"href":"https:\/\/leda158.eu\/index.php?rest_route=\/wp\/v2\/users\/1"}],"replies":[{"embeddable":true,"href":"https:\/\/leda158.eu\/index.php?rest_route=%2Fwp%2Fv2%2Fcomments&post=838"}],"version-history":[{"count":3,"href":"https:\/\/leda158.eu\/index.php?rest_route=\/wp\/v2\/pages\/838\/revisions"}],"predecessor-version":[{"id":847,"href":"https:\/\/leda158.eu\/index.php?rest_route=\/wp\/v2\/pages\/838\/revisions\/847"}],"up":[{"embeddable":true,"href":"https:\/\/leda158.eu\/index.php?rest_route=\/wp\/v2\/pages\/40"}],"wp:attachment":[{"href":"https:\/\/leda158.eu\/index.php?rest_route=%2Fwp%2Fv2%2Fmedia&parent=838"}],"curies":[{"name":"wp","href":"https:\/\/api.w.org\/{rel}","templated":true}]}}