{"id":761,"date":"2023-01-31T12:29:58","date_gmt":"2023-01-31T11:29:58","guid":{"rendered":"https:\/\/leda158.eu\/?page_id=761"},"modified":"2023-01-31T13:03:16","modified_gmt":"2023-01-31T12:03:16","slug":"dokumenty","status":"publish","type":"page","link":"https:\/\/leda158.eu\/?page_id=761","title":{"rendered":"Dokumenty"},"content":{"rendered":"\n<p><strong>Pomoc w powstrzymywaniu si\u0119 od krwi<\/strong><\/p>\n\n\n\n<p>Komentarz:<\/p>\n\n\n\n<p>Frakcje krwi to jej drobne komponenty, kt\u00f3re wyodr\u0119bnia si\u0119 w procesie zwanym frakcjonowaniem. Podobnie jest z osoczem z kt\u00f3rego mo\u017cna otrzyma\u0107: wod\u0119, bia\u0142ka: albuminy, globuliny i fibrynogen, oraz inne substancje takie jak substancje od\u017cywcze, hormony, gazy, witaminy, produkty przemiany materii i elektrolity. Kt\u00f3r\u0105\u015b z frakcji lekarz zaleca czasem w ramach terapii. Frakcje spe\u0142niaj\u0105 r\u00f3\u017cne funkcje np. do tamowania krwawienia, zapewnienia r\u00f3wnowagi w uk\u0142adzie kr\u0105\u017cenia, chroni\u0105 przed infekcj\u0105, oparzeniami, transportuj\u0105 tlen, chroni\u0105 p\u0142\u00f3d i inne.<\/p>\n\n\n\n<p><strong>Uwaga:<\/strong> Wiele frakcji otrzymuje si\u0119 z krwi oddanej przez dawc\u00f3w w celach medycznych. W sk\u0142ad niekt\u00f3rych preparat\u00f3w wchodz\u0105 r\u00f3wnie\u017c frakcje krwi zwierz\u0119cej.<\/p>\n\n\n\n<p>Czy nakaz powstrzymywania si\u0119 od krwi dotyczy te\u017c jej frakcji?<br>Ka\u017cdy chrze\u015bcijanin musi starannie przemy\u015ble\u0107, czy wyrazi zgod\u0119 na leczenie tymi substancjami.<\/p>\n\n\n\n<p>Odpowiedz sobie na takie pytania:<br>Czy mam \u015bwiadomo\u015b\u0107, \u017ce je\u015bli odmawiam przyj\u0119cia wszelkich frakcji krwi, to automatycznie nie zgadzam si\u0119 te\u017c na stosowanie pewnych lek\u00f3w, na przyk\u0142ad zwalczaj\u0105cych zaka\u017cenia wirusowe i bakteryjne oraz u\u0142atwiaj\u0105cych krzepni\u0119cie krwi w razie krwawienia?<\/p>\n\n\n\n<p>Czy potrafi\u0142bym wyja\u015bni\u0107 lekarzowi, dlaczego odrzucam albo akceptuj\u0119 leczenie okre\u015blonymi frakcjami krwi?<\/p>\n\n\n\n<p>Do frakcji nale\u017c\u0105 np albuminy. To bia\u0142ko proste osocza. Powstaje w w\u0105trobie i pomaga w zachowywaniu sta\u0142ej obj\u0119to\u015bci osocza (r\u00f3wnowag\u0119 w uk\u0142adzie kr\u0105\u017cenia). Albuminy wyodr\u0119bniane z krwi stanowi\u0105 niekiedy sk\u0142adnik p\u0142yn\u00f3w zwi\u0119kszaj\u0105cych obj\u0119to\u015b\u0107 krwi kr\u0105\u017c\u0105cej, kt\u00f3re stosuje si\u0119 w leczeniu wstrz\u0105su i ci\u0119\u017ckich oparze\u0144. Nieznaczne ich ilo\u015bci znajduj\u0105 si\u0119 w wielu preparatach, mi\u0119dzy innymi wchodz\u0105 w sk\u0142ad niekt\u00f3rych preparat\u00f3w erytropoetyny (EPO).<\/p>\n\n\n\n<p>Inn\u0105 frakcj\u0105 s\u0105 no\u015bniki tlenu na bazie hemoglobiny \u2013 HBOC.<br>HBOC to przetworzona hemoglobina uzyskana z krwinek ludzkich albo zwierz\u0119cych. Nast\u0119puje odfiltrowanie zanieczyszcze\u0144, chemiczne zmodyfikowanie i oczyszczenie, oraz po\u0142\u0105czenie z pewnym roztworem. Produkt ko\u0144cowy to no\u015bniki tlenu na bazie hemoglobiny (angielski skr\u00f3t HBOC). Poniewa\u017c hem odpowiada za intensywn\u0105 czerwie\u0144 krwi, jednostka HBOC wygl\u0105da tak jak jednostka krwinek czerwonych \u2014 podstawowego sk\u0142adnika, z kt\u00f3rego pochodzi. HBOC mo\u017cna przechowywa\u0107 w temperaturze pokojowej. HBOC nie zawieraj\u0105 b\u0142ony kom\u00f3rkowej z jej specyficznymi antygenami, nie istnieje niebezpiecze\u0144stwo wyst\u0105pienia gro\u017anych reakcji na skutek b\u0142\u0119dnego dobrania grupy krwi.<\/p>\n\n\n\n<p>Dop\u00f3ki HBOC uzyskuje si\u0119 z krwi, mo\u017cna wysun\u0105\u0107 dwa zastrze\u017cenia.<br>HBOC spe\u0142niaj\u0105 kluczow\u0105 funkcj\u0119 g\u0142\u00f3wnego sk\u0142adnika krwi \u2014 krwinek czerwonych.<br>Hemoglobina, na bazie kt\u00f3rej wytwarzane s\u0105 HBOC, stanowi zasadniczy sk\u0142adnik krwinek czerwonych.<\/p>\n\n\n\n<p>Zabiegi medyczne z wykorzystaniem twojej w\u0142asnej krwi. Opisane zabiegi mog\u0105 by\u0107 przeprowadzane w r\u00f3\u017cny spos\u00f3b. Dlatego powiniene\u015b poprosi\u0107 lekarza o dok\u0142adne wyja\u015bnienie, na czym polega proponowana przez niego metoda leczenia. Je\u017celi to mo\u017cliwe najlepiej pyta\u0107 w obecno\u015bci np. pe\u0142nomocnika \u015bwiadomego w zakresie stosowanych metod leczenia.<br>Nie podejmuj decyzji pochopnie. Upewnij si\u0119, czy jest ona zgodna z zasadami biblijnymi i twoim sumieniem.<br>Do metod z wykorzystaniem twojej w\u0142asnej krwi nale\u017c\u0105: odzyskiwanie krwi, hemodylucja, hipotermia, p\u0142ucoserce, hemodializa, \u201e\u0142ata\u201d zewn\u0105trzoponowa, plazmafereza, znakowanie sk\u0142adnik\u00f3w, \u017cel p\u0142ytkowy, p\u0142yny, leki, biologiczne \u015brodki hemostatyczne, narz\u0119dzia chirurgiczne, techniki chirurgiczne.<br>Wiele z tych metod sprowadza si\u0119 do cz\u0119\u015bciowego pobrania krwi z organizmu, poddaniu jej odpowiedniej obr\u00f3bce (oczyszczanie, filtrowanie, wyzi\u0119bianie, utlenianie, usuwanie osocza) i ponownym wprowadzeniu do organizmu.<br>Wa\u017cne jest, aby po upu\u015bcie krwi linia przez kt\u00f3r\u0105 by\u0142a ona pobrana pozostawa\u0142a stale wk\u0142uta do \u017cy\u0142y. W ten spos\u00f3b zamkni\u0119ty system z rezerwuarem pobranej krwi jest traktowany jako kontynuacja uk\u0142adu krwiono\u015bnego.<\/p>\n\n\n\n<p>Plazmafereza &#8211; stosowana w celach leczniczych. Krew pacjenta odwirowuje si\u0119 w celu usuni\u0119cia osocza, uzupe\u0142nia p\u0142ynem zast\u0119puj\u0105cym osocze i wprowadza z powrotem do uk\u0142adu krwiono\u015bnego. Jednak\u017ce niekt\u00f3rzy lekarze mog\u0105 chcie\u0107 u\u017cy\u0107 osocza wydzielonego z krwi innego cz\u0142owieka. W takim wypadku metoda ta by\u0142aby dla chrze\u015bcijanina nie do przyj\u0119cia.<\/p>\n\n\n\n<p>\u017bel p\u0142ytkowy \u2014 autologiczny (czyli otrzymywany z twojej w\u0142asnej krwi) &#8211; zasklepia rany, zmniejsza krwawienie. Od pacjenta pobiera si\u0119 nieco krwi, z kt\u00f3rej uzyskuje si\u0119 preparat bogaty w krwinki p\u0142ytkowe i bia\u0142e. \u017bel stosowany jest na rany, w tym r\u00f3wnie\u017c operacyjne.<\/p>\n\n\n\n<p><strong>Uwaga:<\/strong> W sk\u0142ad niekt\u00f3rych takich preparat\u00f3w wchodzi czynnik krzepni\u0119cia wyizolowany z krwi bydl\u0119cej.<\/p>\n\n\n\n<p>Dokument O\u015aWIADCZENIE w\/g wzoru udost\u0119pnionego poni\u017cej Do pobrania lub spisanego odr\u0119cznie.<\/p>\n\n\n\n<p>O\u015bwiadczenie takie powinno zawiera\u0107:<\/p>\n\n\n\n<ul class=\"wp-block-list\">\n<li>nazw\u0119 szpitala,<\/li>\n\n\n\n<li>imi\u0119 i nazwisko pacjenta,<\/li>\n\n\n\n<li>tre\u015b\u0107 o\u015bwiadczenia o niewyra\u017ceniu zgody na transfuzj\u0119,<\/li>\n\n\n\n<li>pe\u0142nomocnictwo dla osoby trzeciej do wyst\u0119powania w moim imieniu,<\/li>\n\n\n\n<li>dat\u0119 spisania,<\/li>\n\n\n\n<li>podpisy chorego i \u015bwiadka.<\/li>\n<\/ul>\n\n\n\n<div data-wp-interactive=\"core\/file\" class=\"wp-block-file\"><object data-wp-bind--hidden=\"!state.hasPdfPreview\" hidden class=\"wp-block-file__embed\" data=\"https:\/\/leda158.eu\/wp-content\/uploads\/2023\/01\/Oswiadczenie.pdf\" type=\"application\/pdf\" style=\"width:100%;height:200px\" aria-label=\"Osadzone z Oswiadczenie.\"><\/object><a id=\"wp-block-file--media-06522867-2537-483e-9cfb-aca6581a453d\" href=\"https:\/\/leda158.eu\/wp-content\/uploads\/2023\/01\/Oswiadczenie.pdf\">Oswiadczenie<\/a><a href=\"https:\/\/leda158.eu\/wp-content\/uploads\/2023\/01\/Oswiadczenie.pdf\" class=\"wp-block-file__button wp-element-button\" download aria-describedby=\"wp-block-file--media-06522867-2537-483e-9cfb-aca6581a453d\">Pobierz<\/a><\/div>\n\n\n\n<p>Oswiadczenie.pdf<\/p>\n\n\n\n<hr class=\"wp-block-separator has-alpha-channel-opacity\"\/>\n","protected":false},"excerpt":{"rendered":"<p>Pomoc w powstrzymywaniu si\u0119 od krwi Komentarz: Frakcje krwi to jej drobne komponenty, kt\u00f3re wyodr\u0119bnia si\u0119 w procesie zwanym frakcjonowaniem. Podobnie jest z osoczem z kt\u00f3rego mo\u017cna otrzyma\u0107: wod\u0119, bia\u0142ka: albuminy, globuliny i fibrynogen, oraz inne substancje takie jak substancje od\u017cywcze, hormony, gazy, witaminy, produkty przemiany materii i elektrolity. Kt\u00f3r\u0105\u015b z frakcji lekarz zaleca czasem [&hellip;]<\/p>\n","protected":false},"author":1,"featured_media":0,"parent":238,"menu_order":0,"comment_status":"closed","ping_status":"closed","template":"","meta":{"ngg_post_thumbnail":0,"footnotes":""},"class_list":["post-761","page","type-page","status-publish","hentry"],"_links":{"self":[{"href":"https:\/\/leda158.eu\/index.php?rest_route=\/wp\/v2\/pages\/761","targetHints":{"allow":["GET"]}}],"collection":[{"href":"https:\/\/leda158.eu\/index.php?rest_route=\/wp\/v2\/pages"}],"about":[{"href":"https:\/\/leda158.eu\/index.php?rest_route=\/wp\/v2\/types\/page"}],"author":[{"embeddable":true,"href":"https:\/\/leda158.eu\/index.php?rest_route=\/wp\/v2\/users\/1"}],"replies":[{"embeddable":true,"href":"https:\/\/leda158.eu\/index.php?rest_route=%2Fwp%2Fv2%2Fcomments&post=761"}],"version-history":[{"count":3,"href":"https:\/\/leda158.eu\/index.php?rest_route=\/wp\/v2\/pages\/761\/revisions"}],"predecessor-version":[{"id":780,"href":"https:\/\/leda158.eu\/index.php?rest_route=\/wp\/v2\/pages\/761\/revisions\/780"}],"up":[{"embeddable":true,"href":"https:\/\/leda158.eu\/index.php?rest_route=\/wp\/v2\/pages\/238"}],"wp:attachment":[{"href":"https:\/\/leda158.eu\/index.php?rest_route=%2Fwp%2Fv2%2Fmedia&parent=761"}],"curies":[{"name":"wp","href":"https:\/\/api.w.org\/{rel}","templated":true}]}}