{"id":759,"date":"2023-01-31T12:27:52","date_gmt":"2023-01-31T11:27:52","guid":{"rendered":"https:\/\/leda158.eu\/?page_id=759"},"modified":"2023-01-31T12:38:51","modified_gmt":"2023-01-31T11:38:51","slug":"prawo","status":"publish","type":"page","link":"https:\/\/leda158.eu\/?page_id=759","title":{"rendered":"Prawo"},"content":{"rendered":"\n<p><strong>Wybrane zagadnienia prawne<\/strong><\/p>\n\n\n\n<p>Wg Konstytucji Rzeczpospolitej Polskiej ani pa\u0144stwo, ani \u017cadna inna osoba nie mo\u017ce nikogo zmusza\u0107 do czynienia tego, czego prawo mu nie nakazuje. (art. 31 ust. 1 i 2).<\/p>\n\n\n\n<p>Obywatel ma prawo do tego, by otrzyma\u0107 odpowiednie leczenie. Pa\u0144stwo ma obowi\u0105zek zapewni\u0107 ka\u017cdemu r\u00f3wny i sprawiedliwy dost\u0119p do s\u0142u\u017cby zdrowia o jak najwy\u017cszym standardzie us\u0142ug.<\/p>\n\n\n\n<p>Podporz\u0105dkowanie si\u0119 woli pacjenta nawet w sytuacji krytycznej dla jego \u017cycia i zdrowia nie stoi w sprzeczno\u015bci z nakazami etycznymi, kt\u00f3rymi ma si\u0119 kierowa\u0107 lekarz. Art. 2 kodeksu etyki lekarskiej m\u00f3wi: salus aegroti suprema lex esto &#8211; najwy\u017csz\u0105 warto\u015bci\u0105 jest dobro chorego, a przecie\u017c tylko sam pacjent mo\u017ce zdefiniowa\u0107, co dla niego jest owym &#8222;dobrem&#8221;.<\/p>\n\n\n\n<p>Lekarz powinien zaakceptowa\u0107 stanowisko pacjenta, gdy\u017c ka\u017cdy we w\u0142asnym sumieniu rozstrzyga o tym, jak wykorzystuje swoj\u0105 wolno\u015b\u0107.<\/p>\n\n\n\n<p>Zasad\u0105 jest obowi\u0105zek poszanowania przez lekarzy decyzji chrze\u015bcijanina o odmowie poddania si\u0119 transfuzji krwi. Zasada ta obowi\u0105zuje wy\u0142\u0105cznie w stosunku do os\u00f3b, kt\u00f3re s\u0105 w stanie samodzielnie wyrazi\u0107 \u015bwiadom\u0105 zgod\u0119, a wi\u0119c wobec os\u00f3b doros\u0142ych, posiadaj\u0105cych pe\u0142n\u0105 zdolno\u015b\u0107 do czynno\u015bci prawnych i b\u0119d\u0105cych w stanie podj\u0105\u0107 odpowiedni\u0105 decyzj\u0119.<\/p>\n\n\n\n<p>Konwencja Praw Dziecka gwarantuje ka\u017cdemu dziecku posiadaj\u0105cemu dostateczny stopie\u0144 rozeznania prawo swobodnego wyra\u017cania swoich pogl\u0105d\u00f3w na ka\u017cdy interesuj\u0105cy je temat, z nale\u017cytym uwzgl\u0119dnieniem jego wieku i dojrza\u0142o\u015bci. (art. 12 ust. 1 Konwencji).<br>Tak wi\u0119c odmowa poddania si\u0119 transfuzji krwi z przyczyn religijnych przez dziecko \u015bwiadome swego post\u0119powania i przekona\u0144, z kt\u00f3rych ono wynika, powinna podlega\u0107 ochronie.<\/p>\n\n\n\n<div data-wp-interactive=\"core\/file\" class=\"wp-block-file\"><object data-wp-bind--hidden=\"!state.hasPdfPreview\" hidden class=\"wp-block-file__embed\" data=\"https:\/\/leda158.eu\/wp-content\/uploads\/2023\/01\/Ustawa_wolnosc.pdf\" type=\"application\/pdf\" style=\"width:100%;height:200px\" aria-label=\"Osadzone z Ustawa_wolno\u015b\u0107.\"><\/object><a id=\"wp-block-file--media-ed51a8b1-5ae7-416c-a267-5d1351be0ab4\" href=\"https:\/\/leda158.eu\/wp-content\/uploads\/2023\/01\/Ustawa_wolnosc.pdf\">Ustawa_wolno\u015b\u0107<\/a><a href=\"https:\/\/leda158.eu\/wp-content\/uploads\/2023\/01\/Ustawa_wolnosc.pdf\" class=\"wp-block-file__button wp-element-button\" download aria-describedby=\"wp-block-file--media-ed51a8b1-5ae7-416c-a267-5d1351be0ab4\">Pobierz<\/a><\/div>\n\n\n\n<p>Ustawa_wolnosc-2.pdf<\/p>\n","protected":false},"excerpt":{"rendered":"<p>Wybrane zagadnienia prawne Wg Konstytucji Rzeczpospolitej Polskiej ani pa\u0144stwo, ani \u017cadna inna osoba nie mo\u017ce nikogo zmusza\u0107 do czynienia tego, czego prawo mu nie nakazuje. (art. 31 ust. 1 i 2). Obywatel ma prawo do tego, by otrzyma\u0107 odpowiednie leczenie. Pa\u0144stwo ma obowi\u0105zek zapewni\u0107 ka\u017cdemu r\u00f3wny i sprawiedliwy dost\u0119p do s\u0142u\u017cby zdrowia o jak najwy\u017cszym [&hellip;]<\/p>\n","protected":false},"author":1,"featured_media":0,"parent":238,"menu_order":0,"comment_status":"closed","ping_status":"closed","template":"","meta":{"ngg_post_thumbnail":0,"footnotes":""},"class_list":["post-759","page","type-page","status-publish","hentry"],"_links":{"self":[{"href":"https:\/\/leda158.eu\/index.php?rest_route=\/wp\/v2\/pages\/759","targetHints":{"allow":["GET"]}}],"collection":[{"href":"https:\/\/leda158.eu\/index.php?rest_route=\/wp\/v2\/pages"}],"about":[{"href":"https:\/\/leda158.eu\/index.php?rest_route=\/wp\/v2\/types\/page"}],"author":[{"embeddable":true,"href":"https:\/\/leda158.eu\/index.php?rest_route=\/wp\/v2\/users\/1"}],"replies":[{"embeddable":true,"href":"https:\/\/leda158.eu\/index.php?rest_route=%2Fwp%2Fv2%2Fcomments&post=759"}],"version-history":[{"count":4,"href":"https:\/\/leda158.eu\/index.php?rest_route=\/wp\/v2\/pages\/759\/revisions"}],"predecessor-version":[{"id":769,"href":"https:\/\/leda158.eu\/index.php?rest_route=\/wp\/v2\/pages\/759\/revisions\/769"}],"up":[{"embeddable":true,"href":"https:\/\/leda158.eu\/index.php?rest_route=\/wp\/v2\/pages\/238"}],"wp:attachment":[{"href":"https:\/\/leda158.eu\/index.php?rest_route=%2Fwp%2Fv2%2Fmedia&parent=759"}],"curies":[{"name":"wp","href":"https:\/\/api.w.org\/{rel}","templated":true}]}}