{"id":749,"date":"2023-01-31T11:05:56","date_gmt":"2023-01-31T10:05:56","guid":{"rendered":"https:\/\/leda158.eu\/?page_id=749"},"modified":"2023-01-31T11:06:31","modified_gmt":"2023-01-31T10:06:31","slug":"pytania","status":"publish","type":"page","link":"https:\/\/leda158.eu\/?page_id=749","title":{"rendered":"Pytania"},"content":{"rendered":"\n<p><strong>Co powinien zrobi\u0107 pacjent?<\/strong><\/p>\n\n\n\n<ul class=\"wp-block-list\">\n<li>Porozmawiaj z lekarzem o metodach leczenia bez u\u017cycia krwi, zanim zajdzie potrzeba ich zastosowania. Jest to szczeg\u00f3lnie wa\u017cne w wypadku kobiet w ci\u0105\u017cy, rodzic\u00f3w maj\u0105cych ma\u0142e dzieci i os\u00f3b starszych.<\/li>\n\n\n\n<li>Przedstaw swoje \u017cyczenia w formie pisemnej, zw\u0142aszcza je\u015bli dost\u0119pny jest dokument prawny s\u0142u\u017c\u0105cy do tego celu.<\/li>\n\n\n\n<li>Je\u017celi tw\u00f3j lekarz nie chce leczy\u0107 ci\u0119 bez krwi, poszukaj innego, kt\u00f3ry uszanuje twoj\u0105 wol\u0119.<\/li>\n\n\n\n<li>Poniewa\u017c niekt\u00f3re metody alternatywne wymagaj\u0105 stosowania przez pewien czas, aby przynie\u015b\u0107 po\u017c\u0105dane rezultaty, nie zwlekaj z podj\u0119ciem leczenia, je\u015bli wiesz, \u017ce czeka ci\u0119 operacja.<\/li>\n<\/ul>\n\n\n\n<p><strong>Przy podejmowaniu decyzji zadaj sobie nast\u0119puj\u0105ce pytania:<\/strong><\/p>\n\n\n\n<ul class=\"wp-block-list\">\n<li>Je\u015bli cz\u0119\u015b\u0107 mojej krwi zostanie skierowana do jakiego\u015b urz\u0105dzenia i mo\u017ce nawet dojdzie do chwilowego zatrzymania jej przep\u0142ywu, czy sumienie pozwoli mi dalej traktowa\u0107 t\u0119 krew jako cz\u0119\u015b\u0107 mego organizmu, tak i\u017c nie b\u0119dzie konieczne \u201bwylanie jej na ziemi\u0119\u2019? (Powt. Pr. 12:23, 24).<\/li>\n\n\n\n<li>Czy moje wyszkolone na Biblii sumienie pozwala, by podczas zabiegu pobrano mi pewn\u0105 ilo\u015b\u0107 krwi, zmodyfikowano j\u0105 i z powrotem wprowadzono do mego organizmu?<\/li>\n\n\n\n<li>Czy zdaj\u0119 sobie spraw\u0119, \u017ce odmowa wszelkich zabieg\u00f3w z wykorzystaniem mojej w\u0142asnej krwi oznacza, i\u017c nie zgadzam si\u0119 mi\u0119dzy innymi na dializ\u0119 b\u0105d\u017a u\u017cycie p\u0142ucoserca?<\/li>\n\n\n\n<li>Czy przed podj\u0119ciem decyzji dok\u0142adnie wszystko przemy\u015bla\u0142em i zwr\u00f3ci\u0142em si\u0119 do Boga w modlitwie?<\/li>\n<\/ul>\n\n\n\n<p>Wszystkie decyzje powiniene\u015b podj\u0105\u0107 samodzielnie \u2014 nie kieruj si\u0119 cudzym sumieniem. Nikomu te\u017c nie wolno krytykowa\u0107 decyzji innych chrze\u015bcijan. W tych sprawach \u201eka\u017cdy bowiem poniesie sw\u00f3j w\u0142asny ci\u0119\u017car\u201d odpowiedzialno\u015bci (Gal. 6:4,5).<\/p>\n\n\n\n<p><strong>Pytania, kt\u00f3re warto zada\u0107 lekarzowi<\/strong><\/p>\n\n\n\n<p>Gdyby\u015b musia\u0142 si\u0119 podda\u0107 operacji lub leczeniu, kt\u00f3re mog\u0142oby obejmowa\u0107 stosowanie \u015brodk\u00f3w krwiopochodnych, zapytaj:<\/p>\n\n\n\n<ul class=\"wp-block-list\">\n<li>Czy ca\u0142y personel medyczny, kt\u00f3ry si\u0119 mn\u0105 opiekuje, wie, \u017ce nie zgadzam si\u0119 na \u017cadn\u0105 transfuzj\u0119 krwi (krwi pe\u0142nej, krwinek czerwonych, krwinek bia\u0142ych, p\u0142ytek krwinkowych i osocza krwi), niezale\u017cnie od okoliczno\u015bci, jakie mog\u0105 zaistnie\u0107?<\/li>\n<\/ul>\n\n\n\n<p>Je\u017celi kt\u00f3re\u015b z przepisanych lekarstw mo\u017ce zawiera\u0107 osocze krwi, krwinki bia\u0142e<br>albo czerwone b\u0105d\u017a te\u017c p\u0142ytki krwinkowe, zapytaj:<\/p>\n\n\n\n<ul class=\"wp-block-list\">\n<li>Czy to lekarstwo zosta\u0142o wyprodukowane z jednego z czterech g\u0142\u00f3wnych sk\u0142adnik\u00f3w krwi? Je\u017celi tak, czy m\u00f3g\u0142by pan poda\u0107 sk\u0142ad tego leku?<\/li>\n\n\n\n<li>W jakich ilo\u015bciach i w jaki spos\u00f3b b\u0119dzie podawany ten lek krwiopochodny?<\/li>\n\n\n\n<li>Je\u017celi sumienie pozwoli mi przyj\u0105\u0107 t\u0119 frakcj\u0119, z jakim zagro\u017ceniem dla zdrowia mo\u017ce si\u0119 to wi\u0105za\u0107?<\/li>\n\n\n\n<li>Je\u017celi sumienie nie pozwoli mi przyj\u0105\u0107 tej frakcji, jakie alternatywne leczenie mo\u017cna zastosowa\u0107?<\/li>\n\n\n\n<li>Poniewa\u017c chc\u0119 to jeszcze rozwa\u017cy\u0107, prosz\u0119 powiedzie\u0107, kiedy mog\u0119 poinformowa\u0107 pana o mojej decyzji.<\/li>\n<\/ul>\n\n\n\n<hr class=\"wp-block-separator has-alpha-channel-opacity\"\/>\n","protected":false},"excerpt":{"rendered":"<p>Co powinien zrobi\u0107 pacjent? Przy podejmowaniu decyzji zadaj sobie nast\u0119puj\u0105ce pytania: Wszystkie decyzje powiniene\u015b podj\u0105\u0107 samodzielnie \u2014 nie kieruj si\u0119 cudzym sumieniem. Nikomu te\u017c nie wolno krytykowa\u0107 decyzji innych chrze\u015bcijan. W tych sprawach \u201eka\u017cdy bowiem poniesie sw\u00f3j w\u0142asny ci\u0119\u017car\u201d odpowiedzialno\u015bci (Gal. 6:4,5). Pytania, kt\u00f3re warto zada\u0107 lekarzowi Gdyby\u015b musia\u0142 si\u0119 podda\u0107 operacji lub leczeniu, kt\u00f3re [&hellip;]<\/p>\n","protected":false},"author":1,"featured_media":0,"parent":238,"menu_order":0,"comment_status":"closed","ping_status":"closed","template":"","meta":{"ngg_post_thumbnail":0,"footnotes":""},"class_list":["post-749","page","type-page","status-publish","hentry"],"_links":{"self":[{"href":"https:\/\/leda158.eu\/index.php?rest_route=\/wp\/v2\/pages\/749","targetHints":{"allow":["GET"]}}],"collection":[{"href":"https:\/\/leda158.eu\/index.php?rest_route=\/wp\/v2\/pages"}],"about":[{"href":"https:\/\/leda158.eu\/index.php?rest_route=\/wp\/v2\/types\/page"}],"author":[{"embeddable":true,"href":"https:\/\/leda158.eu\/index.php?rest_route=\/wp\/v2\/users\/1"}],"replies":[{"embeddable":true,"href":"https:\/\/leda158.eu\/index.php?rest_route=%2Fwp%2Fv2%2Fcomments&post=749"}],"version-history":[{"count":3,"href":"https:\/\/leda158.eu\/index.php?rest_route=\/wp\/v2\/pages\/749\/revisions"}],"predecessor-version":[{"id":752,"href":"https:\/\/leda158.eu\/index.php?rest_route=\/wp\/v2\/pages\/749\/revisions\/752"}],"up":[{"embeddable":true,"href":"https:\/\/leda158.eu\/index.php?rest_route=\/wp\/v2\/pages\/238"}],"wp:attachment":[{"href":"https:\/\/leda158.eu\/index.php?rest_route=%2Fwp%2Fv2%2Fmedia&parent=749"}],"curies":[{"name":"wp","href":"https:\/\/api.w.org\/{rel}","templated":true}]}}