{"id":739,"date":"2023-01-31T10:59:43","date_gmt":"2023-01-31T09:59:43","guid":{"rendered":"https:\/\/leda158.eu\/?page_id=739"},"modified":"2023-01-31T11:03:08","modified_gmt":"2023-01-31T10:03:08","slug":"autotransfuzja","status":"publish","type":"page","link":"https:\/\/leda158.eu\/?page_id=739","title":{"rendered":"Autotransfuzja"},"content":{"rendered":"\n<p><strong>Przygotowanie pacjenta do autotransfuzji<\/strong><\/p>\n\n\n\n<p>Wymagane jest staranne przygotowanie przedoperacyjne, w celu podniesienia poziomu hemoglobiny<br>do warto\u015bci umo\u017cliwiaj\u0105cej bezpieczne ubytki krwi w czasie operacji.<br>Leczenie polega na uzupe\u0142nieniu niedoboru \u017celaza.<\/p>\n\n\n\n<p>Podawane doustnie (jelitowo) preparaty zawieraj\u0105ce Fe2+ (g\u0142\u00f3wnie siarczan \u017celazawy).<br>Dzienne dawki to 100-200 mg dla doros\u0142ych i 3-5 mg\/kg dla dzieci.<br>Skutki uboczne to nudno\u015bci, b\u00f3le brzucha, biegunka, zaparcia.<\/p>\n\n\n\n<p>Wzrost st\u0119\u017cenia hemoglobiny powinien by\u0107 wyra\u017any (cho\u0107 nie zawsze wyst\u0119puje) po 3 tygodniach leczenia.<\/p>\n\n\n\n<p>Preparaty \u017celaza podawane do\u017cylnie (parenteralnie)<\/p>\n\n\n\n<ul class=\"wp-block-list\">\n<li>Zwi\u0105zki \u017celaza z dekstranem (iron dextran)<\/li>\n<\/ul>\n\n\n\n<p>Podawany do\u017cylnie i domi\u0119\u015bniowo. Wyst\u0119puj\u0105 reakcje anafilaktyczne oraz p\u00f3\u017ane odczyny,<br>przebiegaj\u0105ce z gor\u0105czk\u0105, wysypk\u0105, powi\u0119kszaniem w\u0119z\u0142\u00f3w ch\u0142onnych, b\u00f3lami mi\u0119\u015bniowymi i b\u00f3lami staw\u00f3w.<\/p>\n\n\n\n<ul class=\"wp-block-list\">\n<li>Zwi\u0105zki \u017celaza z dekstrynami (iron dextrin)<br>Iron Dextrin, Dextriferron &#8211; kompleksy polimaltozy i wodorotlenku \u017celaza. Nie wyst\u0119puj\u0105 reakcje anafilaktyczne.<\/li>\n\n\n\n<li>Zwi\u0105zki \u017celaza z sorbitolem (iron sorbitol, Jektofer) i z cytrynianami (Ferlixit, Ferlixir N &#8211; syrop)<br>Podaje si\u0119 domi\u0119\u015bniowo. \u0141atwo wch\u0142aniaj\u0105 si\u0119 z miejsca podania. Syrop podawany doustnie.<\/li>\n\n\n\n<li>Zwi\u0105zki \u017celaza z sacharoz\u0105 (iron sucrose).<br>Venofer &#8211; dla doros\u0142ych 25-50 mg rozcie\u0144czony w 10-20 ml soli fizjologicznej w postaci jednorazowego powolnego wstrzykni\u0119cia do\u017cylnego (w ci\u0105gu 5 min.). Dla dzieci podawany w dw\u00f3ch ratach. Venofer podawany jest tak\u017ce w postaci wlewu kroplowego. Reakcje anafilaktyczne s\u0105 bardzo rzadkie.<\/li>\n\n\n\n<li>Erytropoetyna<br>Produkowana w nerkach odgrywa centraln\u0105 rol\u0119 w regulacji wytwarzania krwinek czerwonych. Erytropoetyna powoduje dojrzewanie krwinek czerwonych. W leczeniu stosuje si\u0119 rekombinowan\u0105 ludzk\u0105 erytropoetyn\u0119 &#8211; (r-HuEPO, Eprex\u00ae, NeoPecormon\u00ae).<br>r-HuEPO najcz\u0119\u015bciej jest podawana do\u017cylnie. Stosowanie r-HuEPO powoduje wzrost st\u0119\u017cenia hemoglobiny i przyspiesza odnow\u0119 krwinek czerwonych.<br>Skutki uboczne: nadci\u015bnienie t\u0119tniczne, wzrost liczby p\u0142ytek, wzrost krzepliwo\u015bci i fubrynolizy.<br>NeoRecormon\u00ae &#8211; roztw\u00f3r do injekcji podsk\u00f3rnych i do\u017cylnych. 1 ampu\u0142kostrzykawka zawiera od 500 do 20 000 jednostek mi\u0119dzynarodowych epoetyny beta (rekombinowanej ludzkiej erytropoetyny) pod postaci\u0105 roztworu gotowego do wstrzykni\u0119\u0107.<\/li>\n\n\n\n<li>Sztuczne no\u015bniki tlenu<br>Dziel\u0105 si\u0119 na dwie grupy: na bazie hemoglobiny (haemoglobin-based oxygen carrier) oraz fluorokarbony.<br>Te pierwsze nie maj\u0105 antygen\u00f3w. Mog\u0105 by\u0107 podawane w du\u017cych ilo\u015bciach.<br>Perfluorokarbony. S\u0105 nimi Fluosol-DA i Oxygent.<\/li>\n<\/ul>\n\n\n\n<hr class=\"wp-block-separator has-alpha-channel-opacity\"\/>\n","protected":false},"excerpt":{"rendered":"<p>Przygotowanie pacjenta do autotransfuzji Wymagane jest staranne przygotowanie przedoperacyjne, w celu podniesienia poziomu hemoglobinydo warto\u015bci umo\u017cliwiaj\u0105cej bezpieczne ubytki krwi w czasie operacji.Leczenie polega na uzupe\u0142nieniu niedoboru \u017celaza. Podawane doustnie (jelitowo) preparaty zawieraj\u0105ce Fe2+ (g\u0142\u00f3wnie siarczan \u017celazawy).Dzienne dawki to 100-200 mg dla doros\u0142ych i 3-5 mg\/kg dla dzieci.Skutki uboczne to nudno\u015bci, b\u00f3le brzucha, biegunka, zaparcia. Wzrost [&hellip;]<\/p>\n","protected":false},"author":1,"featured_media":0,"parent":715,"menu_order":0,"comment_status":"closed","ping_status":"closed","template":"","meta":{"ngg_post_thumbnail":0,"footnotes":""},"class_list":["post-739","page","type-page","status-publish","hentry"],"_links":{"self":[{"href":"https:\/\/leda158.eu\/index.php?rest_route=\/wp\/v2\/pages\/739","targetHints":{"allow":["GET"]}}],"collection":[{"href":"https:\/\/leda158.eu\/index.php?rest_route=\/wp\/v2\/pages"}],"about":[{"href":"https:\/\/leda158.eu\/index.php?rest_route=\/wp\/v2\/types\/page"}],"author":[{"embeddable":true,"href":"https:\/\/leda158.eu\/index.php?rest_route=\/wp\/v2\/users\/1"}],"replies":[{"embeddable":true,"href":"https:\/\/leda158.eu\/index.php?rest_route=%2Fwp%2Fv2%2Fcomments&post=739"}],"version-history":[{"count":4,"href":"https:\/\/leda158.eu\/index.php?rest_route=\/wp\/v2\/pages\/739\/revisions"}],"predecessor-version":[{"id":744,"href":"https:\/\/leda158.eu\/index.php?rest_route=\/wp\/v2\/pages\/739\/revisions\/744"}],"up":[{"embeddable":true,"href":"https:\/\/leda158.eu\/index.php?rest_route=\/wp\/v2\/pages\/715"}],"wp:attachment":[{"href":"https:\/\/leda158.eu\/index.php?rest_route=%2Fwp%2Fv2%2Fmedia&parent=739"}],"curies":[{"name":"wp","href":"https:\/\/api.w.org\/{rel}","templated":true}]}}