{"id":726,"date":"2023-01-31T10:37:40","date_gmt":"2023-01-31T09:37:40","guid":{"rendered":"https:\/\/leda158.eu\/?page_id=726"},"modified":"2023-02-14T10:13:21","modified_gmt":"2023-02-14T09:13:21","slug":"metody-leczenia","status":"publish","type":"page","link":"https:\/\/leda158.eu\/?page_id=726","title":{"rendered":"Metody leczenia"},"content":{"rendered":"\n<p class=\"has-large-font-size\">Alternatywne metody leczenia &#8211; czynno\u015bci wst\u0119pne<\/p>\n\n\n\n<p class=\"has-large-font-size\">Ostry krwotok, wstrz\u0105s &#8211; Co robi\u0107?<\/p>\n\n\n\n<p><\/p>\n\n\n\n<ol class=\"wp-block-list\">\n<li><strong>Zatamowa\u0107 up\u0142yw krwi.<\/strong><\/li>\n<\/ol>\n\n\n\n<p>Post\u0119powanie ratownicze przy krwotoku zewn\u0119trznym:<\/p>\n\n\n\n<ul class=\"wp-block-list\">\n<li>podniesienie zranionej ko\u0144czyny w g\u00f3r\u0119,<\/li>\n\n\n\n<li>ucisk r\u0119czny przez ja\u0142owy materia\u0142,<\/li>\n\n\n\n<li>za\u0142o\u017cenie opatrunku uciskowego,<\/li>\n\n\n\n<li>unieruchomienie ko\u0144czyny.<\/li>\n<\/ul>\n\n\n\n<p>     2. <strong>\u015arodki hemostatyczne.<\/strong><\/p>\n\n\n\n<p>Hemostaza &#8211; ca\u0142okszta\u0142t mechanizm\u00f3w zapobiegaj\u0105cych wyp\u0142ywowi krwi z naczy\u0144 krwiono\u015bnych, zar\u00f3wno w warunkach prawid\u0142owych, jak i w przypadkach ich uszkodze\u0144, jednocze\u015bnie zapewniaj\u0105cy jej prawid\u0142owy przep\u0142yw w uk\u0142adzie krwiono\u015bnym. Poj\u0119cie hemostazy obejmuje zar\u00f3wno krzepni\u0119cie krwi jak i fibrynoliz\u0119. Oba procesy zachodz\u0105 jednocze\u015bnie, r\u00f3wnie\u017c w momencie tworzenia skrzepu.<br>Fibrynoliza &#8211; jest to proces rozpuszczania skrzep\u00f3w.<\/p>\n\n\n\n<ol class=\"wp-block-list\" start=\"3\">\n<li><strong>Opaski uciskowe.<\/strong><\/li>\n<\/ol>\n\n\n\n<p>Opaska pomaga zatrzymywa\u0107 silne krwawienia, kt\u00f3re zagra\u017caj\u0105 \u017cyciu poprzez doci\u015bni\u0119cie t\u0119tnicy do ko\u015bci i ca\u0142kowite zamkni\u0119cie jej \u015bwiat\u0142a. Jest gi\u0119tka, ma d\u0142ugo\u015b\u0107 1 metra i szeroko\u015b\u0107 5 centymetr\u00f3w. Posiada zapi\u0119cie, najcz\u0119\u015bciej guzik lub zapink\u0119. Przed jej po\u0142o\u017ceniem na ran\u0119 zawsze nak\u0142ada si\u0119 podk\u0142adk\u0119 zrobion\u0105 z mi\u0119kkiego materia\u0142u. Po jej prawid\u0142owym za\u0142o\u017ceniu zanika t\u0119tno i blednie sk\u00f3ra w jej pobli\u017cu. Zawsze opatrunek powinien zdj\u0105\u0107 lekarz. Mo\u017cna te\u017c zastosowa\u0107 inne materia\u0142y, stanowi\u0105ce zast\u0119pcz\u0105 opask\u0119 uciskow\u0105. Mo\u017ce to by\u0107 np. chusta tr\u00f3jk\u0105tna, krawat albo pasek materia\u0142u, posiadaj\u0105cy odpowiedni\u0105 szeroko\u015b\u0107.<br>Wed\u0142ug najnowszych wytycznych Europejskiej Rady Resuscytacji opask\u0119 uciskow\u0105 stosujemy tylko w specyficznych sytuacjach: wypadku masowego, amputacji, zmia\u017cd\u017cenia. Zak\u0142ada si\u0119 j\u0105 oko\u0142o 5 centymetr\u00f3w powy\u017cej miejsca krwotoku, ale nigdy poni\u017cej \u0142okcia lub kolana, poniewa\u017c w tym przypadku t\u0119tnica wejdzie pomi\u0119dzy 2 ko\u015bci i opaska nie zadzia\u0142a w\u0142a\u015bciwie. Po za\u0142o\u017ceniu opaski nale\u017cy zanotowa\u0107 godzin\u0119 i zapisa\u0107 j\u0105 na kartce umieszczonej w pobli\u017cu opatrunku.<\/p>\n\n\n\n<ol class=\"wp-block-list\" start=\"4\">\n<li><strong>Szybka interwencja chirurgiczna.<\/strong><\/li>\n\n\n\n<li><strong>Embolizacja t\u0119tniczna.<\/strong><\/li>\n<\/ol>\n\n\n\n<p>Embolizacja jest jedn\u0105 z metod ma\u0142oinwazyjnej pr\u00f3by wy\u0142\u0105czenia naczyniaka (tak\u017ce t\u0119tniak\u00f3w). Polega ona na wewn\u0105trznaczyniowym zaklejeniu naczynia za pomoc\u0105 kleju, przez co w miejscu gdzie naczyniak si\u0119 rozwin\u0105\u0142 \u015bciana naczynia ulega wzmocnieniu, przez co eliminuje si\u0119 mo\u017cliwo\u015b\u0107 p\u0119kni\u0119cia i krwawienia. Zaklejanie polega na podej\u015bciu za pomoc\u0105 mikrocewnik\u00f3w w pachwiny do zmienionego chorobowo miejsca w m\u00f3zgowiu. Zabieg trwa ok. 1-3 godzin, pacjent jest wybudzany zaraz po jego zako\u0144czeniu i przez ok. 1-2 doby powinien odpoczywa\u0107 w pozycji le\u017c\u0105cej. Nale\u017cy jednak pami\u0119ta\u0107, i\u017c ca\u0142kowite wy\u0142\u0105czenie naczyniak\u00f3w o rozleg\u0142ych sieciach naczy\u0144 wymaga kilku a nawet kilkunastu embolizacji, za\u015b z ka\u017cd\u0105 nast\u0119pn\u0105 wzrasta nieznacznie mo\u017cliwo\u015b\u0107 krwawienia. W przypadku du\u017cych naczyniak\u00f3w nale\u017cy liczy\u0107 si\u0119 z brakiem mo\u017cliwo\u015bci wy\u0142\u0105czenia jego ca\u0142o\u015bci, co niesie za sob\u0105 jedynie tradycyjne leczenie chirurgicznie.<\/p>\n\n\n\n<ol class=\"wp-block-list\" start=\"6\">\n<li><strong>Odzyskiwanie krwinek czerwonych.<\/strong><\/li>\n<\/ol>\n\n\n\n<p>Wstrz\u0105s<\/p>\n\n\n\n<ol class=\"wp-block-list\">\n<li>U\u0142o\u017cenie przeciwwstrz\u0105sowe &#8211; pozycja na wznak &#8211; g\u0142owa poni\u017cej n\u00f3g.<\/li>\n\n\n\n<li>&#8222;Ubranie&#8221; przeciwwstrz\u0105sowe.<\/li>\n\n\n\n<li>Utrzymanie obj\u0119to\u015bci p\u0142yn\u00f3w.<\/li>\n\n\n\n<li>Hipertoniczny roztw\u00f3r soli.<\/li>\n<\/ol>\n\n\n\n<p>Roztw\u00f3r Ringera (P\u0142yn Ringera) \u2013 rodzaj p\u0142ynu infuzyjnego, jeden z krystaloid\u00f3w, izotoniczny w stosunku do krwi cz\u0142owieka. Mechanizm dzia\u0142ania i w\u0142a\u015bciwo\u015bci farmakokinetyczne:<br>Nawodnienie \u2013 dostarczenie wody wraz z podstawowymi elektrolitami (poza magnezem) w st\u0119\u017ceniach w przybli\u017ceniu fizjologicznych, Zwi\u0119kszenie obj\u0119to\u015bci p\u0142ynu w przestrzeni wewn\u0105trznaczyniowej.<\/p>\n\n\n\n<ol class=\"wp-block-list\" start=\"5\">\n<li>Zobacz &#8211; niedokrwisto\u015b\u0107.<\/li>\n<\/ol>\n\n\n\n<hr class=\"wp-block-separator has-alpha-channel-opacity\"\/>\n\n\n\n<p><strong>P\u0142yny zwi\u0119kszaj\u0105ce obj\u0119to\u015b\u0107:<\/strong><\/p>\n\n\n\n<div class=\"wp-block-columns is-layout-flex wp-container-core-columns-is-layout-28f84493 wp-block-columns-is-layout-flex\">\n<div class=\"wp-block-column has-secondary-background-color has-background is-layout-flow wp-block-column-is-layout-flow\">\n<p><strong>Krystaloidy:<\/strong><\/p>\n\n\n\n<p>P\u0142yn Ringera.<br>Fizjologiczny roztw\u00f3r soli.<\/p>\n<\/div>\n\n\n\n<div class=\"wp-block-column has-pale-cyan-blue-background-color has-background is-layout-flow wp-block-column-is-layout-flow\">\n<p><strong>Koloidy:<\/strong><\/p>\n\n\n\n<p>Dekstran.<br>\u017belatyna.<br>HES.<br>Albuminy.<\/p>\n<\/div>\n\n\n\n<div class=\"wp-block-column has-light-green-cyan-background-color has-background is-layout-flow wp-block-column-is-layout-flow\">\n<p><strong>Perfluorow\u0119glowodory:<\/strong><\/p>\n\n\n\n<p>Perflubron (Oxygent).<br>Perftoran.<\/p>\n<\/div>\n<\/div>\n\n\n\n<div class=\"wp-block-columns is-layout-flex wp-container-core-columns-is-layout-28f84493 wp-block-columns-is-layout-flex\">\n<div class=\"wp-block-column has-secondary-background-color has-background is-layout-flow wp-block-column-is-layout-flow\">\n<p><strong>Krwinki bia\u0142e:<\/strong><\/p>\n\n\n\n<p>G-CSF.<br>GM-CSF.<\/p>\n<\/div>\n\n\n\n<div class=\"wp-block-column has-pale-cyan-blue-background-color has-background is-layout-flow wp-block-column-is-layout-flow\">\n<p><strong>Krwinki czerwone:<\/strong><\/p>\n\n\n\n<p>\u017belazo w zastrzykach.<br>\u017belazo doustnie.<br>Kwas foliowy.<br>Witamina B12.<br>Erytropoetyna.<br>W\u0142a\u015bciwe od\u017cywianie.<\/p>\n<\/div>\n\n\n\n<div class=\"wp-block-column has-light-green-cyan-background-color has-background is-layout-flow wp-block-column-is-layout-flow\">\n<p><strong>P\u0142ytki:<\/strong><\/p>\n\n\n\n<p>Interleukina-11.<\/p>\n<\/div>\n<\/div>\n\n\n\n<p><strong>\u015arodki hemostatyczne:<\/strong><\/p>\n\n\n\n<div class=\"wp-block-columns is-layout-flex wp-container-core-columns-is-layout-28f84493 wp-block-columns-is-layout-flex\">\n<div class=\"wp-block-column has-light-green-cyan-background-color has-background is-layout-flow wp-block-column-is-layout-flow\">\n<p><strong>Bezpo\u015brednie:<\/strong><\/p>\n\n\n\n<p>\u017belatyna.<br>Preparaty celulozowe.<br>Kolagen.<br>Klej fibrynowy.<\/p>\n<\/div>\n\n\n\n<div class=\"wp-block-column has-secondary-background-color has-background is-layout-flow wp-block-column-is-layout-flow\">\n<p><strong>Po\u015brednie:<\/strong><\/p>\n\n\n\n<p>Dezmopresyna.<br>Kwas aminokapronowy.<br>Kwas traneksamowy.<br>Witamina K.<br>Wazopresyna.<br>Aprotynina.<br>Czynniki krzepni\u0119cia.<br>Krioprecypitat.<br>Przy\u015bpieszone wytwarzanie krwi.<\/p>\n<\/div>\n<\/div>\n\n\n\n<hr class=\"wp-block-separator has-alpha-channel-opacity\"\/>\n","protected":false},"excerpt":{"rendered":"<p>Alternatywne metody leczenia &#8211; czynno\u015bci wst\u0119pne Ostry krwotok, wstrz\u0105s &#8211; Co robi\u0107? Post\u0119powanie ratownicze przy krwotoku zewn\u0119trznym: 2. \u015arodki hemostatyczne. Hemostaza &#8211; ca\u0142okszta\u0142t mechanizm\u00f3w zapobiegaj\u0105cych wyp\u0142ywowi krwi z naczy\u0144 krwiono\u015bnych, zar\u00f3wno w warunkach prawid\u0142owych, jak i w przypadkach ich uszkodze\u0144, jednocze\u015bnie zapewniaj\u0105cy jej prawid\u0142owy przep\u0142yw w uk\u0142adzie krwiono\u015bnym. Poj\u0119cie hemostazy obejmuje zar\u00f3wno krzepni\u0119cie krwi jak [&hellip;]<\/p>\n","protected":false},"author":1,"featured_media":0,"parent":715,"menu_order":0,"comment_status":"closed","ping_status":"closed","template":"","meta":{"ngg_post_thumbnail":0,"footnotes":""},"class_list":["post-726","page","type-page","status-publish","hentry"],"_links":{"self":[{"href":"https:\/\/leda158.eu\/index.php?rest_route=\/wp\/v2\/pages\/726","targetHints":{"allow":["GET"]}}],"collection":[{"href":"https:\/\/leda158.eu\/index.php?rest_route=\/wp\/v2\/pages"}],"about":[{"href":"https:\/\/leda158.eu\/index.php?rest_route=\/wp\/v2\/types\/page"}],"author":[{"embeddable":true,"href":"https:\/\/leda158.eu\/index.php?rest_route=\/wp\/v2\/users\/1"}],"replies":[{"embeddable":true,"href":"https:\/\/leda158.eu\/index.php?rest_route=%2Fwp%2Fv2%2Fcomments&post=726"}],"version-history":[{"count":8,"href":"https:\/\/leda158.eu\/index.php?rest_route=\/wp\/v2\/pages\/726\/revisions"}],"predecessor-version":[{"id":882,"href":"https:\/\/leda158.eu\/index.php?rest_route=\/wp\/v2\/pages\/726\/revisions\/882"}],"up":[{"embeddable":true,"href":"https:\/\/leda158.eu\/index.php?rest_route=\/wp\/v2\/pages\/715"}],"wp:attachment":[{"href":"https:\/\/leda158.eu\/index.php?rest_route=%2Fwp%2Fv2%2Fmedia&parent=726"}],"curies":[{"name":"wp","href":"https:\/\/api.w.org\/{rel}","templated":true}]}}