{"id":48,"date":"2023-01-26T08:31:21","date_gmt":"2023-01-26T07:31:21","guid":{"rendered":"https:\/\/leda158.eu\/?page_id=48"},"modified":"2023-12-06T14:19:12","modified_gmt":"2023-12-06T13:19:12","slug":"matteo","status":"publish","type":"page","link":"https:\/\/leda158.eu\/?page_id=48","title":{"rendered":"Matteo"},"content":{"rendered":"\n<div class=\"wp-block-columns is-layout-flex wp-container-core-columns-is-layout-28f84493 wp-block-columns-is-layout-flex\">\n<div class=\"wp-block-column is-layout-flow wp-block-column-is-layout-flow\">\n<p>\u201e\u015amiech to zdrowie\u201d. Ale \u015bmiech Matteo to zdrowie doskona\u0142e.<\/p>\n<\/div>\n\n\n\n<div class=\"wp-block-column is-layout-flow wp-block-column-is-layout-flow\">\n<figure class=\"wp-block-audio\"><audio controls src=\"https:\/\/leda158.eu\/wp-content\/uploads\/2023\/01\/Smiech-do-rozpuku2.mp3\"><\/audio><\/figure>\n<\/div>\n<\/div>\n\n\n\n<p><\/p>\n\n\n\n<p>Poni\u017cej Matteo <strong>the best of the best<\/strong> w pierwszych pi\u0119ciu latach \u017cycia.<\/p>\n\n\n\nngg_shortcode_0_placeholder\n\n\n\nngg_shortcode_1_placeholder\n\n\n\n<p>Poni\u017cej wzruszaj\u0105ce filmiki.<\/p>\n\n\n\n<div class=\"wp-block-columns is-layout-flex wp-container-core-columns-is-layout-28f84493 wp-block-columns-is-layout-flex\">\n<div class=\"wp-block-column is-layout-flow wp-block-column-is-layout-flow\">\n<figure class=\"wp-block-video\"><video height=\"720\" style=\"aspect-ratio: 1280 \/ 720;\" width=\"1280\" controls src=\"https:\/\/leda158.eu\/wp-content\/uploads\/2023\/01\/Pierwszy-spacer-Matteo.mp4\"><\/video><figcaption class=\"wp-element-caption\">To ma\u0142y krok dla Matteo, ale wielki krok dla ludzko\u015bci.<\/figcaption><\/figure>\n\n\n\n<figure class=\"wp-block-video\"><video height=\"720\" style=\"aspect-ratio: 1280 \/ 720;\" width=\"1280\" controls src=\"https:\/\/leda158.eu\/wp-content\/uploads\/2023\/01\/Makaroniarz.mp4\"><\/video><figcaption class=\"wp-element-caption\">Makaroniarz<\/figcaption><\/figure>\n<\/div>\n\n\n\n<div class=\"wp-block-column is-layout-flow wp-block-column-is-layout-flow\">\n<figure class=\"wp-block-video\"><video height=\"576\" style=\"aspect-ratio: 1024 \/ 576;\" width=\"1024\" controls src=\"https:\/\/leda158.eu\/wp-content\/uploads\/2023\/01\/Rozowa-pantera.mp4\"><\/video><figcaption class=\"wp-element-caption\">R\u00f3\u017cowa pantera<\/figcaption><\/figure>\n\n\n\n<figure class=\"wp-block-video\"><video height=\"720\" style=\"aspect-ratio: 1280 \/ 720;\" width=\"1280\" controls src=\"https:\/\/leda158.eu\/wp-content\/uploads\/2023\/01\/Wyglupy.mp4\"><\/video><figcaption class=\"wp-element-caption\">Wyg\u0142upy<\/figcaption><\/figure>\n<\/div>\n<\/div>\n\n\n\n<p>Poni\u017cej &#8211; nasz model ma 7,5 roku.<\/p>\n\n\n<div  id=\"jtg-928\" class=\"modula modula-gallery modula-creative-gallery\" data-config=\"{&quot;height&quot;:800,&quot;tabletHeight&quot;:800,&quot;mobileHeight&quot;:800,&quot;desktopHeight&quot;:800,&quot;enableTwitter&quot;:false,&quot;enableWhatsapp&quot;:false,&quot;enableFacebook&quot;:false,&quot;enablePinterest&quot;:false,&quot;enableLinkedin&quot;:false,&quot;enableEmail&quot;:false,&quot;randomFactor&quot;:0.5,&quot;type&quot;:&quot;creative-gallery&quot;,&quot;columns&quot;:12,&quot;gutter&quot;:10,&quot;mobileGutter&quot;:10,&quot;tabletGutter&quot;:10,&quot;desktopGutter&quot;:10,&quot;enableResponsive&quot;:&quot;0&quot;,&quot;tabletColumns&quot;:&quot;2&quot;,&quot;mobileColumns&quot;:&quot;1&quot;,&quot;lazyLoad&quot;:0,&quot;lightboxOpts&quot;:{&quot;animated&quot;:true,&quot;Thumbs&quot;:{&quot;type&quot;:&quot;modern&quot;,&quot;showOnStart&quot;:false},&quot;Toolbar&quot;:{&quot;display&quot;:{&quot;right&quot;:[&quot;close&quot;]},&quot;enabled&quot;:true},&quot;Carousel&quot;:{&quot;Panzoom&quot;:{&quot;touch&quot;:true},&quot;infinite&quot;:false},&quot;keyboard&quot;:{&quot;Escape&quot;:&quot;close&quot;,&quot;Delete&quot;:&quot;close&quot;,&quot;Backspace&quot;:&quot;close&quot;,&quot;PageUp&quot;:false,&quot;PageDown&quot;:false,&quot;ArrowUp&quot;:false,&quot;ArrowDown&quot;:false,&quot;ArrowRight&quot;:false,&quot;ArrowLeft&quot;:false},&quot;touch&quot;:false,&quot;backdropClick&quot;:false,&quot;l10n&quot;:{&quot;CLOSE&quot;:&quot;Zamknij&quot;,&quot;NEXT&quot;:&quot;Nast\\u0119pny&quot;,&quot;PREV&quot;:&quot;Poprzedni&quot;,&quot;Error&quot;:&quot;Nie mo\\u017cna wczyta\\u0107 \\u017c\\u0105danej tre\\u015bci. Spr\\u00f3buj ponownie p\\u00f3\\u017aniej.&quot;,&quot;PLAY_START&quot;:&quot;Rozpocznij pokaz slajd\\u00f3w&quot;,&quot;PLAY_STOP&quot;:&quot;Zatrzymaj pokaz slajd\\u00f3w&quot;,&quot;FULL_SCREEN&quot;:&quot;Pe\\u0142ny ekran&quot;,&quot;THUMBS&quot;:&quot;Miniaturki&quot;,&quot;DOWNLOAD&quot;:&quot;Pobieranie&quot;,&quot;SHARE&quot;:&quot;Udost\\u0119pnij&quot;,&quot;ZOOM&quot;:&quot;Powi\\u0119kszenie&quot;,&quot;EMAIL&quot;:&quot;Here is the link to the image : %%image_link%% and this is the link to the gallery : %%gallery_link%%&quot;,&quot;MODAL&quot;:&quot;Mo\\u017cesz zamkn\\u0105\\u0107 t\\u0119 zawarto\\u015b\\u0107 okna modalnego za pomoc\\u0105 klawisza ESC&quot;,&quot;ERROR&quot;:&quot;Co\\u015b posz\\u0142o nie tak. Spr\\u00f3buj ponownie p\\u00f3\\u017aniej&quot;,&quot;IMAGE_ERROR&quot;:&quot;Nie znaleziono obrazka&quot;,&quot;ELEMENT_NOT_FOUND&quot;:&quot;Nie znaleziono elementu HTML&quot;,&quot;AJAX_NOT_FOUND&quot;:&quot;B\\u0142\\u0105d wczytywania AJAX: Nie znaleziono&quot;,&quot;AJAX_FORBIDDEN&quot;:&quot;B\\u0142\\u0105d wczytywania AJAX: Zabronione&quot;,&quot;IFRAME_ERROR&quot;:&quot;B\\u0142\\u0105d wczytywania strony&quot;,&quot;TOGGLE_ZOOM&quot;:&quot;Prze\\u0142\\u0105cz poziom powi\\u0119kszenia&quot;,&quot;TOGGLE_THUMBS&quot;:&quot;Prze\\u0142\\u0105cz miniaturki&quot;,&quot;TOGGLE_SLIDESHOW&quot;:&quot;Prze\\u0142\\u0105cz pokaz slajd\\u00f3w&quot;,&quot;TOGGLE_FULLSCREEN&quot;:&quot;Prze\\u0142\\u0105cz tryb pe\\u0142noekranowy&quot;},&quot;Images&quot;:{&quot;Panzoom&quot;:{&quot;maxScale&quot;:2}},&quot;mainClass&quot;:&quot;modula-fancybox-container modula-lightbox-jtg-928&quot;,&quot;Html&quot;:{&quot;videoAutoplay&quot;:0,&quot;videoTpl&quot;:&quot;&lt;video class=\\&quot;fancybox__html5video\\&quot; controls muted playsinline controlsList controlsList=\\&quot;nodownload\\&quot; poster=\\&quot;{{poster}}\\&quot; src=\\&quot;{{src}}\\&quot; type=\\&quot;{{format}}\\&quot; &gt;  Sorry, your browser doesn&#039;t support embedded videos, &lt;a href=\\&quot;{{src}}\\&quot;&gt; download &lt;\\\/a&gt; and watch with your favorite video player! &lt;\\\/video&gt;&quot;}},&quot;inView&quot;:false,&quot;email_subject&quot;:&quot;Sprawd\\u017a ten niesamowity obrazek!&quot;,&quot;email_message&quot;:&quot;Oto odno\\u015bnik do obrazku: %%image_link%%, a to odno\\u015bnik do galerii: %%gallery_link%%&quot;,&quot;lightbox&quot;:&quot;fancybox&quot;}\">\n\n\t\n\t<div  class=\"modula-items\">\n\t\t<div class=\"modula-item effect-pufrobo\" >\n\t<div class=\"modula-item-overlay\"><\/div>\n\n\t<div class=\"modula-item-content\">\n\n\t\t<a data-image-id=\"929\" role=\"button\" tabindex=\"0\" rel=\"jtg-928\" data-caption=\"\" aria-label=\"Otw\u00f3rz obrazek w lightboxie\" class=\"tile-inner modula-item-link\"><\/a><img loading=\"lazy\" decoding=\"async\" class=\"pic wp-image-929\"  data-valign=\"middle\" data-halign=\"center\" alt=\"\" data-full=\"https:\/\/leda158.eu\/wp-content\/uploads\/2023\/09\/IMG_0160A.jpg\" title=\"IMG_0160A\" crop=\"\" width=\"200\" height=\"300\" src=\"https:\/\/leda158.eu\/wp-content\/uploads\/2023\/09\/IMG_0160A-200x300.jpg\" data-src=\"https:\/\/leda158.eu\/wp-content\/uploads\/2023\/09\/IMG_0160A-200x300.jpg\" data-caption=\"\" srcset=\"https:\/\/leda158.eu\/wp-content\/uploads\/2023\/09\/IMG_0160A.jpg 533w, https:\/\/leda158.eu\/wp-content\/uploads\/2023\/09\/IMG_0160A-200x300.jpg 200w\" sizes=\"auto, (max-width: 200px) 100vw, 200px\" \/>\n\t\t<div class=\"figc no-description\">\n\t\t\t<div class=\"figc-inner\">\n\t\t\t\t\t\t\t\t\t\t\t\t\t\t\t<\/div>\n\t\t<\/div>\n\n\t<\/div>\n\n<\/div><div class=\"modula-item effect-pufrobo\" >\n\t<div class=\"modula-item-overlay\"><\/div>\n\n\t<div class=\"modula-item-content\">\n\n\t\t<a data-image-id=\"930\" role=\"button\" tabindex=\"0\" rel=\"jtg-928\" data-caption=\"\" aria-label=\"Otw\u00f3rz obrazek w lightboxie\" class=\"tile-inner modula-item-link\"><\/a><img loading=\"lazy\" decoding=\"async\" class=\"pic wp-image-930\"  data-valign=\"middle\" data-halign=\"center\" alt=\"\" data-full=\"https:\/\/leda158.eu\/wp-content\/uploads\/2023\/09\/IMG_0162A.jpg\" title=\"IMG_0162A\" crop=\"\" width=\"300\" height=\"262\" src=\"https:\/\/leda158.eu\/wp-content\/uploads\/2023\/09\/IMG_0162A-300x262.jpg\" data-src=\"https:\/\/leda158.eu\/wp-content\/uploads\/2023\/09\/IMG_0162A-300x262.jpg\" data-caption=\"\" srcset=\"https:\/\/leda158.eu\/wp-content\/uploads\/2023\/09\/IMG_0162A.jpg 917w, https:\/\/leda158.eu\/wp-content\/uploads\/2023\/09\/IMG_0162A-300x262.jpg 300w, https:\/\/leda158.eu\/wp-content\/uploads\/2023\/09\/IMG_0162A-768x670.jpg 768w\" sizes=\"auto, (max-width: 300px) 100vw, 300px\" \/>\n\t\t<div class=\"figc no-description\">\n\t\t\t<div class=\"figc-inner\">\n\t\t\t\t\t\t\t\t\t\t\t\t\t\t\t<\/div>\n\t\t<\/div>\n\n\t<\/div>\n\n<\/div><div class=\"modula-item effect-pufrobo\" >\n\t<div class=\"modula-item-overlay\"><\/div>\n\n\t<div class=\"modula-item-content\">\n\n\t\t<a data-image-id=\"931\" role=\"button\" tabindex=\"0\" rel=\"jtg-928\" data-caption=\"\" aria-label=\"Otw\u00f3rz obrazek w lightboxie\" class=\"tile-inner modula-item-link\"><\/a><img loading=\"lazy\" decoding=\"async\" class=\"pic wp-image-931\"  data-valign=\"middle\" data-halign=\"center\" alt=\"\" data-full=\"https:\/\/leda158.eu\/wp-content\/uploads\/2023\/09\/IMG_0170A.jpg\" title=\"IMG_0170A\" crop=\"\" width=\"200\" height=\"300\" src=\"https:\/\/leda158.eu\/wp-content\/uploads\/2023\/09\/IMG_0170A-200x300.jpg\" data-src=\"https:\/\/leda158.eu\/wp-content\/uploads\/2023\/09\/IMG_0170A-200x300.jpg\" data-caption=\"\" srcset=\"https:\/\/leda158.eu\/wp-content\/uploads\/2023\/09\/IMG_0170A.jpg 533w, https:\/\/leda158.eu\/wp-content\/uploads\/2023\/09\/IMG_0170A-200x300.jpg 200w\" sizes=\"auto, (max-width: 200px) 100vw, 200px\" \/>\n\t\t<div class=\"figc no-description\">\n\t\t\t<div class=\"figc-inner\">\n\t\t\t\t\t\t\t\t\t\t\t\t\t\t\t<\/div>\n\t\t<\/div>\n\n\t<\/div>\n\n<\/div><div class=\"modula-item effect-pufrobo\" >\n\t<div class=\"modula-item-overlay\"><\/div>\n\n\t<div class=\"modula-item-content\">\n\n\t\t<a data-image-id=\"932\" role=\"button\" tabindex=\"0\" rel=\"jtg-928\" data-caption=\"\" aria-label=\"Otw\u00f3rz obrazek w lightboxie\" class=\"tile-inner modula-item-link\"><\/a><img loading=\"lazy\" decoding=\"async\" class=\"pic wp-image-932\"  data-valign=\"middle\" data-halign=\"center\" alt=\"\" data-full=\"https:\/\/leda158.eu\/wp-content\/uploads\/2023\/09\/IMG_0180A.jpg\" title=\"IMG_0180A\" crop=\"\" width=\"200\" height=\"300\" src=\"https:\/\/leda158.eu\/wp-content\/uploads\/2023\/09\/IMG_0180A-200x300.jpg\" data-src=\"https:\/\/leda158.eu\/wp-content\/uploads\/2023\/09\/IMG_0180A-200x300.jpg\" data-caption=\"\" srcset=\"https:\/\/leda158.eu\/wp-content\/uploads\/2023\/09\/IMG_0180A.jpg 533w, https:\/\/leda158.eu\/wp-content\/uploads\/2023\/09\/IMG_0180A-200x300.jpg 200w\" sizes=\"auto, (max-width: 200px) 100vw, 200px\" \/>\n\t\t<div class=\"figc no-description\">\n\t\t\t<div class=\"figc-inner\">\n\t\t\t\t\t\t\t\t\t\t\t\t\t\t\t<\/div>\n\t\t<\/div>\n\n\t<\/div>\n\n<\/div><div class=\"modula-item effect-pufrobo\" >\n\t<div class=\"modula-item-overlay\"><\/div>\n\n\t<div class=\"modula-item-content\">\n\n\t\t<a data-image-id=\"933\" role=\"button\" tabindex=\"0\" rel=\"jtg-928\" data-caption=\"\" aria-label=\"Otw\u00f3rz obrazek w lightboxie\" class=\"tile-inner modula-item-link\"><\/a><img loading=\"lazy\" decoding=\"async\" class=\"pic wp-image-933\"  data-valign=\"middle\" data-halign=\"center\" alt=\"\" data-full=\"https:\/\/leda158.eu\/wp-content\/uploads\/2023\/09\/IMG_0185A.jpg\" title=\"IMG_0185A\" crop=\"\" width=\"220\" height=\"300\" src=\"https:\/\/leda158.eu\/wp-content\/uploads\/2023\/09\/IMG_0185A-220x300.jpg\" data-src=\"https:\/\/leda158.eu\/wp-content\/uploads\/2023\/09\/IMG_0185A-220x300.jpg\" data-caption=\"\" srcset=\"https:\/\/leda158.eu\/wp-content\/uploads\/2023\/09\/IMG_0185A.jpg 587w, https:\/\/leda158.eu\/wp-content\/uploads\/2023\/09\/IMG_0185A-220x300.jpg 220w\" sizes=\"auto, (max-width: 220px) 100vw, 220px\" \/>\n\t\t<div class=\"figc no-description\">\n\t\t\t<div class=\"figc-inner\">\n\t\t\t\t\t\t\t\t\t\t\t\t\t\t\t<\/div>\n\t\t<\/div>\n\n\t<\/div>\n\n<\/div><div class=\"modula-item effect-pufrobo\" >\n\t<div class=\"modula-item-overlay\"><\/div>\n\n\t<div class=\"modula-item-content\">\n\n\t\t<a data-image-id=\"934\" role=\"button\" tabindex=\"0\" rel=\"jtg-928\" data-caption=\"\" aria-label=\"Otw\u00f3rz obrazek w lightboxie\" class=\"tile-inner modula-item-link\"><\/a><img loading=\"lazy\" decoding=\"async\" class=\"pic wp-image-934\"  data-valign=\"middle\" data-halign=\"center\" alt=\"\" data-full=\"https:\/\/leda158.eu\/wp-content\/uploads\/2023\/09\/IMG_0187A.jpg\" title=\"IMG_0187A\" crop=\"\" width=\"228\" height=\"300\" src=\"https:\/\/leda158.eu\/wp-content\/uploads\/2023\/09\/IMG_0187A-228x300.jpg\" data-src=\"https:\/\/leda158.eu\/wp-content\/uploads\/2023\/09\/IMG_0187A-228x300.jpg\" data-caption=\"\" srcset=\"https:\/\/leda158.eu\/wp-content\/uploads\/2023\/09\/IMG_0187A.jpg 609w, https:\/\/leda158.eu\/wp-content\/uploads\/2023\/09\/IMG_0187A-228x300.jpg 228w\" sizes=\"auto, (max-width: 228px) 100vw, 228px\" \/>\n\t\t<div class=\"figc no-description\">\n\t\t\t<div class=\"figc-inner\">\n\t\t\t\t\t\t\t\t\t\t\t\t\t\t\t<\/div>\n\t\t<\/div>\n\n\t<\/div>\n\n<\/div><div class=\"modula-item effect-pufrobo\" >\n\t<div class=\"modula-item-overlay\"><\/div>\n\n\t<div class=\"modula-item-content\">\n\n\t\t<a data-image-id=\"935\" role=\"button\" tabindex=\"0\" rel=\"jtg-928\" data-caption=\"\" aria-label=\"Otw\u00f3rz obrazek w lightboxie\" class=\"tile-inner modula-item-link\"><\/a><img loading=\"lazy\" decoding=\"async\" class=\"pic wp-image-935\"  data-valign=\"middle\" data-halign=\"center\" alt=\"\" data-full=\"https:\/\/leda158.eu\/wp-content\/uploads\/2023\/09\/IMG_0188A.jpg\" title=\"IMG_0188A\" crop=\"\" width=\"230\" height=\"300\" src=\"https:\/\/leda158.eu\/wp-content\/uploads\/2023\/09\/IMG_0188A-230x300.jpg\" data-src=\"https:\/\/leda158.eu\/wp-content\/uploads\/2023\/09\/IMG_0188A-230x300.jpg\" data-caption=\"\" srcset=\"https:\/\/leda158.eu\/wp-content\/uploads\/2023\/09\/IMG_0188A.jpg 613w, https:\/\/leda158.eu\/wp-content\/uploads\/2023\/09\/IMG_0188A-230x300.jpg 230w\" sizes=\"auto, (max-width: 230px) 100vw, 230px\" \/>\n\t\t<div class=\"figc no-description\">\n\t\t\t<div class=\"figc-inner\">\n\t\t\t\t\t\t\t\t\t\t\t\t\t\t\t<\/div>\n\t\t<\/div>\n\n\t<\/div>\n\n<\/div><div class=\"modula-item effect-pufrobo\" >\n\t<div class=\"modula-item-overlay\"><\/div>\n\n\t<div class=\"modula-item-content\">\n\n\t\t<a data-image-id=\"936\" role=\"button\" tabindex=\"0\" rel=\"jtg-928\" data-caption=\"\" aria-label=\"Otw\u00f3rz obrazek w lightboxie\" class=\"tile-inner modula-item-link\"><\/a><img loading=\"lazy\" decoding=\"async\" class=\"pic wp-image-936\"  data-valign=\"middle\" data-halign=\"center\" alt=\"\" data-full=\"https:\/\/leda158.eu\/wp-content\/uploads\/2023\/09\/IMG_0149A.jpg\" title=\"IMG_0149A\" crop=\"\" width=\"200\" height=\"300\" src=\"https:\/\/leda158.eu\/wp-content\/uploads\/2023\/09\/IMG_0149A-200x300.jpg\" data-src=\"https:\/\/leda158.eu\/wp-content\/uploads\/2023\/09\/IMG_0149A-200x300.jpg\" data-caption=\"\" srcset=\"https:\/\/leda158.eu\/wp-content\/uploads\/2023\/09\/IMG_0149A.jpg 533w, https:\/\/leda158.eu\/wp-content\/uploads\/2023\/09\/IMG_0149A-200x300.jpg 200w\" sizes=\"auto, (max-width: 200px) 100vw, 200px\" \/>\n\t\t<div class=\"figc no-description\">\n\t\t\t<div class=\"figc-inner\">\n\t\t\t\t\t\t\t\t\t\t\t\t\t\t\t<\/div>\n\t\t<\/div>\n\n\t<\/div>\n\n<\/div><div class=\"modula-item effect-pufrobo\" >\n\t<div class=\"modula-item-overlay\"><\/div>\n\n\t<div class=\"modula-item-content\">\n\n\t\t<a data-image-id=\"937\" role=\"button\" tabindex=\"0\" rel=\"jtg-928\" data-caption=\"\" aria-label=\"Otw\u00f3rz obrazek w lightboxie\" class=\"tile-inner modula-item-link\"><\/a><img loading=\"lazy\" decoding=\"async\" class=\"pic wp-image-937\"  data-valign=\"middle\" data-halign=\"center\" alt=\"\" data-full=\"https:\/\/leda158.eu\/wp-content\/uploads\/2023\/09\/IMG_0152A.jpg\" title=\"IMG_0152A\" crop=\"\" width=\"200\" height=\"300\" src=\"https:\/\/leda158.eu\/wp-content\/uploads\/2023\/09\/IMG_0152A-200x300.jpg\" data-src=\"https:\/\/leda158.eu\/wp-content\/uploads\/2023\/09\/IMG_0152A-200x300.jpg\" data-caption=\"\" srcset=\"https:\/\/leda158.eu\/wp-content\/uploads\/2023\/09\/IMG_0152A.jpg 533w, https:\/\/leda158.eu\/wp-content\/uploads\/2023\/09\/IMG_0152A-200x300.jpg 200w\" sizes=\"auto, (max-width: 200px) 100vw, 200px\" \/>\n\t\t<div class=\"figc no-description\">\n\t\t\t<div class=\"figc-inner\">\n\t\t\t\t\t\t\t\t\t\t\t\t\t\t\t<\/div>\n\t\t<\/div>\n\n\t<\/div>\n\n<\/div><div class=\"modula-item effect-pufrobo\" >\n\t<div class=\"modula-item-overlay\"><\/div>\n\n\t<div class=\"modula-item-content\">\n\n\t\t<a data-image-id=\"938\" role=\"button\" tabindex=\"0\" rel=\"jtg-928\" data-caption=\"\" aria-label=\"Otw\u00f3rz obrazek w lightboxie\" class=\"tile-inner modula-item-link\"><\/a><img loading=\"lazy\" decoding=\"async\" class=\"pic wp-image-938\"  data-valign=\"middle\" data-halign=\"center\" alt=\"\" data-full=\"https:\/\/leda158.eu\/wp-content\/uploads\/2023\/09\/IMG_0156A.jpg\" title=\"IMG_0156A\" crop=\"\" width=\"200\" height=\"300\" src=\"https:\/\/leda158.eu\/wp-content\/uploads\/2023\/09\/IMG_0156A-200x300.jpg\" data-src=\"https:\/\/leda158.eu\/wp-content\/uploads\/2023\/09\/IMG_0156A-200x300.jpg\" data-caption=\"\" srcset=\"https:\/\/leda158.eu\/wp-content\/uploads\/2023\/09\/IMG_0156A.jpg 533w, https:\/\/leda158.eu\/wp-content\/uploads\/2023\/09\/IMG_0156A-200x300.jpg 200w\" sizes=\"auto, (max-width: 200px) 100vw, 200px\" \/>\n\t\t<div class=\"figc no-description\">\n\t\t\t<div class=\"figc-inner\">\n\t\t\t\t\t\t\t\t\t\t\t\t\t\t\t<\/div>\n\t\t<\/div>\n\n\t<\/div>\n\n<\/div><div class=\"modula-item effect-pufrobo\" >\n\t<div class=\"modula-item-overlay\"><\/div>\n\n\t<div class=\"modula-item-content\">\n\n\t\t<a data-image-id=\"939\" role=\"button\" tabindex=\"0\" rel=\"jtg-928\" data-caption=\"\" aria-label=\"Otw\u00f3rz obrazek w lightboxie\" class=\"tile-inner modula-item-link\"><\/a><img loading=\"lazy\" decoding=\"async\" class=\"pic wp-image-939\"  data-valign=\"middle\" data-halign=\"center\" alt=\"\" data-full=\"https:\/\/leda158.eu\/wp-content\/uploads\/2023\/09\/IMG_0159A.jpg\" title=\"IMG_0159A\" crop=\"\" width=\"200\" height=\"300\" src=\"https:\/\/leda158.eu\/wp-content\/uploads\/2023\/09\/IMG_0159A-200x300.jpg\" data-src=\"https:\/\/leda158.eu\/wp-content\/uploads\/2023\/09\/IMG_0159A-200x300.jpg\" data-caption=\"\" srcset=\"https:\/\/leda158.eu\/wp-content\/uploads\/2023\/09\/IMG_0159A.jpg 533w, https:\/\/leda158.eu\/wp-content\/uploads\/2023\/09\/IMG_0159A-200x300.jpg 200w\" sizes=\"auto, (max-width: 200px) 100vw, 200px\" \/>\n\t\t<div class=\"figc no-description\">\n\t\t\t<div class=\"figc-inner\">\n\t\t\t\t\t\t\t\t\t\t\t\t\t\t\t<\/div>\n\t\t<\/div>\n\n\t<\/div>\n\n<\/div>\t\t\n\t<\/div>\n\n\t\n\t\n\t<script type=\"application\/ld+json\">\n\t{\n\t\t\"@context\": \"http:\/\/schema.org\",\n\t\t\"@type\"   : \"ImageGallery\",\n\t\t\"id\"      : \"https:\/\/leda158.eu\/?page_id=48\/\",\n\t\t\"url\"     : \"https:\/\/leda158.eu\/?page_id=48\/\"\n\t}\n\n\t<\/script>\n\n\t\n<\/div>\n\n\n\n<div style=\"height:100px\" aria-hidden=\"true\" class=\"wp-block-spacer\"><\/div>\n\n\n\n<div class=\"wp-block-columns is-layout-flex wp-container-core-columns-is-layout-28f84493 wp-block-columns-is-layout-flex\">\n<div class=\"wp-block-column is-layout-flow wp-block-column-is-layout-flow\" style=\"flex-basis:33.33%\">\n<p>Matteo skacze do wody w Pa\u0142acu Kultury w Warszawie w wieku 8 lat. Oceny za skok: 6.5, 7, 7.<\/p>\n\n\n\n<p><\/p>\n<\/div>\n\n\n\n<div class=\"wp-block-column is-layout-flow wp-block-column-is-layout-flow\" style=\"flex-basis:66.66%\">\n<figure class=\"wp-block-video\"><video height=\"864\" style=\"aspect-ratio: 480 \/ 864;\" width=\"480\" controls src=\"https:\/\/leda158.eu\/wp-content\/uploads\/2023\/12\/Skoczek-do-wody.mp4\"><\/video><\/figure>\n<\/div>\n<\/div>\n","protected":false},"excerpt":{"rendered":"<p>\u201e\u015amiech to zdrowie\u201d. Ale \u015bmiech Matteo to zdrowie doskona\u0142e. Poni\u017cej Matteo the best of the best w pierwszych pi\u0119ciu latach \u017cycia. Poni\u017cej wzruszaj\u0105ce filmiki. Poni\u017cej &#8211; nasz model ma 7,5 roku. Matteo skacze do wody w Pa\u0142acu Kultury w Warszawie w wieku 8 lat. Oceny za skok: 6.5, 7, 7.<\/p>\n","protected":false},"author":1,"featured_media":0,"parent":42,"menu_order":0,"comment_status":"closed","ping_status":"closed","template":"","meta":{"ngg_post_thumbnail":0,"footnotes":""},"class_list":["post-48","page","type-page","status-publish","hentry"],"_links":{"self":[{"href":"https:\/\/leda158.eu\/index.php?rest_route=\/wp\/v2\/pages\/48","targetHints":{"allow":["GET"]}}],"collection":[{"href":"https:\/\/leda158.eu\/index.php?rest_route=\/wp\/v2\/pages"}],"about":[{"href":"https:\/\/leda158.eu\/index.php?rest_route=\/wp\/v2\/types\/page"}],"author":[{"embeddable":true,"href":"https:\/\/leda158.eu\/index.php?rest_route=\/wp\/v2\/users\/1"}],"replies":[{"embeddable":true,"href":"https:\/\/leda158.eu\/index.php?rest_route=%2Fwp%2Fv2%2Fcomments&post=48"}],"version-history":[{"count":11,"href":"https:\/\/leda158.eu\/index.php?rest_route=\/wp\/v2\/pages\/48\/revisions"}],"predecessor-version":[{"id":997,"href":"https:\/\/leda158.eu\/index.php?rest_route=\/wp\/v2\/pages\/48\/revisions\/997"}],"up":[{"embeddable":true,"href":"https:\/\/leda158.eu\/index.php?rest_route=\/wp\/v2\/pages\/42"}],"wp:attachment":[{"href":"https:\/\/leda158.eu\/index.php?rest_route=%2Fwp%2Fv2%2Fmedia&parent=48"}],"curies":[{"name":"wp","href":"https:\/\/api.w.org\/{rel}","templated":true}]}}