{"id":46,"date":"2023-01-26T08:30:55","date_gmt":"2023-01-26T07:30:55","guid":{"rendered":"https:\/\/leda158.eu\/?page_id=46"},"modified":"2023-02-14T09:45:24","modified_gmt":"2023-02-14T08:45:24","slug":"mario","status":"publish","type":"page","link":"https:\/\/leda158.eu\/?page_id=46","title":{"rendered":"Mario"},"content":{"rendered":"\n<figure class=\"wp-block-image size-full\"><img loading=\"lazy\" decoding=\"async\" width=\"1024\" height=\"768\" src=\"https:\/\/leda158.eu\/wp-content\/uploads\/2023\/01\/10.jpg\" alt=\"\" class=\"wp-image-155\" srcset=\"https:\/\/leda158.eu\/wp-content\/uploads\/2023\/01\/10.jpg 1024w, https:\/\/leda158.eu\/wp-content\/uploads\/2023\/01\/10-300x225.jpg 300w, https:\/\/leda158.eu\/wp-content\/uploads\/2023\/01\/10-768x576.jpg 768w\" sizes=\"auto, (max-width: 1024px) 100vw, 1024px\" \/><figcaption class=\"wp-element-caption\">Mario<\/figcaption><\/figure>\n\n\n\nngg_shortcode_0_placeholder\n\n\n\n<p><\/p>\n\n\n\n<figure class=\"wp-block-image aligncenter size-full\"><img loading=\"lazy\" decoding=\"async\" width=\"533\" height=\"800\" src=\"https:\/\/leda158.eu\/wp-content\/uploads\/2023\/01\/11.jpg\" alt=\"\" class=\"wp-image-177\" srcset=\"https:\/\/leda158.eu\/wp-content\/uploads\/2023\/01\/11.jpg 533w, https:\/\/leda158.eu\/wp-content\/uploads\/2023\/01\/11-200x300.jpg 200w\" sizes=\"auto, (max-width: 533px) 100vw, 533px\" \/><\/figure>\n\n\n\n<hr class=\"wp-block-separator has-alpha-channel-opacity\"\/>\n\n\n\n<p>A oto nies\u0142ychana historia &#8230;<\/p>\n\n\n\n<div class=\"wp-block-columns is-layout-flex wp-container-core-columns-is-layout-28f84493 wp-block-columns-is-layout-flex\">\n<div class=\"wp-block-column is-layout-flow wp-block-column-is-layout-flow\" style=\"flex-basis:33.33%\">\n<figure class=\"wp-block-image size-full\"><img loading=\"lazy\" decoding=\"async\" width=\"430\" height=\"430\" src=\"https:\/\/leda158.eu\/wp-content\/uploads\/2023\/02\/1933_sq.jpg\" alt=\"\" class=\"wp-image-864\" srcset=\"https:\/\/leda158.eu\/wp-content\/uploads\/2023\/02\/1933_sq.jpg 430w, https:\/\/leda158.eu\/wp-content\/uploads\/2023\/02\/1933_sq-300x300.jpg 300w, https:\/\/leda158.eu\/wp-content\/uploads\/2023\/02\/1933_sq-150x150.jpg 150w, https:\/\/leda158.eu\/wp-content\/uploads\/2023\/02\/1933_sq-400x400.jpg 400w\" sizes=\"auto, (max-width: 430px) 100vw, 430px\" \/><figcaption class=\"wp-element-caption\">Moka &#8211; kawiarka &#8211; model 1933<\/figcaption><\/figure>\n\n\n\n<figure class=\"wp-block-image size-full\"><img loading=\"lazy\" decoding=\"async\" width=\"854\" height=\"854\" src=\"https:\/\/leda158.eu\/wp-content\/uploads\/2023\/02\/1958.jpg\" alt=\"\" class=\"wp-image-865\" srcset=\"https:\/\/leda158.eu\/wp-content\/uploads\/2023\/02\/1958.jpg 854w, https:\/\/leda158.eu\/wp-content\/uploads\/2023\/02\/1958-300x300.jpg 300w, https:\/\/leda158.eu\/wp-content\/uploads\/2023\/02\/1958-150x150.jpg 150w, https:\/\/leda158.eu\/wp-content\/uploads\/2023\/02\/1958-768x768.jpg 768w, https:\/\/leda158.eu\/wp-content\/uploads\/2023\/02\/1958-400x400.jpg 400w\" sizes=\"auto, (max-width: 854px) 100vw, 854px\" \/><\/figure>\n<\/div>\n\n\n\n<div class=\"wp-block-column is-layout-flow wp-block-column-is-layout-flow\" style=\"flex-basis:66.66%\">\n<p><strong>Zaccaria i Bialetti to bardzo bliska rodzina.<\/strong><\/p>\n\n\n\n<p>Historia Bialetti si\u0119ga 1919 roku, kiedy w Crusinallo Alfonso Bialetti otworzy\u0142 warsztat, w kt\u00f3rym zajmowa\u0142 si\u0119 produkcj\u0105 p\u00f3\u0142produkt\u00f3w z aluminium.<\/p>\n\n\n\n<p>W 1933 r. Alfonso Bialetti wpad\u0142 na genialny pomys\u0142! To dzi\u0119ki niemu powsta\u0142a uwielbiana na ca\u0142ym \u015bwiecie Moka &#8211; dzbanek w stylu Art Deco, kt\u00f3ry zrewolucjonizowa\u0142 spos\u00f3b parzenia kawy w domu. Jego brat &#8211; Cesare Bialetti &#8211; obrotny biznesmen &#8211; jest dziadkiem Mario od strony mamy Federice Zaccaria &#8211; \u017cony Luciano Zaccaria.<\/p>\n\n\n\n<p>Paul Campani narysowa\u0142 wizerunek \u201eMa\u0142ego m\u0119\u017cczyzny z w\u0105sami\u201d, kt\u00f3ry sta\u0142 si\u0119 symbolem marki i do tej pory jest obecny na znaku towarowym Grupy Bialetti Industrie oraz na produktach marki Bialetti.<\/p>\n\n\n\n<p>Od 2016 r. firma Bialetti stworzy\u0142a pierwsz\u0105 Mok\u0119, kt\u00f3r\u0105 mo\u017cna stosowa\u0107 r\u00f3wnie\u017c na p\u0142ytach indukcyjnych.<\/p>\n<\/div>\n<\/div>\n\n\n\n<p><\/p>\n","protected":false},"excerpt":{"rendered":"<p>A oto nies\u0142ychana historia &#8230; Zaccaria i Bialetti to bardzo bliska rodzina. Historia Bialetti si\u0119ga 1919 roku, kiedy w Crusinallo Alfonso Bialetti otworzy\u0142 warsztat, w kt\u00f3rym zajmowa\u0142 si\u0119 produkcj\u0105 p\u00f3\u0142produkt\u00f3w z aluminium. W 1933 r. Alfonso Bialetti wpad\u0142 na genialny pomys\u0142! To dzi\u0119ki niemu powsta\u0142a uwielbiana na ca\u0142ym \u015bwiecie Moka &#8211; dzbanek w stylu Art [&hellip;]<\/p>\n","protected":false},"author":1,"featured_media":0,"parent":42,"menu_order":0,"comment_status":"closed","ping_status":"closed","template":"","meta":{"ngg_post_thumbnail":0,"footnotes":""},"class_list":["post-46","page","type-page","status-publish","hentry"],"_links":{"self":[{"href":"https:\/\/leda158.eu\/index.php?rest_route=\/wp\/v2\/pages\/46","targetHints":{"allow":["GET"]}}],"collection":[{"href":"https:\/\/leda158.eu\/index.php?rest_route=\/wp\/v2\/pages"}],"about":[{"href":"https:\/\/leda158.eu\/index.php?rest_route=\/wp\/v2\/types\/page"}],"author":[{"embeddable":true,"href":"https:\/\/leda158.eu\/index.php?rest_route=\/wp\/v2\/users\/1"}],"replies":[{"embeddable":true,"href":"https:\/\/leda158.eu\/index.php?rest_route=%2Fwp%2Fv2%2Fcomments&post=46"}],"version-history":[{"count":13,"href":"https:\/\/leda158.eu\/index.php?rest_route=\/wp\/v2\/pages\/46\/revisions"}],"predecessor-version":[{"id":878,"href":"https:\/\/leda158.eu\/index.php?rest_route=\/wp\/v2\/pages\/46\/revisions\/878"}],"up":[{"embeddable":true,"href":"https:\/\/leda158.eu\/index.php?rest_route=\/wp\/v2\/pages\/42"}],"wp:attachment":[{"href":"https:\/\/leda158.eu\/index.php?rest_route=%2Fwp%2Fv2%2Fmedia&parent=46"}],"curies":[{"name":"wp","href":"https:\/\/api.w.org\/{rel}","templated":true}]}}