{"id":44,"date":"2023-01-26T08:30:35","date_gmt":"2023-01-26T07:30:35","guid":{"rendered":"https:\/\/leda158.eu\/?page_id=44"},"modified":"2023-01-30T10:36:26","modified_gmt":"2023-01-30T09:36:26","slug":"budowa","status":"publish","type":"page","link":"https:\/\/leda158.eu\/?page_id=44","title":{"rendered":"Budowa"},"content":{"rendered":"\n<p>Najpierw by\u0142 Ursus w Warszawie. Poza Sal\u0105 Zgromadze\u0144 Micha\u0142 z Moni\u0105 zacz\u0119li budowa\u0107 wsp\u00f3ln\u0105 drog\u0119. P\u00f3\u017cniej budowali Sal\u0119 Kr\u00f3lestwa w Olsztynie. Olsztynem si\u0119 d\u0142ugo nie nacieszyli &#8211; wyjechali na bliski zach\u00f3d. Budowali Sal\u0119 Zgromadze\u0144 w Mostach ko\u0142o Szczecina. P\u00f3\u017cniej si\u0119 troch\u0119 pokr\u0119cili po Polsce i zat\u0119sknili za w\u0142asnym gniazdkiem.<\/p>\n\n\n\n<p>Nie ma jak u mamy &#8230;<\/p>\n\n\n\n<p>Trwa\u0142o to prawie ca\u0142y rok 2022. A oto dzie\u0142o:<\/p>\n\n\n\nngg_shortcode_0_placeholder\n","protected":false},"excerpt":{"rendered":"<p>Najpierw by\u0142 Ursus w Warszawie. Poza Sal\u0105 Zgromadze\u0144 Micha\u0142 z Moni\u0105 zacz\u0119li budowa\u0107 wsp\u00f3ln\u0105 drog\u0119. P\u00f3\u017cniej budowali Sal\u0119 Kr\u00f3lestwa w Olsztynie. Olsztynem si\u0119 d\u0142ugo nie nacieszyli &#8211; wyjechali na bliski zach\u00f3d. Budowali Sal\u0119 Zgromadze\u0144 w Mostach ko\u0142o Szczecina. P\u00f3\u017cniej si\u0119 troch\u0119 pokr\u0119cili po Polsce i zat\u0119sknili za w\u0142asnym gniazdkiem. Nie ma jak u mamy &#8230; [&hellip;]<\/p>\n","protected":false},"author":1,"featured_media":0,"parent":40,"menu_order":0,"comment_status":"closed","ping_status":"closed","template":"","meta":{"ngg_post_thumbnail":0,"footnotes":""},"class_list":["post-44","page","type-page","status-publish","hentry"],"_links":{"self":[{"href":"https:\/\/leda158.eu\/index.php?rest_route=\/wp\/v2\/pages\/44","targetHints":{"allow":["GET"]}}],"collection":[{"href":"https:\/\/leda158.eu\/index.php?rest_route=\/wp\/v2\/pages"}],"about":[{"href":"https:\/\/leda158.eu\/index.php?rest_route=\/wp\/v2\/types\/page"}],"author":[{"embeddable":true,"href":"https:\/\/leda158.eu\/index.php?rest_route=\/wp\/v2\/users\/1"}],"replies":[{"embeddable":true,"href":"https:\/\/leda158.eu\/index.php?rest_route=%2Fwp%2Fv2%2Fcomments&post=44"}],"version-history":[{"count":6,"href":"https:\/\/leda158.eu\/index.php?rest_route=\/wp\/v2\/pages\/44\/revisions"}],"predecessor-version":[{"id":638,"href":"https:\/\/leda158.eu\/index.php?rest_route=\/wp\/v2\/pages\/44\/revisions\/638"}],"up":[{"embeddable":true,"href":"https:\/\/leda158.eu\/index.php?rest_route=\/wp\/v2\/pages\/40"}],"wp:attachment":[{"href":"https:\/\/leda158.eu\/index.php?rest_route=%2Fwp%2Fv2%2Fmedia&parent=44"}],"curies":[{"name":"wp","href":"https:\/\/api.w.org\/{rel}","templated":true}]}}