{"id":42,"date":"2023-01-26T08:29:59","date_gmt":"2023-01-26T07:29:59","guid":{"rendered":"https:\/\/leda158.eu\/?page_id=42"},"modified":"2023-02-13T16:11:34","modified_gmt":"2023-02-13T15:11:34","slug":"zosia","status":"publish","type":"page","link":"https:\/\/leda158.eu\/?page_id=42","title":{"rendered":"Zosia"},"content":{"rendered":"\n<div class=\"wp-block-columns is-layout-flex wp-container-core-columns-is-layout-28f84493 wp-block-columns-is-layout-flex\">\n<div class=\"wp-block-column is-layout-flow wp-block-column-is-layout-flow\">\n<figure class=\"wp-block-image size-full\"><img loading=\"lazy\" decoding=\"async\" width=\"767\" height=\"768\" src=\"https:\/\/leda158.eu\/wp-content\/uploads\/2023\/01\/IMG_20211012_151202_1Aa.jpg\" alt=\"\" class=\"wp-image-149\" srcset=\"https:\/\/leda158.eu\/wp-content\/uploads\/2023\/01\/IMG_20211012_151202_1Aa.jpg 767w, https:\/\/leda158.eu\/wp-content\/uploads\/2023\/01\/IMG_20211012_151202_1Aa-300x300.jpg 300w, https:\/\/leda158.eu\/wp-content\/uploads\/2023\/01\/IMG_20211012_151202_1Aa-150x150.jpg 150w\" sizes=\"auto, (max-width: 767px) 100vw, 767px\" \/><\/figure>\n<\/div>\n\n\n\n<div class=\"wp-block-column is-layout-flow wp-block-column-is-layout-flow\">\n<figure class=\"wp-block-image size-full\"><img loading=\"lazy\" decoding=\"async\" width=\"652\" height=\"768\" src=\"https:\/\/leda158.eu\/wp-content\/uploads\/2023\/01\/IMG_20211012_151415_1Aa.jpg\" alt=\"\" class=\"wp-image-150\" srcset=\"https:\/\/leda158.eu\/wp-content\/uploads\/2023\/01\/IMG_20211012_151415_1Aa.jpg 652w, https:\/\/leda158.eu\/wp-content\/uploads\/2023\/01\/IMG_20211012_151415_1Aa-255x300.jpg 255w\" sizes=\"auto, (max-width: 652px) 100vw, 652px\" \/><\/figure>\n<\/div>\n<\/div>\n\n\n\n<p>Powy\u017cej prace  z okresu Liceum Plastycznego w \u0141om\u017cy. Nagrodzone w Portugalii. P\u00f3\u017aniej by\u0142o ASP w Warszawie. Pozostawi\u0142a wiele prac inspirowanych np. Etn\u0105. G\u0142\u00f3wnie grafiki.<\/p>\n\n\n\n<figure class=\"wp-block-image size-full\"><img loading=\"lazy\" decoding=\"async\" width=\"1024\" height=\"752\" src=\"https:\/\/leda158.eu\/wp-content\/uploads\/2023\/02\/etna-I_2007.jpg\" alt=\"\" class=\"wp-image-869\" srcset=\"https:\/\/leda158.eu\/wp-content\/uploads\/2023\/02\/etna-I_2007.jpg 1024w, https:\/\/leda158.eu\/wp-content\/uploads\/2023\/02\/etna-I_2007-300x220.jpg 300w, https:\/\/leda158.eu\/wp-content\/uploads\/2023\/02\/etna-I_2007-768x564.jpg 768w\" sizes=\"auto, (max-width: 1024px) 100vw, 1024px\" \/><figcaption class=\"wp-element-caption\">Etna  &#8211; 2007<\/figcaption><\/figure>\n\n\n\n<figure class=\"wp-block-image size-full\"><img loading=\"lazy\" decoding=\"async\" width=\"1024\" height=\"661\" src=\"https:\/\/leda158.eu\/wp-content\/uploads\/2023\/01\/slub.jpg\" alt=\"\" class=\"wp-image-151\" srcset=\"https:\/\/leda158.eu\/wp-content\/uploads\/2023\/01\/slub.jpg 1024w, https:\/\/leda158.eu\/wp-content\/uploads\/2023\/01\/slub-300x194.jpg 300w, https:\/\/leda158.eu\/wp-content\/uploads\/2023\/01\/slub-768x496.jpg 768w\" sizes=\"auto, (max-width: 1024px) 100vw, 1024px\" \/><figcaption class=\"wp-element-caption\">W dniu \u015blubu z Mario. Po wyk\u0142adzie biblijnym na temat ma\u0142\u017ce\u0144stwa.<\/figcaption><\/figure>\n\n\n\n<p><\/p>\n\n\n\n<div class=\"wp-block-columns is-layout-flex wp-container-core-columns-is-layout-28f84493 wp-block-columns-is-layout-flex\">\n<div class=\"wp-block-column is-layout-flow wp-block-column-is-layout-flow\">\n<figure class=\"wp-block-image size-full\"><img loading=\"lazy\" decoding=\"async\" width=\"600\" height=\"800\" src=\"https:\/\/leda158.eu\/wp-content\/uploads\/2023\/01\/mama1.jpg\" alt=\"\" class=\"wp-image-152\" srcset=\"https:\/\/leda158.eu\/wp-content\/uploads\/2023\/01\/mama1.jpg 600w, https:\/\/leda158.eu\/wp-content\/uploads\/2023\/01\/mama1-225x300.jpg 225w\" sizes=\"auto, (max-width: 600px) 100vw, 600px\" \/><\/figure>\n<\/div>\n\n\n\n<div class=\"wp-block-column is-layout-flow wp-block-column-is-layout-flow\">\n<figure class=\"wp-block-image size-full\"><img loading=\"lazy\" decoding=\"async\" width=\"600\" height=\"800\" src=\"https:\/\/leda158.eu\/wp-content\/uploads\/2023\/01\/mama2.jpg\" alt=\"\" class=\"wp-image-153\" srcset=\"https:\/\/leda158.eu\/wp-content\/uploads\/2023\/01\/mama2.jpg 600w, https:\/\/leda158.eu\/wp-content\/uploads\/2023\/01\/mama2-225x300.jpg 225w\" sizes=\"auto, (max-width: 600px) 100vw, 600px\" \/><\/figure>\n<\/div>\n<\/div>\n\n\n\n<p>Najukocha\u0144sza mama.<\/p>\n\n\n\n<p>Poni\u017cej warszawskie \u0141azienki &#8211; miejsce pracy Zosi.<\/p>\n\n\n\n<figure class=\"wp-block-image size-full\"><img loading=\"lazy\" decoding=\"async\" width=\"1024\" height=\"493\" src=\"https:\/\/leda158.eu\/wp-content\/uploads\/2023\/02\/IMG_20221031_111812.jpg\" alt=\"\" class=\"wp-image-849\" srcset=\"https:\/\/leda158.eu\/wp-content\/uploads\/2023\/02\/IMG_20221031_111812.jpg 1024w, https:\/\/leda158.eu\/wp-content\/uploads\/2023\/02\/IMG_20221031_111812-300x144.jpg 300w, https:\/\/leda158.eu\/wp-content\/uploads\/2023\/02\/IMG_20221031_111812-768x370.jpg 768w\" sizes=\"auto, (max-width: 1024px) 100vw, 1024px\" \/><\/figure>\n\n\n\nngg_shortcode_0_placeholder\n","protected":false},"excerpt":{"rendered":"<p>Powy\u017cej prace z okresu Liceum Plastycznego w \u0141om\u017cy. Nagrodzone w Portugalii. P\u00f3\u017aniej by\u0142o ASP w Warszawie. Pozostawi\u0142a wiele prac inspirowanych np. Etn\u0105. G\u0142\u00f3wnie grafiki. Najukocha\u0144sza mama. Poni\u017cej warszawskie \u0141azienki &#8211; miejsce pracy Zosi.<\/p>\n","protected":false},"author":1,"featured_media":0,"parent":38,"menu_order":0,"comment_status":"closed","ping_status":"closed","template":"","meta":{"ngg_post_thumbnail":0,"footnotes":""},"class_list":["post-42","page","type-page","status-publish","hentry"],"_links":{"self":[{"href":"https:\/\/leda158.eu\/index.php?rest_route=\/wp\/v2\/pages\/42","targetHints":{"allow":["GET"]}}],"collection":[{"href":"https:\/\/leda158.eu\/index.php?rest_route=\/wp\/v2\/pages"}],"about":[{"href":"https:\/\/leda158.eu\/index.php?rest_route=\/wp\/v2\/types\/page"}],"author":[{"embeddable":true,"href":"https:\/\/leda158.eu\/index.php?rest_route=\/wp\/v2\/users\/1"}],"replies":[{"embeddable":true,"href":"https:\/\/leda158.eu\/index.php?rest_route=%2Fwp%2Fv2%2Fcomments&post=42"}],"version-history":[{"count":5,"href":"https:\/\/leda158.eu\/index.php?rest_route=\/wp\/v2\/pages\/42\/revisions"}],"predecessor-version":[{"id":871,"href":"https:\/\/leda158.eu\/index.php?rest_route=\/wp\/v2\/pages\/42\/revisions\/871"}],"up":[{"embeddable":true,"href":"https:\/\/leda158.eu\/index.php?rest_route=\/wp\/v2\/pages\/38"}],"wp:attachment":[{"href":"https:\/\/leda158.eu\/index.php?rest_route=%2Fwp%2Fv2%2Fmedia&parent=42"}],"curies":[{"name":"wp","href":"https:\/\/api.w.org\/{rel}","templated":true}]}}