{"id":40,"date":"2023-01-26T08:29:29","date_gmt":"2023-01-26T07:29:29","guid":{"rendered":"https:\/\/leda158.eu\/?page_id=40"},"modified":"2023-01-26T20:20:39","modified_gmt":"2023-01-26T19:20:39","slug":"michal","status":"publish","type":"page","link":"https:\/\/leda158.eu\/?page_id=40","title":{"rendered":"Micha\u0142"},"content":{"rendered":"\n<div class=\"wp-block-columns is-layout-flex wp-container-core-columns-is-layout-28f84493 wp-block-columns-is-layout-flex\">\n<div class=\"wp-block-column is-layout-flow wp-block-column-is-layout-flow\">\n<figure class=\"wp-block-image size-full\"><img loading=\"lazy\" decoding=\"async\" width=\"580\" height=\"800\" src=\"https:\/\/leda158.eu\/wp-content\/uploads\/2023\/01\/03.jpg\" alt=\"\" class=\"wp-image-143\" srcset=\"https:\/\/leda158.eu\/wp-content\/uploads\/2023\/01\/03.jpg 580w, https:\/\/leda158.eu\/wp-content\/uploads\/2023\/01\/03-218x300.jpg 218w\" sizes=\"auto, (max-width: 580px) 100vw, 580px\" \/><\/figure>\n<\/div>\n\n\n\n<div class=\"wp-block-column is-layout-flow wp-block-column-is-layout-flow\">\n<figure class=\"wp-block-image size-full\"><img loading=\"lazy\" decoding=\"async\" width=\"713\" height=\"800\" src=\"https:\/\/leda158.eu\/wp-content\/uploads\/2023\/01\/04.jpg\" alt=\"\" class=\"wp-image-144\" srcset=\"https:\/\/leda158.eu\/wp-content\/uploads\/2023\/01\/04.jpg 713w, https:\/\/leda158.eu\/wp-content\/uploads\/2023\/01\/04-267x300.jpg 267w\" sizes=\"auto, (max-width: 713px) 100vw, 713px\" \/><\/figure>\n\n\n\n<p>Bu\u017aka do reklamy Bebiko.<\/p>\n\n\n\n<p>Obok &#8211; nasz pierworodny. Lubi\u0142 'wysokie loty\u2019.<\/p>\n\n\n\n<p><\/p>\n<\/div>\n<\/div>\n\n\n\n<p><\/p>\n\n\n\n<figure class=\"wp-block-image aligncenter size-full\"><img loading=\"lazy\" decoding=\"async\" width=\"524\" height=\"800\" src=\"https:\/\/leda158.eu\/wp-content\/uploads\/2023\/01\/2011_IMG_0598.jpg\" alt=\"\" class=\"wp-image-138\" srcset=\"https:\/\/leda158.eu\/wp-content\/uploads\/2023\/01\/2011_IMG_0598.jpg 524w, https:\/\/leda158.eu\/wp-content\/uploads\/2023\/01\/2011_IMG_0598-197x300.jpg 197w\" sizes=\"auto, (max-width: 524px) 100vw, 524px\" \/><figcaption class=\"wp-element-caption\">Monia \u2013 \u017ar\u00f3d\u0142o wszelkiego pocieszenia.<\/figcaption><\/figure>\n\n\n\n<p><\/p>\n\n\n\n<figure class=\"wp-block-image size-full\"><img loading=\"lazy\" decoding=\"async\" width=\"1024\" height=\"768\" src=\"https:\/\/leda158.eu\/wp-content\/uploads\/2023\/01\/IMG_9496.jpg\" alt=\"\" class=\"wp-image-139\" srcset=\"https:\/\/leda158.eu\/wp-content\/uploads\/2023\/01\/IMG_9496.jpg 1024w, https:\/\/leda158.eu\/wp-content\/uploads\/2023\/01\/IMG_9496-300x225.jpg 300w, https:\/\/leda158.eu\/wp-content\/uploads\/2023\/01\/IMG_9496-768x576.jpg 768w\" sizes=\"auto, (max-width: 1024px) 100vw, 1024px\" \/><figcaption class=\"wp-element-caption\">Razem z Moni\u0105 zdobywaj\u0105 Mont Blanc. Na najwy\u017cszej g\u00f3rze Europy umie\u015bclili reklam\u0119 g\u0142\u00f3wnego sponsora wyprawy.<\/figcaption><\/figure>\n\n\n\n<p><\/p>\n\n\n\n<figure class=\"wp-block-image size-full\"><img loading=\"lazy\" decoding=\"async\" width=\"800\" height=\"520\" src=\"https:\/\/leda158.eu\/wp-content\/uploads\/2023\/01\/2014_IMG_2854.jpg\" alt=\"\" class=\"wp-image-134\" srcset=\"https:\/\/leda158.eu\/wp-content\/uploads\/2023\/01\/2014_IMG_2854.jpg 800w, https:\/\/leda158.eu\/wp-content\/uploads\/2023\/01\/2014_IMG_2854-300x195.jpg 300w, https:\/\/leda158.eu\/wp-content\/uploads\/2023\/01\/2014_IMG_2854-768x499.jpg 768w\" sizes=\"auto, (max-width: 800px) 100vw, 800px\" \/><\/figure>\n\n\n\n<figure class=\"wp-block-gallery has-nested-images columns-default is-cropped wp-block-gallery-1 is-layout-flex wp-block-gallery-is-layout-flex\">\n<figure class=\"wp-block-image size-large\"><img loading=\"lazy\" decoding=\"async\" width=\"580\" height=\"800\" data-id=\"135\" src=\"https:\/\/leda158.eu\/wp-content\/uploads\/2023\/01\/IMG_2865.jpg\" alt=\"\" class=\"wp-image-135\" srcset=\"https:\/\/leda158.eu\/wp-content\/uploads\/2023\/01\/IMG_2865.jpg 580w, https:\/\/leda158.eu\/wp-content\/uploads\/2023\/01\/IMG_2865-218x300.jpg 218w\" sizes=\"auto, (max-width: 580px) 100vw, 580px\" \/><\/figure>\n\n\n\n<figure class=\"wp-block-image size-large\"><img loading=\"lazy\" decoding=\"async\" width=\"580\" height=\"800\" data-id=\"136\" src=\"https:\/\/leda158.eu\/wp-content\/uploads\/2023\/01\/IMG_2863.jpg\" alt=\"\" class=\"wp-image-136\" srcset=\"https:\/\/leda158.eu\/wp-content\/uploads\/2023\/01\/IMG_2863.jpg 580w, https:\/\/leda158.eu\/wp-content\/uploads\/2023\/01\/IMG_2863-218x300.jpg 218w\" sizes=\"auto, (max-width: 580px) 100vw, 580px\" \/><\/figure>\n<\/figure>\n\n\n\n<p>Kolejna mi\u0142o\u015b\u0107 Micha\u0142a \u2013 maratony.<\/p>\n\n\n\n<figure class=\"wp-block-image size-full\"><img loading=\"lazy\" decoding=\"async\" width=\"800\" height=\"533\" src=\"https:\/\/leda158.eu\/wp-content\/uploads\/2023\/01\/martensiaki.jpg\" alt=\"\" class=\"wp-image-140\" srcset=\"https:\/\/leda158.eu\/wp-content\/uploads\/2023\/01\/martensiaki.jpg 800w, https:\/\/leda158.eu\/wp-content\/uploads\/2023\/01\/martensiaki-300x200.jpg 300w, https:\/\/leda158.eu\/wp-content\/uploads\/2023\/01\/martensiaki-768x512.jpg 768w\" sizes=\"auto, (max-width: 800px) 100vw, 800px\" \/><\/figure>\n","protected":false},"excerpt":{"rendered":"<p>Bu\u017aka do reklamy Bebiko. Obok &#8211; nasz pierworodny. Lubi\u0142 'wysokie loty\u2019. Kolejna mi\u0142o\u015b\u0107 Micha\u0142a \u2013 maratony.<\/p>\n","protected":false},"author":1,"featured_media":0,"parent":38,"menu_order":0,"comment_status":"closed","ping_status":"closed","template":"","meta":{"ngg_post_thumbnail":0,"footnotes":""},"class_list":["post-40","page","type-page","status-publish","hentry"],"_links":{"self":[{"href":"https:\/\/leda158.eu\/index.php?rest_route=\/wp\/v2\/pages\/40","targetHints":{"allow":["GET"]}}],"collection":[{"href":"https:\/\/leda158.eu\/index.php?rest_route=\/wp\/v2\/pages"}],"about":[{"href":"https:\/\/leda158.eu\/index.php?rest_route=\/wp\/v2\/types\/page"}],"author":[{"embeddable":true,"href":"https:\/\/leda158.eu\/index.php?rest_route=\/wp\/v2\/users\/1"}],"replies":[{"embeddable":true,"href":"https:\/\/leda158.eu\/index.php?rest_route=%2Fwp%2Fv2%2Fcomments&post=40"}],"version-history":[{"count":6,"href":"https:\/\/leda158.eu\/index.php?rest_route=\/wp\/v2\/pages\/40\/revisions"}],"predecessor-version":[{"id":147,"href":"https:\/\/leda158.eu\/index.php?rest_route=\/wp\/v2\/pages\/40\/revisions\/147"}],"up":[{"embeddable":true,"href":"https:\/\/leda158.eu\/index.php?rest_route=\/wp\/v2\/pages\/38"}],"wp:attachment":[{"href":"https:\/\/leda158.eu\/index.php?rest_route=%2Fwp%2Fv2%2Fmedia&parent=40"}],"curies":[{"name":"wp","href":"https:\/\/api.w.org\/{rel}","templated":true}]}}