{"id":38,"date":"2023-01-26T08:28:14","date_gmt":"2023-01-26T07:28:14","guid":{"rendered":"https:\/\/leda158.eu\/?page_id=38"},"modified":"2023-01-26T16:01:14","modified_gmt":"2023-01-26T15:01:14","slug":"najblizsza-rodzina","status":"publish","type":"page","link":"https:\/\/leda158.eu\/?page_id=38","title":{"rendered":"Najbli\u017csza rodzina"},"content":{"rendered":"\n<p>Moja najbli\u017csza rodzina jest mi najdro\u017csza. Zawdzi\u0119czam to mojej kochanej \u017conie.<\/p>\n\n\n\n<hr class=\"wp-block-separator has-alpha-channel-opacity\"\/>\n","protected":false},"excerpt":{"rendered":"<p>Moja najbli\u017csza rodzina jest mi najdro\u017csza. Zawdzi\u0119czam to mojej kochanej \u017conie.<\/p>\n","protected":false},"author":1,"featured_media":0,"parent":15,"menu_order":-1,"comment_status":"closed","ping_status":"closed","template":"","meta":{"ngg_post_thumbnail":0,"footnotes":""},"class_list":["post-38","page","type-page","status-publish","hentry"],"_links":{"self":[{"href":"https:\/\/leda158.eu\/index.php?rest_route=\/wp\/v2\/pages\/38","targetHints":{"allow":["GET"]}}],"collection":[{"href":"https:\/\/leda158.eu\/index.php?rest_route=\/wp\/v2\/pages"}],"about":[{"href":"https:\/\/leda158.eu\/index.php?rest_route=\/wp\/v2\/types\/page"}],"author":[{"embeddable":true,"href":"https:\/\/leda158.eu\/index.php?rest_route=\/wp\/v2\/users\/1"}],"replies":[{"embeddable":true,"href":"https:\/\/leda158.eu\/index.php?rest_route=%2Fwp%2Fv2%2Fcomments&post=38"}],"version-history":[{"count":2,"href":"https:\/\/leda158.eu\/index.php?rest_route=\/wp\/v2\/pages\/38\/revisions"}],"predecessor-version":[{"id":132,"href":"https:\/\/leda158.eu\/index.php?rest_route=\/wp\/v2\/pages\/38\/revisions\/132"}],"up":[{"embeddable":true,"href":"https:\/\/leda158.eu\/index.php?rest_route=\/wp\/v2\/pages\/15"}],"wp:attachment":[{"href":"https:\/\/leda158.eu\/index.php?rest_route=%2Fwp%2Fv2%2Fmedia&parent=38"}],"curies":[{"name":"wp","href":"https:\/\/api.w.org\/{rel}","templated":true}]}}