{"id":35,"date":"2023-01-25T17:54:08","date_gmt":"2023-01-25T16:54:08","guid":{"rendered":"https:\/\/leda158.eu\/?page_id=35"},"modified":"2023-01-26T15:59:46","modified_gmt":"2023-01-26T14:59:46","slug":"zbyszek-i-hania","status":"publish","type":"page","link":"https:\/\/leda158.eu\/?page_id=35","title":{"rendered":"Zbyszek i Hania"},"content":{"rendered":"\n<div class=\"wp-block-columns is-layout-flex wp-container-core-columns-is-layout-28f84493 wp-block-columns-is-layout-flex\">\n<div class=\"wp-block-column is-layout-flow wp-block-column-is-layout-flow\" style=\"flex-basis:50%\">\n<div class=\"wp-block-group is-layout-constrained wp-block-group-is-layout-constrained\">\n<figure class=\"wp-block-image size-full is-resized\"><img loading=\"lazy\" decoding=\"async\" src=\"https:\/\/leda158.eu\/wp-content\/uploads\/2023\/01\/HaniaMi.jpg\" alt=\"\" class=\"wp-image-115\" width=\"280\" height=\"391\" srcset=\"https:\/\/leda158.eu\/wp-content\/uploads\/2023\/01\/HaniaMi.jpg 280w, https:\/\/leda158.eu\/wp-content\/uploads\/2023\/01\/HaniaMi-215x300.jpg 215w\" sizes=\"auto, (max-width: 280px) 100vw, 280px\" \/><\/figure>\n<\/div>\n<\/div>\n\n\n\n<div class=\"wp-block-column is-layout-flow wp-block-column-is-layout-flow\" style=\"flex-basis:50%\">\n<p>Obok \u2013 male\u0144ka Hanu\u015b<\/p>\n\n\n\n<p>ni\u017cej Hania pracuj\u0105ca w skansenie w Nowogrodzie<\/p>\n\n\n\n<figure class=\"wp-block-image size-full is-resized\"><img loading=\"lazy\" decoding=\"async\" src=\"https:\/\/leda158.eu\/wp-content\/uploads\/2023\/01\/Kominek.jpg\" alt=\"\" class=\"wp-image-117\" width=\"280\" height=\"401\" srcset=\"https:\/\/leda158.eu\/wp-content\/uploads\/2023\/01\/Kominek.jpg 280w, https:\/\/leda158.eu\/wp-content\/uploads\/2023\/01\/Kominek-209x300.jpg 209w\" sizes=\"auto, (max-width: 280px) 100vw, 280px\" \/><\/figure>\n<\/div>\n<\/div>\n\n\n\n<figure class=\"wp-block-image size-full\"><img loading=\"lazy\" decoding=\"async\" width=\"1024\" height=\"654\" src=\"https:\/\/leda158.eu\/wp-content\/uploads\/2023\/01\/img002.jpg\" alt=\"\" class=\"wp-image-118\" srcset=\"https:\/\/leda158.eu\/wp-content\/uploads\/2023\/01\/img002.jpg 1024w, https:\/\/leda158.eu\/wp-content\/uploads\/2023\/01\/img002-300x192.jpg 300w, https:\/\/leda158.eu\/wp-content\/uploads\/2023\/01\/img002-768x491.jpg 768w\" sizes=\"auto, (max-width: 1024px) 100vw, 1024px\" \/><figcaption class=\"wp-element-caption\">Moja narzeczona<\/figcaption><\/figure>\n\n\n\n<p><\/p>\n\n\n\n<p>A potem by\u0142 \u015blub i tak razem ju\u017c ponad 40 lat.<\/p>\n\n\n\n<figure class=\"wp-block-image size-full\"><img loading=\"lazy\" decoding=\"async\" width=\"696\" height=\"800\" src=\"https:\/\/leda158.eu\/wp-content\/uploads\/2023\/01\/img063a_stitch.jpg\" alt=\"\" class=\"wp-image-120\" srcset=\"https:\/\/leda158.eu\/wp-content\/uploads\/2023\/01\/img063a_stitch.jpg 696w, https:\/\/leda158.eu\/wp-content\/uploads\/2023\/01\/img063a_stitch-261x300.jpg 261w\" sizes=\"auto, (max-width: 696px) 100vw, 696px\" \/><\/figure>\n\n\n\n<p><\/p>\n\n\n\n<figure class=\"wp-block-gallery has-nested-images columns-default is-cropped wp-block-gallery-1 is-layout-flex wp-block-gallery-is-layout-flex\">\n<figure class=\"wp-block-image size-large\"><img loading=\"lazy\" decoding=\"async\" width=\"500\" height=\"331\" data-id=\"123\" src=\"https:\/\/leda158.eu\/wp-content\/uploads\/2023\/01\/Kregi.jpg\" alt=\"\" class=\"wp-image-123\" srcset=\"https:\/\/leda158.eu\/wp-content\/uploads\/2023\/01\/Kregi.jpg 500w, https:\/\/leda158.eu\/wp-content\/uploads\/2023\/01\/Kregi-300x199.jpg 300w\" sizes=\"auto, (max-width: 500px) 100vw, 500px\" \/><\/figure>\n\n\n\n<figure class=\"wp-block-image size-large\"><img loading=\"lazy\" decoding=\"async\" width=\"500\" height=\"331\" data-id=\"126\" src=\"https:\/\/leda158.eu\/wp-content\/uploads\/2023\/01\/Podroz1A.jpg\" alt=\"\" class=\"wp-image-126\" srcset=\"https:\/\/leda158.eu\/wp-content\/uploads\/2023\/01\/Podroz1A.jpg 500w, https:\/\/leda158.eu\/wp-content\/uploads\/2023\/01\/Podroz1A-300x199.jpg 300w\" sizes=\"auto, (max-width: 500px) 100vw, 500px\" \/><\/figure>\n<\/figure>\n\n\n\n<p><\/p>\n\n\n\n<figure class=\"wp-block-image size-full\"><img loading=\"lazy\" decoding=\"async\" width=\"800\" height=\"755\" src=\"https:\/\/leda158.eu\/wp-content\/uploads\/2023\/01\/Podroz2.jpg\" alt=\"\" class=\"wp-image-125\" srcset=\"https:\/\/leda158.eu\/wp-content\/uploads\/2023\/01\/Podroz2.jpg 800w, https:\/\/leda158.eu\/wp-content\/uploads\/2023\/01\/Podroz2-300x283.jpg 300w, https:\/\/leda158.eu\/wp-content\/uploads\/2023\/01\/Podroz2-768x725.jpg 768w\" sizes=\"auto, (max-width: 800px) 100vw, 800px\" \/><figcaption class=\"wp-element-caption\">Podr\u00f3\u017c po\u015blubna \u2013 sp\u0142yw kajakowy. Nie takie tam Wenecja, Pary\u017c czy Teneryfa.<\/figcaption><\/figure>\n\n\n\n<p><\/p>\n\n\n\n<div class=\"wp-block-columns is-layout-flex wp-container-core-columns-is-layout-28f84493 wp-block-columns-is-layout-flex\">\n<div class=\"wp-block-column is-layout-flow wp-block-column-is-layout-flow\">\n<figure class=\"wp-block-image size-full\"><img loading=\"lazy\" decoding=\"async\" width=\"600\" height=\"800\" src=\"https:\/\/leda158.eu\/wp-content\/uploads\/2023\/01\/Cross_Hania.jpg\" alt=\"\" class=\"wp-image-128\" srcset=\"https:\/\/leda158.eu\/wp-content\/uploads\/2023\/01\/Cross_Hania.jpg 600w, https:\/\/leda158.eu\/wp-content\/uploads\/2023\/01\/Cross_Hania-225x300.jpg 225w\" sizes=\"auto, (max-width: 600px) 100vw, 600px\" \/><\/figure>\n<\/div>\n\n\n\n<div class=\"wp-block-column is-layout-flow wp-block-column-is-layout-flow\">\n<div class=\"wp-block-group is-layout-constrained wp-block-group-is-layout-constrained\">\n<figure class=\"wp-block-image size-full\"><img loading=\"lazy\" decoding=\"async\" width=\"800\" height=\"610\" src=\"https:\/\/leda158.eu\/wp-content\/uploads\/2023\/01\/Szach2.jpg\" alt=\"\" class=\"wp-image-130\" srcset=\"https:\/\/leda158.eu\/wp-content\/uploads\/2023\/01\/Szach2.jpg 800w, https:\/\/leda158.eu\/wp-content\/uploads\/2023\/01\/Szach2-300x229.jpg 300w, https:\/\/leda158.eu\/wp-content\/uploads\/2023\/01\/Szach2-768x586.jpg 768w\" sizes=\"auto, (max-width: 800px) 100vw, 800px\" \/><\/figure>\n<\/div>\n\n\n\n<p>Nasz ukochany Szach,<\/p>\n\n\n\n<p>Obok &#8211; Hania uwielbia krzy\u017c\u00f3wki.<\/p>\n<\/div>\n<\/div>\n\n\n\n<p><\/p>\n\n\n\n<p><\/p>\n","protected":false},"excerpt":{"rendered":"<p>Obok \u2013 male\u0144ka Hanu\u015b ni\u017cej Hania pracuj\u0105ca w skansenie w Nowogrodzie A potem by\u0142 \u015blub i tak razem ju\u017c ponad 40 lat. Nasz ukochany Szach, Obok &#8211; Hania uwielbia krzy\u017c\u00f3wki.<\/p>\n","protected":false},"author":1,"featured_media":0,"parent":15,"menu_order":-2,"comment_status":"closed","ping_status":"closed","template":"","meta":{"ngg_post_thumbnail":0,"footnotes":""},"class_list":["post-35","page","type-page","status-publish","hentry"],"_links":{"self":[{"href":"https:\/\/leda158.eu\/index.php?rest_route=\/wp\/v2\/pages\/35","targetHints":{"allow":["GET"]}}],"collection":[{"href":"https:\/\/leda158.eu\/index.php?rest_route=\/wp\/v2\/pages"}],"about":[{"href":"https:\/\/leda158.eu\/index.php?rest_route=\/wp\/v2\/types\/page"}],"author":[{"embeddable":true,"href":"https:\/\/leda158.eu\/index.php?rest_route=\/wp\/v2\/users\/1"}],"replies":[{"embeddable":true,"href":"https:\/\/leda158.eu\/index.php?rest_route=%2Fwp%2Fv2%2Fcomments&post=35"}],"version-history":[{"count":7,"href":"https:\/\/leda158.eu\/index.php?rest_route=\/wp\/v2\/pages\/35\/revisions"}],"predecessor-version":[{"id":131,"href":"https:\/\/leda158.eu\/index.php?rest_route=\/wp\/v2\/pages\/35\/revisions\/131"}],"up":[{"embeddable":true,"href":"https:\/\/leda158.eu\/index.php?rest_route=\/wp\/v2\/pages\/15"}],"wp:attachment":[{"href":"https:\/\/leda158.eu\/index.php?rest_route=%2Fwp%2Fv2%2Fmedia&parent=35"}],"curies":[{"name":"wp","href":"https:\/\/api.w.org\/{rel}","templated":true}]}}