{"id":310,"date":"2023-01-27T11:44:40","date_gmt":"2023-01-27T10:44:40","guid":{"rendered":"https:\/\/leda158.eu\/?page_id=310"},"modified":"2023-01-29T11:33:46","modified_gmt":"2023-01-29T10:33:46","slug":"poziom-trzeci","status":"publish","type":"page","link":"https:\/\/leda158.eu\/?page_id=310","title":{"rendered":"Poziom trzeci"},"content":{"rendered":"\n<p>Poni\u017cej jest test z wiedzy biblijnej dla starszej m\u0142odzie\u017cy. Wybierz jedn\u0105 z odpowiedzi i przestaw w prawo prze\u0142\u0105cznik przy odpowiedzi, kt\u00f3r\u0105 uwa\u017casz za w\u0142a\u015bciw\u0105. Je\u015bli si\u0119 zm\u0119czysz, mo\u017cesz przewin\u0105\u0107 stron\u0119 do ko\u0144ca i nacisn\u0105\u0107 przycisk FINISZ. Czas na odpowied\u017a jest ograniczony. Poprawno\u015b\u0107 odpowiedzi pojawi si\u0119 po udzieleniu wszystkich odpowiedzi. Na ka\u017cd\u0105 odpowied\u017a masz tylko 20 sekund. Up\u0142ywaj\u0105cy czas jest w prawym dolnym rogu ekranu. Up\u0142yw czasu jest po naci\u015bni\u0119ciu przycisku START QUIZU.<\/p>\n\n\n<div class = \"hdq_quiz_wrapper\"><a href = \"https:\/\/leda158.eu\/?page_id=310\" rel=\"noamphtml\" class = \"hdq_quiz_start hdq_button button\" role = \"button\">QUIZ START<\/a><\/div>\n\n\n<p>Wynik po sko\u0144czeniu testu pojawi si\u0119 na g\u00f3rze. Przewi\u0144 ekran.<\/p>\n","protected":false},"excerpt":{"rendered":"<p>Poni\u017cej jest test z wiedzy biblijnej dla starszej m\u0142odzie\u017cy. Wybierz jedn\u0105 z odpowiedzi i przestaw w prawo prze\u0142\u0105cznik przy odpowiedzi, kt\u00f3r\u0105 uwa\u017casz za w\u0142a\u015bciw\u0105. Je\u015bli si\u0119 zm\u0119czysz, mo\u017cesz przewin\u0105\u0107 stron\u0119 do ko\u0144ca i nacisn\u0105\u0107 przycisk FINISZ. Czas na odpowied\u017a jest ograniczony. Poprawno\u015b\u0107 odpowiedzi pojawi si\u0119 po udzieleniu wszystkich odpowiedzi. Na ka\u017cd\u0105 odpowied\u017a masz tylko 20 [&hellip;]<\/p>\n","protected":false},"author":1,"featured_media":0,"parent":304,"menu_order":0,"comment_status":"closed","ping_status":"closed","template":"","meta":{"ngg_post_thumbnail":0,"footnotes":""},"class_list":["post-310","page","type-page","status-publish","hentry"],"_links":{"self":[{"href":"https:\/\/leda158.eu\/index.php?rest_route=\/wp\/v2\/pages\/310","targetHints":{"allow":["GET"]}}],"collection":[{"href":"https:\/\/leda158.eu\/index.php?rest_route=\/wp\/v2\/pages"}],"about":[{"href":"https:\/\/leda158.eu\/index.php?rest_route=\/wp\/v2\/types\/page"}],"author":[{"embeddable":true,"href":"https:\/\/leda158.eu\/index.php?rest_route=\/wp\/v2\/users\/1"}],"replies":[{"embeddable":true,"href":"https:\/\/leda158.eu\/index.php?rest_route=%2Fwp%2Fv2%2Fcomments&post=310"}],"version-history":[{"count":3,"href":"https:\/\/leda158.eu\/index.php?rest_route=\/wp\/v2\/pages\/310\/revisions"}],"predecessor-version":[{"id":573,"href":"https:\/\/leda158.eu\/index.php?rest_route=\/wp\/v2\/pages\/310\/revisions\/573"}],"up":[{"embeddable":true,"href":"https:\/\/leda158.eu\/index.php?rest_route=\/wp\/v2\/pages\/304"}],"wp:attachment":[{"href":"https:\/\/leda158.eu\/index.php?rest_route=%2Fwp%2Fv2%2Fmedia&parent=310"}],"curies":[{"name":"wp","href":"https:\/\/api.w.org\/{rel}","templated":true}]}}