{"id":308,"date":"2023-01-27T11:44:18","date_gmt":"2023-01-27T10:44:18","guid":{"rendered":"https:\/\/leda158.eu\/?page_id=308"},"modified":"2023-01-28T07:15:14","modified_gmt":"2023-01-28T06:15:14","slug":"poziom-drugi","status":"publish","type":"page","link":"https:\/\/leda158.eu\/?page_id=308","title":{"rendered":"Poziom drugi"},"content":{"rendered":"\n<p>Poni\u017cej jest test z wiedzy biblijnej dla m\u0142odzie\u017cy. Wybierz jedn\u0105 z odpowiedzi i przestaw w prawo prze\u0142\u0105cznik przy odpowiedzi, kt\u00f3r\u0105 uwa\u017casz za w\u0142a\u015bciw\u0105. Je\u015bli si\u0119 zm\u0119czysz, mo\u017cesz przewin\u0105\u0107 stron\u0119 do ko\u0144ca i nacisn\u0105\u0107 przycisk FINISZ. Zobaczysz w\u00f3wczas wszystkie odpowiedzi z zaznaczeniem poprawnych. Czas na odpowied\u017a nie jest ograniczony. Poprawno\u015b\u0107 odpowiedzi pojawi si\u0119 po udzieleniu ka\u017cdej odpowiedzi. W przypadku nieprawid\u0142owej odpowiedzi, zaznaczona jest tak\u017ce odpowied\u017a poprawna.<\/p>\n\n\n\n<p><\/p>\n\n\n\n<p><\/p>\n\n\n<div class = \"hdq_quiz_wrapper\"><a href = \"https:\/\/leda158.eu\/?page_id=308\" rel=\"noamphtml\" class = \"hdq_quiz_start hdq_button button\" role = \"button\">QUIZ START<\/a><\/div>\n\n\n<p>Je\u017celi jeszcze nie masz dosy\u0107, to wskocz na wy\u017cszy poziom.<\/p>\n","protected":false},"excerpt":{"rendered":"<p>Poni\u017cej jest test z wiedzy biblijnej dla m\u0142odzie\u017cy. Wybierz jedn\u0105 z odpowiedzi i przestaw w prawo prze\u0142\u0105cznik przy odpowiedzi, kt\u00f3r\u0105 uwa\u017casz za w\u0142a\u015bciw\u0105. Je\u015bli si\u0119 zm\u0119czysz, mo\u017cesz przewin\u0105\u0107 stron\u0119 do ko\u0144ca i nacisn\u0105\u0107 przycisk FINISZ. Zobaczysz w\u00f3wczas wszystkie odpowiedzi z zaznaczeniem poprawnych. Czas na odpowied\u017a nie jest ograniczony. Poprawno\u015b\u0107 odpowiedzi pojawi si\u0119 po udzieleniu ka\u017cdej [&hellip;]<\/p>\n","protected":false},"author":1,"featured_media":0,"parent":304,"menu_order":0,"comment_status":"closed","ping_status":"closed","template":"","meta":{"ngg_post_thumbnail":0,"footnotes":""},"class_list":["post-308","page","type-page","status-publish","hentry"],"_links":{"self":[{"href":"https:\/\/leda158.eu\/index.php?rest_route=\/wp\/v2\/pages\/308","targetHints":{"allow":["GET"]}}],"collection":[{"href":"https:\/\/leda158.eu\/index.php?rest_route=\/wp\/v2\/pages"}],"about":[{"href":"https:\/\/leda158.eu\/index.php?rest_route=\/wp\/v2\/types\/page"}],"author":[{"embeddable":true,"href":"https:\/\/leda158.eu\/index.php?rest_route=\/wp\/v2\/users\/1"}],"replies":[{"embeddable":true,"href":"https:\/\/leda158.eu\/index.php?rest_route=%2Fwp%2Fv2%2Fcomments&post=308"}],"version-history":[{"count":2,"href":"https:\/\/leda158.eu\/index.php?rest_route=\/wp\/v2\/pages\/308\/revisions"}],"predecessor-version":[{"id":492,"href":"https:\/\/leda158.eu\/index.php?rest_route=\/wp\/v2\/pages\/308\/revisions\/492"}],"up":[{"embeddable":true,"href":"https:\/\/leda158.eu\/index.php?rest_route=\/wp\/v2\/pages\/304"}],"wp:attachment":[{"href":"https:\/\/leda158.eu\/index.php?rest_route=%2Fwp%2Fv2%2Fmedia&parent=308"}],"curies":[{"name":"wp","href":"https:\/\/api.w.org\/{rel}","templated":true}]}}