{"id":306,"date":"2023-01-27T11:43:49","date_gmt":"2023-01-27T10:43:49","guid":{"rendered":"https:\/\/leda158.eu\/?page_id=306"},"modified":"2023-01-29T11:29:40","modified_gmt":"2023-01-29T10:29:40","slug":"poziom-pierwszy","status":"publish","type":"page","link":"https:\/\/leda158.eu\/?page_id=306","title":{"rendered":"Poziom pierwszy"},"content":{"rendered":"\n<p>Poni\u017cej jest test z wiedzy biblijnej dla starszych dzieci. Wybierz jedn\u0105 z odpowiedzi i przestaw w prawo prze\u0142\u0105cznik przy odpowiedzi, kt\u00f3r\u0105 uwa\u017casz za w\u0142a\u015bciw\u0105. Je\u015bli si\u0119 zm\u0119czysz, mo\u017cesz przewin\u0105\u0107 stron\u0119 do ko\u0144ca i nacisn\u0105\u0107 przycisk FINISZ. Zobaczysz w\u00f3wczas wszystkie odpowiedzi z zaznaczeniem poprawnych. Czas na odpowied\u017a nie jest ograniczony. Poprawno\u015b\u0107 odpowiedzi pojawi si\u0119 na koniec testu.<\/p>\n\n\n\n<p><\/p>\n\n\n<div class = \"hdq_quiz_wrapper\"><a href = \"https:\/\/leda158.eu\/?page_id=306\" rel=\"noamphtml\" class = \"hdq_quiz_start hdq_button button\" role = \"button\">QUIZ START<\/a><\/div>\n\n\n<p>Jak troch\u0119 odpoczniesz mo\u017cesz wybra\u0107 trudniejszy test.<\/p>\n","protected":false},"excerpt":{"rendered":"<p>Poni\u017cej jest test z wiedzy biblijnej dla starszych dzieci. Wybierz jedn\u0105 z odpowiedzi i przestaw w prawo prze\u0142\u0105cznik przy odpowiedzi, kt\u00f3r\u0105 uwa\u017casz za w\u0142a\u015bciw\u0105. Je\u015bli si\u0119 zm\u0119czysz, mo\u017cesz przewin\u0105\u0107 stron\u0119 do ko\u0144ca i nacisn\u0105\u0107 przycisk FINISZ. Zobaczysz w\u00f3wczas wszystkie odpowiedzi z zaznaczeniem poprawnych. Czas na odpowied\u017a nie jest ograniczony. Poprawno\u015b\u0107 odpowiedzi pojawi si\u0119 na koniec [&hellip;]<\/p>\n","protected":false},"author":1,"featured_media":0,"parent":304,"menu_order":-1,"comment_status":"closed","ping_status":"closed","template":"","meta":{"ngg_post_thumbnail":0,"footnotes":""},"class_list":["post-306","page","type-page","status-publish","hentry"],"_links":{"self":[{"href":"https:\/\/leda158.eu\/index.php?rest_route=\/wp\/v2\/pages\/306","targetHints":{"allow":["GET"]}}],"collection":[{"href":"https:\/\/leda158.eu\/index.php?rest_route=\/wp\/v2\/pages"}],"about":[{"href":"https:\/\/leda158.eu\/index.php?rest_route=\/wp\/v2\/types\/page"}],"author":[{"embeddable":true,"href":"https:\/\/leda158.eu\/index.php?rest_route=\/wp\/v2\/users\/1"}],"replies":[{"embeddable":true,"href":"https:\/\/leda158.eu\/index.php?rest_route=%2Fwp%2Fv2%2Fcomments&post=306"}],"version-history":[{"count":4,"href":"https:\/\/leda158.eu\/index.php?rest_route=\/wp\/v2\/pages\/306\/revisions"}],"predecessor-version":[{"id":572,"href":"https:\/\/leda158.eu\/index.php?rest_route=\/wp\/v2\/pages\/306\/revisions\/572"}],"up":[{"embeddable":true,"href":"https:\/\/leda158.eu\/index.php?rest_route=\/wp\/v2\/pages\/304"}],"wp:attachment":[{"href":"https:\/\/leda158.eu\/index.php?rest_route=%2Fwp%2Fv2%2Fmedia&parent=306"}],"curies":[{"name":"wp","href":"https:\/\/api.w.org\/{rel}","templated":true}]}}