{"id":304,"date":"2023-01-27T11:43:15","date_gmt":"2023-01-27T10:43:15","guid":{"rendered":"https:\/\/leda158.eu\/?page_id=304"},"modified":"2023-01-27T20:15:50","modified_gmt":"2023-01-27T19:15:50","slug":"zagadki","status":"publish","type":"page","link":"https:\/\/leda158.eu\/?page_id=304","title":{"rendered":"Zagadki"},"content":{"rendered":"\n<p>Zapraszam do mi\u0142ej zabawy. Masz do wyboru test z wiedzy biblijnej dla os\u00f3b z r\u00f3\u017cnym przygotowaniem w tym temacie. Poziom trudno\u015bci pyta\u0144 stopniowo wzrasta. Przy ka\u017cdym pytaniu wybierz jedn\u0105 z odpowiedzi i przestaw w prawo prze\u0142\u0105cznik przy odpowiedzi, kt\u00f3r\u0105 uwa\u017casz za w\u0142a\u015bciw\u0105. Je\u015bli si\u0119 zm\u0119czysz, mo\u017cesz przewin\u0105\u0107 stron\u0119 do ko\u0144ca i nacisn\u0105\u0107 przycisk FINISZ. Zobaczysz w\u00f3wczas wszystkie odpowiedzi z zaznaczeniem poprawnych. Aby ponowi\u0107 test powiniene\u015b od\u015bwie\u017cy\u0107 stron\u0119.<\/p>\n\n\n\n<p>Nie wykonuj wszystkich test\u00f3w na raz. Przy ka\u017cdym wej\u015bciu na stron\u0119 pytania b\u0119d\u0105 w innej kolejno\u015bci. R\u00f3wnie\u017c propozycje odpowiedzi wy\u015bwietl\u0105 si\u0119 w innej kolejno\u015bci. Przeanalizuj poprawne odpowiedzi i je zapami\u0119taj.<\/p>\n\n\n\n<p>Moja propozycja korzystania z test\u00f3w jest nast\u0119puj\u0105ca: odpowiadasz na 6 pierwszych pyta\u0144 i naciskasz przycisk FINISZ, kt\u00f3ry znajdziesz po przewini\u0119ciu strony na samym dole. Otrzymujesz dla siebie tak\u0105 ocen\u0119 ile uzyska\u0142e\u015b punkt\u00f3w. Wynik zachowaj tylko dla siebie.<\/p>\n\n\n\n<p>\u017bycz\u0119 sukces\u00f3w!!!<\/p>\n","protected":false},"excerpt":{"rendered":"<p>Zapraszam do mi\u0142ej zabawy. Masz do wyboru test z wiedzy biblijnej dla os\u00f3b z r\u00f3\u017cnym przygotowaniem w tym temacie. Poziom trudno\u015bci pyta\u0144 stopniowo wzrasta. Przy ka\u017cdym pytaniu wybierz jedn\u0105 z odpowiedzi i przestaw w prawo prze\u0142\u0105cznik przy odpowiedzi, kt\u00f3r\u0105 uwa\u017casz za w\u0142a\u015bciw\u0105. Je\u015bli si\u0119 zm\u0119czysz, mo\u017cesz przewin\u0105\u0107 stron\u0119 do ko\u0144ca i nacisn\u0105\u0107 przycisk FINISZ. Zobaczysz [&hellip;]<\/p>\n","protected":false},"author":1,"featured_media":0,"parent":17,"menu_order":0,"comment_status":"closed","ping_status":"closed","template":"","meta":{"ngg_post_thumbnail":0,"footnotes":""},"class_list":["post-304","page","type-page","status-publish","hentry"],"_links":{"self":[{"href":"https:\/\/leda158.eu\/index.php?rest_route=\/wp\/v2\/pages\/304","targetHints":{"allow":["GET"]}}],"collection":[{"href":"https:\/\/leda158.eu\/index.php?rest_route=\/wp\/v2\/pages"}],"about":[{"href":"https:\/\/leda158.eu\/index.php?rest_route=\/wp\/v2\/types\/page"}],"author":[{"embeddable":true,"href":"https:\/\/leda158.eu\/index.php?rest_route=\/wp\/v2\/users\/1"}],"replies":[{"embeddable":true,"href":"https:\/\/leda158.eu\/index.php?rest_route=%2Fwp%2Fv2%2Fcomments&post=304"}],"version-history":[{"count":2,"href":"https:\/\/leda158.eu\/index.php?rest_route=\/wp\/v2\/pages\/304\/revisions"}],"predecessor-version":[{"id":451,"href":"https:\/\/leda158.eu\/index.php?rest_route=\/wp\/v2\/pages\/304\/revisions\/451"}],"up":[{"embeddable":true,"href":"https:\/\/leda158.eu\/index.php?rest_route=\/wp\/v2\/pages\/17"}],"wp:attachment":[{"href":"https:\/\/leda158.eu\/index.php?rest_route=%2Fwp%2Fv2%2Fmedia&parent=304"}],"curies":[{"name":"wp","href":"https:\/\/api.w.org\/{rel}","templated":true}]}}