{"id":236,"date":"2023-01-27T08:40:31","date_gmt":"2023-01-27T07:40:31","guid":{"rendered":"https:\/\/leda158.eu\/?page_id=236"},"modified":"2023-01-27T09:19:12","modified_gmt":"2023-01-27T08:19:12","slug":"dobre-rady","status":"publish","type":"page","link":"https:\/\/leda158.eu\/?page_id=236","title":{"rendered":"Dobre rady"},"content":{"rendered":"\n<figure class=\"wp-block-table\"><table><tbody><tr><td><strong>\u0179r\u00f3d\u0142o<\/strong><\/td><td><strong>Komentarz<\/strong><\/td><\/tr><tr><td>S\u0142owa, kt\u00f3re ci dzisiaj przekazuj\u0119, maj\u0105 by\u0107 w&nbsp;twoim sercu&nbsp;i&nbsp;masz je wpaja\u0107 swoim dzieciom, rozmawia\u0107 o&nbsp;nich, gdy siedzisz w&nbsp;domu, gdy idziesz drog\u0105, gdy si\u0119 k\u0142adziesz i&nbsp;gdy wstajesz.<br>Powt\u00f3rzonego Prawa 6:6,7<\/td><td>Nie powinni\u015bmy wstrzymywa\u0107 si\u0119 z edukacj\u0105 biblijn\u0105 do osi\u0105gni\u0119cia przez dziecko starszego wieku. Im szybciej, tym lepiej. To mog\u0105 by\u0107 mikro lekcje, takie mimowolne wtr\u0105cenia wa\u017cnych tre\u015bci. Nast\u0119puje naturalna akceptacja osobowego Boga i wzrastaj\u0105 ch\u0119ci podporz\u0105dkowania si\u0119 Jego zasadom i prawom.<\/td><\/tr><tr><td>\u201eDlatego wszystko, co chcecie, \u017ceby ludzie wam czynili, sami te\u017c im czy\u0144cie. Taki w&nbsp;rzeczywisto\u015bci jest sens Prawa i&nbsp;pism prorok\u00f3w.<br>Ewangelia wg Mateusza 7:12<\/td><td>To wypowied\u017a Jezusa, a uniwersalno\u015bci tej zasady \u015bwiadczy to, \u017ce zosta\u0142a nazwana \u201eZ\u0142ot\u0105 regu\u0142\u0105\u201d. Wymaga przemy\u015blenia przed dzia\u0142aniem, aby wywo\u0142a\u0107 oczekiwan\u0105 reakcj\u0119 drugiej strony. Idealnie kszta\u0142tuje dobre mi\u0119dzyludzkie stosunki. Wskazuje te\u017c na \u017ar\u00f3d\u0142o takiej wyk\u0142adni w Pismach Hebrajskich (Starym Testamencie).<\/td><\/tr><tr><td>Nie dajcie si\u0119 wprowadzi\u0107 w&nbsp;b\u0142\u0105d. Z\u0142e towarzystwo psuje po\u017cyteczne zwyczaje.<br>1Koryntian 15:33<\/td><td>Szczeg\u00f3lnie jest to wa\u017cne w okresie dojrzewania m\u0142odzie\u017cy. Nale\u017cy zacz\u0105\u0107 od najm\u0142odszego okresu, kiedy to rodzice powinni by\u0107 najlepszymi przyjaci\u00f3\u0142mi. Wtedy ta wi\u0119\u017a nie b\u0119dzie nigdy przerwana. Naturalnie wymaga to po\u015bwi\u0119cenia dziecku du\u017co czasu. Ale to nie jest strata, gdy\u017c jak m\u00f3wi pewne chi\u0144skie przys\u0142owie \u2013 gdy kto\u015b my\u015bli 100 lat naprz\u00f3d, to wychowuje dzieci.<br>W p\u00f3\u017aniejszym okresie najlepszym towarzystwem b\u0119d\u0105 osoby podzielaj\u0105cy pogl\u0105d o podporz\u0105dkowaniu si\u0119 Bo\u017cym zasadom.<\/td><\/tr><tr><td>Nie dajcie si\u0119 wprowadzi\u0107 w&nbsp;b\u0142\u0105d: B\u00f3g nie da si\u0119 z&nbsp;siebie na\u015bmiewa\u0107. Co kto\u015b sieje, to b\u0119dzie zbiera\u0107.<br>Galat\u00f3w 6:7<\/td><td>Cz\u0142owiek ponosi konsekwencje swojego post\u0119powania. Ale jako\u015b dziwnie w relacji z Bogiem liczy na pe\u0142ne i bezwarunkowe przebaczenie. W przesz\u0142o\u015bci by\u0142o kilka wydarze\u0144 \u015bwiadcz\u0105cych o tym, \u017ce Bo\u017ca cierpliwo\u015b\u0107 si\u0119 wyczerpa\u0142a. Wygnanie z Raju, potop, Sodoma, wyp\u0119dzenie Izraela do Babilonu czy zag\u0142ada przez Rzymian w roku 70 n.e. to tylko niekt\u00f3re z nich.<\/td><\/tr><tr><td>We wszystkim wam pokaza\u0142em, jak si\u0119 wysila\u0107, \u017ceby pomaga\u0107 s\u0142abym. Pami\u0119tajcie o&nbsp;s\u0142owach Pana Jezusa, kt\u00f3ry sam powiedzia\u0142: \u201aWi\u0119cej szcz\u0119\u015bcia wynika z&nbsp;dawania ni\u017c z&nbsp;otrzymywania\u2019\u201d.<br>Dzieje Ap. 20:35<\/td><td>\u017byjemy w spo\u0142ecze\u0144stwie nastawionym bardzo konsumpcyjnie. Coraz cz\u0119\u015bciej tak\u017ce roszczeniowo. Wr\u0119cz zach\u0142annie pragn\u0105 posiada\u0107 jak najwi\u0119cej d\u00f3br i w ten spos\u00f3b staj\u0105 si\u0119 zak\u0142adnikami tych\u017ce d\u00f3br. A tymczasem Jezus zach\u0119ca nas do dawania. Nie nale\u017cy tego tylko kojarzy\u0107 z dobrami materialnymi. Da\u0107 mo\u017cna dobre s\u0142owo, rad\u0119, wsp\u00f3\u0142czucie, go\u015bcin\u0119, tak\u017ce drobny podarunek. To wszystko zwraca si\u0119 wielokro\u0107.<\/td><\/tr><tr><td>Szcz\u0119\u015bliwy jest cz\u0142owiek, kt\u00f3ry znajduje m\u0105dro\u015b\u0107, i&nbsp;cz\u0142owiek, kt\u00f3ry nabywa rozeznania.<br>Przys\u0142\u00f3w 3:13<\/td><td>Codziennie jeste\u015bmy bombardowani zalewem informacji, ale wiele z nich to przys\u0142owiowy spam. Jak z tego zalewu wy\u0142owi\u0107 to, co mo\u017ce by\u0107 przydatne przez bardzo d\u0142ugi czas, np. przez wieczno\u015b\u0107? M\u0105dro\u015bci masz poszukiwa\u0107 jak skarb\u00f3w, a te nie le\u017c\u0105 na ulicy. P\u00f3ki jest czas, stawaj si\u0119 m\u0105drzejszy, bo lepiej by\u0107 m\u0105drym i biednym, ni\u017c odwrotnie.<\/td><\/tr><tr><td>Kiedy si\u0119 rozgniewacie, nie grzeszcie. Nie pozw\u00f3lcie, \u017ceby s\u0142o\u0144ce zasz\u0142o, gdy wci\u0105\u017c jeste\u015bcie rozgniewani.<br>Efezjan 4:26<\/td><td>Spokojne serce pozwala lepiej funkcjonowa\u0107 naszemu organizmowi. Je\u015bli wi\u0119c pojawi si\u0119 jaka\u015b przyczyna nieporozumienia, najlepiej b\u0119dzie gdy porozmawiamy spokojnie o tym z drug\u0105 stron\u0105 jeszcze tego samego dnia i wyja\u015bnimy wszystkie przyczyny nieporozumienia. Najbli\u017csza noc b\u0119dzie dobrze przespana i nowy dzie\u0144 zaczniemy w lepszym nastroju.<\/td><\/tr><tr><td>Szcz\u0119\u015bliwy jest cz\u0142owiek, kt\u00f3ry nie idzie za rad\u0105 niegodziwych, nie wkracza na \u015bcie\u017ck\u0119 grzesznik\u00f3w ani nie zadaje si\u0119 z&nbsp;szydercami,<br>ale rozkoszuje si\u0119 prawem Jehowy<br>i&nbsp;uwa\u017cnie je czyta dniem i&nbsp;noc\u0105.<br>Ps 1:1,2<\/td><td>Biblia to instrukcja na ca\u0142e \u017cycie. Gdy j\u0105 czytasz , to zastanawiaj si\u0119 nad:<br>1. Co dany fragment m\u00f3wi o osobie Jehowy?<br>2. Jaki to ma zwi\u0105zek z tematem ca\u0142ej Biblii?<br>3.Na jakie znaczenie wskazuje kontekst?<br>4. Jak to, co czytam, powinno wp\u0142ywa\u0107 na moje \u017cycie?<br>5. Jak mog\u0119 to wykorzysta\u0107 do pomagania innym?<\/td><\/tr><tr><td>Bo mi\u0142o\u015b\u0107 do pieni\u0119dzy jest korzeniem wszelkiego z\u0142a. Ulegaj\u0105c jej, niekt\u00f3rzy odeszli od wiary i&nbsp;\u015bci\u0105gn\u0119li na siebie wiele udr\u0119k.<br>1Tymoteusza 6:10<\/td><td>Pewne wypowiedzi Jezusa wskazuj\u0105, \u017ce pieni\u0105dz jest u\u017cyteczny. Ale mo\u017ce wzbudzi\u0107 zach\u0142anno\u015b\u0107 do ich posiadania. Mo\u017ce sta\u0107 si\u0119 celem samym w sobie, a nie jedynie \u015brodkiem do celu. Mo\u017ce konkurowa\u0107 z Bogiem. (Mt 6:24). Zwrot i\u017c jest korzeniem wszelkiego z\u0142a wskazuje na wp\u0142yw na zmian\u0119 postaw na nagann\u0105.<\/td><\/tr><tr><td>c.d.n.<\/td><td><\/td><\/tr><\/tbody><\/table><\/figure>\n","protected":false},"excerpt":{"rendered":"<p>\u0179r\u00f3d\u0142o Komentarz S\u0142owa, kt\u00f3re ci dzisiaj przekazuj\u0119, maj\u0105 by\u0107 w&nbsp;twoim sercu&nbsp;i&nbsp;masz je wpaja\u0107 swoim dzieciom, rozmawia\u0107 o&nbsp;nich, gdy siedzisz w&nbsp;domu, gdy idziesz drog\u0105, gdy si\u0119 k\u0142adziesz i&nbsp;gdy wstajesz.Powt\u00f3rzonego Prawa 6:6,7 Nie powinni\u015bmy wstrzymywa\u0107 si\u0119 z edukacj\u0105 biblijn\u0105 do osi\u0105gni\u0119cia przez dziecko starszego wieku. Im szybciej, tym lepiej. To mog\u0105 by\u0107 mikro lekcje, takie mimowolne wtr\u0105cenia [&hellip;]<\/p>\n","protected":false},"author":1,"featured_media":0,"parent":17,"menu_order":0,"comment_status":"closed","ping_status":"closed","template":"","meta":{"ngg_post_thumbnail":0,"footnotes":""},"class_list":["post-236","page","type-page","status-publish","hentry"],"_links":{"self":[{"href":"https:\/\/leda158.eu\/index.php?rest_route=\/wp\/v2\/pages\/236","targetHints":{"allow":["GET"]}}],"collection":[{"href":"https:\/\/leda158.eu\/index.php?rest_route=\/wp\/v2\/pages"}],"about":[{"href":"https:\/\/leda158.eu\/index.php?rest_route=\/wp\/v2\/types\/page"}],"author":[{"embeddable":true,"href":"https:\/\/leda158.eu\/index.php?rest_route=\/wp\/v2\/users\/1"}],"replies":[{"embeddable":true,"href":"https:\/\/leda158.eu\/index.php?rest_route=%2Fwp%2Fv2%2Fcomments&post=236"}],"version-history":[{"count":2,"href":"https:\/\/leda158.eu\/index.php?rest_route=\/wp\/v2\/pages\/236\/revisions"}],"predecessor-version":[{"id":259,"href":"https:\/\/leda158.eu\/index.php?rest_route=\/wp\/v2\/pages\/236\/revisions\/259"}],"up":[{"embeddable":true,"href":"https:\/\/leda158.eu\/index.php?rest_route=\/wp\/v2\/pages\/17"}],"wp:attachment":[{"href":"https:\/\/leda158.eu\/index.php?rest_route=%2Fwp%2Fv2%2Fmedia&parent=236"}],"curies":[{"name":"wp","href":"https:\/\/api.w.org\/{rel}","templated":true}]}}