{"id":234,"date":"2023-01-27T08:40:10","date_gmt":"2023-01-27T07:40:10","guid":{"rendered":"https:\/\/leda158.eu\/?page_id=234"},"modified":"2023-01-27T11:34:57","modified_gmt":"2023-01-27T10:34:57","slug":"dziela-stworcze","status":"publish","type":"page","link":"https:\/\/leda158.eu\/?page_id=234","title":{"rendered":"Dzie\u0142a stw\u00f3rcze"},"content":{"rendered":"\n<p>Dzie\u0142a stw\u00f3rcze to nieograniczone \u017ar\u00f3d\u0142o inspiracji dla naukowc\u00f3w i in\u017cynier\u00f3w wymy\u015blaj\u0105cych nowe technologie. Najcz\u0119\u015bciej genialny wynalazek jest niczym innym jak tylko kopi\u0105 czego\u015b, co ju\u017c dawno wymy\u015bli\u0142 Stw\u00f3rca. Czy nie powinno to w nas wzbudza\u0107 podziw dla inwencji stw\u00f3rczej Boga?<\/p>\n\n\n\n<p><\/p>\n\n\n\n<div class=\"wp-block-columns is-layout-flex wp-container-core-columns-is-layout-28f84493 wp-block-columns-is-layout-flex\">\n<div class=\"wp-block-column is-layout-flow wp-block-column-is-layout-flow\">\n<figure class=\"wp-block-image size-full\"><img loading=\"lazy\" decoding=\"async\" width=\"500\" height=\"340\" src=\"https:\/\/leda158.eu\/wp-content\/uploads\/2023\/01\/smak.webp\" alt=\"\" class=\"wp-image-266\" srcset=\"https:\/\/leda158.eu\/wp-content\/uploads\/2023\/01\/smak.webp 500w, https:\/\/leda158.eu\/wp-content\/uploads\/2023\/01\/smak-300x204.webp 300w\" sizes=\"auto, (max-width: 500px) 100vw, 500px\" \/><\/figure>\n<\/div>\n\n\n\n<div class=\"wp-block-column is-layout-flow wp-block-column-is-layout-flow\">\n<p><strong>Tw\u00f3j zmys\u0142 smaku<\/strong><\/p>\n\n\n\n<p>Nikt chyba nie zaprzeczy, \u017ce zmys\u0142 smaku uprzyjemnia posi\u0142ki. Uczeni wci\u0105\u017c jednak nie wiedz\u0105, dlaczego poszczeg\u00f3lni ludzie bardziej lubi\u0105 jeden smak od drugiego. Czy tw\u00f3j zmys\u0142 smaku jest dzie\u0142em przypadku? Czy nie zosta\u0142 raczej zaprojektowany?<\/p>\n\n\n\n<p>wi\u0119cej: <a href=\"https:\/\/www.jw.org\/pl\/biblioteka\/czasopisma\/g200807\/Tw%C3%B3j-zmys%C5%82-smaku\/\" data-type=\"URL\" data-id=\"https:\/\/www.jw.org\/pl\/biblioteka\/czasopisma\/g200807\/Tw%C3%B3j-zmys%C5%82-smaku\/\" target=\"_blank\" rel=\"noreferrer noopener\">Przebud\u017acie si\u0119!, 7\/2008<\/a><\/p>\n<\/div>\n<\/div>\n\n\n\n<p><\/p>\n\n\n\n<div class=\"wp-block-columns is-layout-flex wp-container-core-columns-is-layout-28f84493 wp-block-columns-is-layout-flex\">\n<div class=\"wp-block-column is-layout-flow wp-block-column-is-layout-flow\">\n<p><strong>\u201eOdwr\u00f3cona\u201d siatk\u00f3wka<\/strong><\/p>\n\n\n\n<p>W oku ludzkim znajduje si\u0119 siatk\u00f3wka \u2014 b\u0142ona zawieraj\u0105ca oko\u0142o 120 milion\u00f3w kom\u00f3rek zwanych fotoreceptorami, kt\u00f3re odbieraj\u0105 bod\u017ace \u015bwietlne i przetwarzaj\u0105 je w impulsy elektryczne. Sygna\u0142y te m\u00f3zg interpretuje jako obrazy.<br>Czy \u201eodwr\u00f3cona\u201d siatk\u00f3wka to wadliwa struktura, powsta\u0142a przez przypadek? A mo\u017ce jest efektem zaprojektowania?<\/p>\n\n\n\n<p>wi\u0119cej: <a href=\"https:\/\/www.jw.org\/finder?wtlocale=P&amp;docid=102011009&amp;srcid=share\" data-type=\"URL\" data-id=\"https:\/\/www.jw.org\/finder?wtlocale=P&amp;docid=102011009&amp;srcid=share\" target=\"_blank\" rel=\"noreferrer noopener\">Przebud\u017acie si\u0119!, 1\/2011<\/a><\/p>\n<\/div>\n\n\n\n<div class=\"wp-block-column is-layout-flow wp-block-column-is-layout-flow\">\n<figure class=\"wp-block-image size-full\"><img loading=\"lazy\" decoding=\"async\" width=\"500\" height=\"361\" src=\"https:\/\/leda158.eu\/wp-content\/uploads\/2023\/01\/oko1.webp\" alt=\"\" class=\"wp-image-267\" srcset=\"https:\/\/leda158.eu\/wp-content\/uploads\/2023\/01\/oko1.webp 500w, https:\/\/leda158.eu\/wp-content\/uploads\/2023\/01\/oko1-300x217.webp 300w\" sizes=\"auto, (max-width: 500px) 100vw, 500px\" \/><\/figure>\n<\/div>\n<\/div>\n\n\n\n<div class=\"wp-block-columns is-layout-flex wp-container-core-columns-is-layout-28f84493 wp-block-columns-is-layout-flex\">\n<div class=\"wp-block-column is-layout-flow wp-block-column-is-layout-flow\">\n<figure class=\"wp-block-image size-full\"><img loading=\"lazy\" decoding=\"async\" width=\"500\" height=\"340\" src=\"https:\/\/leda158.eu\/wp-content\/uploads\/2023\/01\/DNA1.webp\" alt=\"\" class=\"wp-image-268\" srcset=\"https:\/\/leda158.eu\/wp-content\/uploads\/2023\/01\/DNA1.webp 500w, https:\/\/leda158.eu\/wp-content\/uploads\/2023\/01\/DNA1-300x204.webp 300w\" sizes=\"auto, (max-width: 500px) 100vw, 500px\" \/><\/figure>\n\n\n\n<p>Czy zdumiewaj\u0105ca pojemno\u015b\u0107 DNA jest wynikiem ewolucji? A mo\u017ce zosta\u0142a zaprojektowana?<\/p>\n\n\n\n<p>wi\u0119cej: <a href=\"https:\/\/www.jw.org\/finder?wtlocale=P&amp;docid=102013448&amp;srcid=share\" data-type=\"URL\" data-id=\"https:\/\/www.jw.org\/finder?wtlocale=P&amp;docid=102013448&amp;srcid=share\" target=\"_blank\" rel=\"noreferrer noopener\">Przebud\u017acie si\u0119!, 12\/2013<\/a><\/p>\n<\/div>\n\n\n\n<div class=\"wp-block-column is-layout-flow wp-block-column-is-layout-flow\">\n<p><strong>Zdumiewaj\u0105ca pojemno\u015b\u0107 DNA<\/strong><\/p>\n\n\n\n<p>U\u017cytkownicy komputer\u00f3w wytwarzaj\u0105 ogromne ilo\u015bci danych, kt\u00f3re trzeba przechowywa\u0107, \u017ceby w razie konieczno\u015bci by\u0142y dost\u0119pne. Naukowcy maj\u0105 nadziej\u0119, \u017ce zrewolucjonizuj\u0105 obecne metody magazynowania danych, wzoruj\u0105c si\u0119 na znacznie doskonalszym systemie wykorzystywanym w naturze \u2014 na DNA.<br>Naukowcy s\u0105dz\u0105, \u017ce z czasem dzi\u0119ki tej metodzie w jednym gramie sztucznego DNA uda si\u0119 pomie\u015bci\u0107 tyle informacji, ile mie\u015bci si\u0119 na 3 milionach p\u0142yt CD, oraz \u017ce dane te b\u0119dzie mo\u017cna przechowywa\u0107 setki albo nawet tysi\u0105ce lat.<\/p>\n\n\n\n<p><\/p>\n<\/div>\n<\/div>\n\n\n\n<p><\/p>\n\n\n\n<div class=\"wp-block-columns is-layout-flex wp-container-core-columns-is-layout-28f84493 wp-block-columns-is-layout-flex\">\n<div class=\"wp-block-column is-layout-flow wp-block-column-is-layout-flow\">\n<p><strong>Tr\u0105ba s\u0142onia<\/strong><\/p>\n\n\n\n<p>In\u017cynierowie opracowali mechaniczne rami\u0119 o niezwyk\u0142ej sprawno\u015bci i elastyczno\u015bci. Zdaniem szefa zespo\u0142u projektant\u00f3w w koncernie, w kt\u00f3rym zosta\u0142o ono skonstruowane, urz\u0105dzenie to \u201edaleko przewy\u017csza wszystko, co jest obecnie dost\u0119pne w automatyce przemys\u0142owej\u201d. Co by\u0142o \u017ar\u00f3d\u0142em inspiracji? Tr\u0105ba s\u0142onia.<br>Naukowcy maj\u0105 nadziej\u0119, \u017ce wzoruj\u0105c si\u0119 na elastyczno\u015bci s\u0142oniowej tr\u0105by, skonstruuj\u0105 jeszcze lepsze roboty domowe i przemys\u0142owe.<\/p>\n\n\n\n<p><\/p>\n<\/div>\n\n\n\n<div class=\"wp-block-column is-layout-flow wp-block-column-is-layout-flow\">\n<figure class=\"wp-block-image size-full\"><img loading=\"lazy\" decoding=\"async\" width=\"500\" height=\"340\" src=\"https:\/\/leda158.eu\/wp-content\/uploads\/2023\/01\/traba1.jpg\" alt=\"\" class=\"wp-image-269\" srcset=\"https:\/\/leda158.eu\/wp-content\/uploads\/2023\/01\/traba1.jpg 500w, https:\/\/leda158.eu\/wp-content\/uploads\/2023\/01\/traba1-300x204.jpg 300w\" sizes=\"auto, (max-width: 500px) 100vw, 500px\" \/><\/figure>\n\n\n\n<p>Czy tr\u0105ba s\u0142onia powsta\u0142a w wyniku ewolucji, czy raczej zosta\u0142a zaprojektowana?<\/p>\n\n\n\n<p>wi\u0119cej: Przebud\u017acie si\u0119!, 4\/2012<\/p>\n<\/div>\n<\/div>\n\n\n\n<hr class=\"wp-block-separator has-alpha-channel-opacity\"\/>\n\n\n\n<div class=\"wp-block-columns is-layout-flex wp-container-core-columns-is-layout-28f84493 wp-block-columns-is-layout-flex\">\n<div class=\"wp-block-column is-layout-flow wp-block-column-is-layout-flow\">\n<figure class=\"wp-block-image size-full\"><img loading=\"lazy\" decoding=\"async\" width=\"500\" height=\"339\" src=\"https:\/\/leda158.eu\/wp-content\/uploads\/2023\/01\/dzieciol1.jpg\" alt=\"\" class=\"wp-image-270\" srcset=\"https:\/\/leda158.eu\/wp-content\/uploads\/2023\/01\/dzieciol1.jpg 500w, https:\/\/leda158.eu\/wp-content\/uploads\/2023\/01\/dzieciol1-300x203.jpg 300w\" sizes=\"auto, (max-width: 500px) 100vw, 500px\" \/><\/figure>\n\n\n\n<p>Czy wstrz\u0105soodporna g\u0142owa dzi\u0119cio\u0142a to rezultat przypadku? A mo\u017ce raczej zosta\u0142a zaprojektowana?<\/p>\n\n\n\n<p>wi\u0119cej: Przebud\u017acie si\u0119!, 1\/2012<\/p>\n<\/div>\n\n\n\n<div class=\"wp-block-column is-layout-flow wp-block-column-is-layout-flow\">\n<p><strong>Wstrz\u0105soodporna g\u0142owa dzi\u0119cio\u0142a<\/strong><\/p>\n\n\n\n<p>Cz\u0142owiek poddany przeci\u0105\u017ceniu przekraczaj\u0105cemu od 80 do 100 razy warto\u015b\u0107 przy\u015bpieszenia ziemskiego dozna\u0142by wstrz\u0105\u015bnienia m\u00f3zgu. Tymczasem dzi\u0119cio\u0142 podczas uderzania dziobem w kor\u0119 drzewa znosi przeci\u0105\u017cenie 1200 razy wi\u0119ksze od przy\u015bpieszenia ziemskiego. Jak to mo\u017cliwe, \u017ce nie dostaje nawet b\u00f3lu g\u0142owy?<br>In\u017cynier Kim Blackburn z uniwersytetu w Cranfield w Wielkiej Brytanii wyja\u015bnia, \u017ce g\u0142owa dzi\u0119cio\u0142a stanowi \u201efascynuj\u0105cy przyk\u0142ad tego, jak natura po\u0142\u0105czy\u0142a ze sob\u0105 zaawansowane struktury, by rozwi\u0105za\u0107 z pozoru nierozwi\u0105zywalny problem\u201d.<\/p>\n\n\n\n<p><\/p>\n<\/div>\n<\/div>\n\n\n\n<div class=\"wp-block-columns is-layout-flex wp-container-core-columns-is-layout-28f84493 wp-block-columns-is-layout-flex\">\n<div class=\"wp-block-column is-layout-flow wp-block-column-is-layout-flow\">\n<p><strong>Sk\u00f3ra rekina<\/strong><\/p>\n\n\n\n<p>Na pierwszy rzut oka sk\u00f3ra rekina wydaje si\u0119 g\u0142adka. Niewielkie, pokryte \u017c\u0142obieniami \u0142uski \u2026 reguluj\u0105 przep\u0142yw wody, umo\u017cliwiaj\u0105c rybie poruszanie si\u0119 w niej z minimalnym oporem. Na przyk\u0142ad naukowcom uda\u0142o si\u0119 ju\u017c stworzy\u0107 str\u00f3j p\u0142ywacki, kt\u00f3rego zewn\u0119trzna strona imituje faktur\u0119 sk\u00f3ry rekina. Przyczynia si\u0119 to do zwi\u0119kszenia pr\u0119dko\u015bci p\u0142ywaka o kilka procent.<\/p>\n\n\n\n<p>Czy sk\u00f3ra rekina \u2014 z jej w\u0142a\u015bciwo\u015bciami hydrodynamicznymi i higienicznymi \u2014 powsta\u0142a przez przypadek? Czy nie zosta\u0142a raczej zaprojektowana?<\/p>\n\n\n\n<p><\/p>\n<\/div>\n\n\n\n<div class=\"wp-block-column is-layout-flow wp-block-column-is-layout-flow\">\n<figure class=\"wp-block-image size-full\"><img loading=\"lazy\" decoding=\"async\" width=\"500\" height=\"339\" src=\"https:\/\/leda158.eu\/wp-content\/uploads\/2023\/01\/skora-rekina1.jpg\" alt=\"\" class=\"wp-image-271\" srcset=\"https:\/\/leda158.eu\/wp-content\/uploads\/2023\/01\/skora-rekina1.jpg 500w, https:\/\/leda158.eu\/wp-content\/uploads\/2023\/01\/skora-rekina1-300x203.jpg 300w\" sizes=\"auto, (max-width: 500px) 100vw, 500px\" \/><\/figure>\n\n\n\n<p>wi\u0119cej: Przebud\u017acie si\u0119!, 2\/2010<\/p>\n<\/div>\n<\/div>\n\n\n\n<div class=\"wp-block-columns is-layout-flex wp-container-core-columns-is-layout-28f84493 wp-block-columns-is-layout-flex\">\n<div class=\"wp-block-column is-layout-flow wp-block-column-is-layout-flow\">\n<figure class=\"wp-block-image size-full\"><img loading=\"lazy\" decoding=\"async\" width=\"500\" height=\"340\" src=\"https:\/\/leda158.eu\/wp-content\/uploads\/2023\/01\/pioro-sowy1.jpg\" alt=\"\" class=\"wp-image-272\" srcset=\"https:\/\/leda158.eu\/wp-content\/uploads\/2023\/01\/pioro-sowy1.jpg 500w, https:\/\/leda158.eu\/wp-content\/uploads\/2023\/01\/pioro-sowy1-300x204.jpg 300w\" sizes=\"auto, (max-width: 500px) 100vw, 500px\" \/><\/figure>\n\n\n\n<p>wi\u0119cej: Przebud\u017acie si\u0119!, 12\/2009<\/p>\n<\/div>\n\n\n\n<div class=\"wp-block-column is-layout-flow wp-block-column-is-layout-flow\">\n<p><strong>Pi\u00f3ro sowy<\/strong><\/p>\n\n\n\n<p>In\u017cynierowie lotnictwa maj\u0105 powody, by zazdro\u015bci\u0107 sowie \u2014 ptakowi aktywnemu w nocy. Dlaczego? Ze wzgl\u0119du na jej bezg\u0142o\u015bny lot. Gdy uderza ona skrzyd\u0142em w d\u00f3\u0142, przep\u0142ywaj\u0105cy nad nim strumie\u0144 powietrza co prawda wytwarza fale d\u017awi\u0119kowe, ale s\u0105 one rozpraszane dzi\u0119ki lotkom o postrz\u0119pionych ko\u0144c\u00f3wkach.<br>Czy redukuj\u0105ce ha\u0142as pi\u00f3ro sowy mo\u017ce by\u0107 dzie\u0142em przypadku? Czy nie zosta\u0142o raczej zaprojektowane?<\/p>\n\n\n\n<p><\/p>\n<\/div>\n<\/div>\n\n\n\n<div class=\"wp-block-columns is-layout-flex wp-container-core-columns-is-layout-28f84493 wp-block-columns-is-layout-flex\">\n<div class=\"wp-block-column is-layout-flow wp-block-column-is-layout-flow\">\n<p><strong>Plaster miodu<\/strong><\/p>\n\n\n\n<p>Pszczo\u0142y miodne (Apis mellifera) buduj\u0105 plastry z wosku wydzielanego przez gruczo\u0142y umieszczone na spodzie ich odw\u0142ok\u00f3w. Konstrukcja plastra miodu cz\u0119sto budzi podziw. Dlaczego?<br>Regularna sze\u015bciok\u0105tna konstrukcja pozwala optymalnie zagospodarowa\u0107 przestrze\u0144, a jednocze\u015bnie maksymalnie oszcz\u0119dzi\u0107 materia\u0142.<br>Czy niezwyk\u0142a struktura plastra miodu powsta\u0142a w wyniku ewolucji? A mo\u017ce zosta\u0142a zaprojektowana?<\/p>\n\n\n\n<p><\/p>\n<\/div>\n\n\n\n<div class=\"wp-block-column is-layout-flow wp-block-column-is-layout-flow\">\n<figure class=\"wp-block-image size-full\"><img loading=\"lazy\" decoding=\"async\" width=\"500\" height=\"340\" src=\"https:\/\/leda158.eu\/wp-content\/uploads\/2023\/01\/plaster-miodu1.jpg\" alt=\"\" class=\"wp-image-273\" srcset=\"https:\/\/leda158.eu\/wp-content\/uploads\/2023\/01\/plaster-miodu1.jpg 500w, https:\/\/leda158.eu\/wp-content\/uploads\/2023\/01\/plaster-miodu1-300x204.jpg 300w\" sizes=\"auto, (max-width: 500px) 100vw, 500px\" \/><\/figure>\n\n\n\n<p>wi\u0119cej: Przebud\u017acie si\u0119!, 1\/2015<\/p>\n<\/div>\n<\/div>\n\n\n\n<div class=\"wp-block-columns is-layout-flex wp-container-core-columns-is-layout-28f84493 wp-block-columns-is-layout-flex\">\n<div class=\"wp-block-column is-layout-flow wp-block-column-is-layout-flow\">\n<figure class=\"wp-block-image size-full\"><img loading=\"lazy\" decoding=\"async\" width=\"500\" height=\"340\" src=\"https:\/\/leda158.eu\/wp-content\/uploads\/2023\/01\/skora-weza1.jpg\" alt=\"\" class=\"wp-image-274\" srcset=\"https:\/\/leda158.eu\/wp-content\/uploads\/2023\/01\/skora-weza1.jpg 500w, https:\/\/leda158.eu\/wp-content\/uploads\/2023\/01\/skora-weza1-300x204.jpg 300w\" sizes=\"auto, (max-width: 500px) 100vw, 500px\" \/><\/figure>\n\n\n\n<p>wi\u0119cej: Przebud\u017acie si\u0119!, 3\/2014<\/p>\n<\/div>\n\n\n\n<div class=\"wp-block-column is-layout-flow wp-block-column-is-layout-flow\">\n<p><strong>Sk\u00f3ra w\u0119\u017ca<\/strong><\/p>\n\n\n\n<p>Poniewa\u017c w\u0119\u017ce poruszaj\u0105 si\u0119 bez ko\u0144czyn, potrzebuj\u0105 wytrzyma\u0142ej sk\u00f3ry, odpornej na ci\u0105g\u0142e otarcia. Niekt\u00f3re gatunki wspinaj\u0105 si\u0119 po chropowatych pniach drzew, a inne zagrzebuj\u0105 w szorstkim piasku. Co sprawia, \u017ce sk\u00f3ra w\u0119\u017cy jest tak trwa\u0142a?<br>Materia\u0142y maj\u0105ce w\u0142a\u015bciwo\u015bci sk\u00f3ry w\u0119\u017ca mog\u0142yby by\u0107 przydatne w medycynie \u2014 na przyk\u0142ad w produkcji antypo\u015blizgowych i bardzo wytrzyma\u0142ych implant\u00f3w.<\/p>\n\n\n\n<p>Czy sk\u00f3ra w\u0119\u017ca powsta\u0142a w wyniku ewolucji? A mo\u017ce raczej zosta\u0142a zaprojektowana?<\/p>\n\n\n\n<p><\/p>\n<\/div>\n<\/div>\n\n\n\n<div class=\"wp-block-columns is-layout-flex wp-container-core-columns-is-layout-28f84493 wp-block-columns-is-layout-flex\">\n<div class=\"wp-block-column is-layout-flow wp-block-column-is-layout-flow\">\n<p><strong>Skrzyd\u0142o motyla<\/strong><\/p>\n\n\n\n<p>Skrzyd\u0142a motyla s\u0105 tak delikatne, \u017ce nawet najmniejsze drobiny kurzu albo krople wody na ich powierzchni mog\u0142yby utrudni\u0107 mu latanie. Ale co ciekawe, skrzyd\u0142a te zawsze s\u0105 czyste i suche. W czym tkwi tajemnica?<br>Na powierzchni tych \u0142usek znajduj\u0105 si\u0119 miniaturowe, biegn\u0105ce r\u00f3wnolegle rowki, kt\u00f3re z \u0142atwo\u015bci\u0105 odprowadzaj\u0105 wod\u0119 i zanieczyszczenia.<br>Czy skrzyd\u0142o motyla jest wytworem ewolucji? A mo\u017ce raczej zosta\u0142o zaprojektowane?<\/p>\n\n\n\n<p><\/p>\n<\/div>\n\n\n\n<div class=\"wp-block-column is-layout-flow wp-block-column-is-layout-flow\">\n<figure class=\"wp-block-image size-full\"><img loading=\"lazy\" decoding=\"async\" width=\"500\" height=\"340\" src=\"https:\/\/leda158.eu\/wp-content\/uploads\/2023\/01\/skrzydlo-motyla1.webp\" alt=\"\" class=\"wp-image-275\" srcset=\"https:\/\/leda158.eu\/wp-content\/uploads\/2023\/01\/skrzydlo-motyla1.webp 500w, https:\/\/leda158.eu\/wp-content\/uploads\/2023\/01\/skrzydlo-motyla1-300x204.webp 300w\" sizes=\"auto, (max-width: 500px) 100vw, 500px\" \/><\/figure>\n\n\n\n<p>wi\u0119cej: <a href=\"https:\/\/www.jw.org\/finder?wtlocale=P&amp;docid=102014129&amp;srcid=share\" data-type=\"URL\" data-id=\"https:\/\/www.jw.org\/finder?wtlocale=P&amp;docid=102014129&amp;srcid=share\" target=\"_blank\" rel=\"noreferrer noopener\">Przebud\u017acie si\u0119!, 4\/2014<\/a><\/p>\n<\/div>\n<\/div>\n\n\n\n<div class=\"wp-block-columns is-layout-flex wp-container-core-columns-is-layout-28f84493 wp-block-columns-is-layout-flex\">\n<div class=\"wp-block-column is-layout-flow wp-block-column-is-layout-flow\">\n<figure class=\"wp-block-image size-full\"><img loading=\"lazy\" decoding=\"async\" width=\"500\" height=\"340\" src=\"https:\/\/leda158.eu\/wp-content\/uploads\/2023\/01\/skrzydlo1.webp\" alt=\"\" class=\"wp-image-276\" srcset=\"https:\/\/leda158.eu\/wp-content\/uploads\/2023\/01\/skrzydlo1.webp 500w, https:\/\/leda158.eu\/wp-content\/uploads\/2023\/01\/skrzydlo1-300x204.webp 300w\" sizes=\"auto, (max-width: 500px) 100vw, 500px\" \/><\/figure>\n\n\n\n<p>Czy podwijaj\u0105ca si\u0119 do g\u00f3ry ko\u0144c\u00f3wka skrzyde\u0142 szybuj\u0105cych ptak\u00f3w jest wytworem ewolucji? A mo\u017ce zosta\u0142a zaprojektowana?<\/p>\n\n\n\n<p>wi\u0119cej: <a href=\"https:\/\/www.jw.org\/finder?wtlocale=P&amp;docid=102015048&amp;srcid=share\" data-type=\"URL\" data-id=\"https:\/\/www.jw.org\/finder?wtlocale=P&amp;docid=102015048&amp;srcid=share\" target=\"_blank\" rel=\"noreferrer noopener\">Przebud\u017acie si\u0119!, 2\/2015<\/a><\/p>\n<\/div>\n\n\n\n<div class=\"wp-block-column is-layout-flow wp-block-column-is-layout-flow\">\n<p><strong>Zagi\u0119ta ko\u0144c\u00f3wka skrzyde\u0142 szybuj\u0105cych ptak\u00f3w<\/strong><\/p>\n\n\n\n<p>Na ko\u0144cach skrzyde\u0142 lec\u0105cego samolotu tworz\u0105 si\u0119 silne wiry powietrzne. S\u0105 one \u017ar\u00f3d\u0142em dodatkowego oporu, kt\u00f3ry zwi\u0119ksza zu\u017cycie paliwa.<br>Konstruktorzy lotniczy znale\u017ali na to pewien spos\u00f3b. Jaki? Na ko\u0144cach skrzyde\u0142 samolot\u00f3w zacz\u0119li montowa\u0107 tak zwane winglety, czyli elementy rozpraszaj\u0105ce wiry brzegowe. Inspirowali si\u0119 przy tym zagi\u0119t\u0105 ko\u0144c\u00f3wk\u0105 skrzyde\u0142 szybuj\u0105cych ptak\u00f3w, takich jak myszo\u0142owy, or\u0142y i bociany.<\/p>\n\n\n\n<p><\/p>\n<\/div>\n<\/div>\n\n\n\n<p><\/p>\n\n\n\n<div class=\"wp-block-columns is-layout-flex wp-container-core-columns-is-layout-28f84493 wp-block-columns-is-layout-flex\">\n<div class=\"wp-block-column is-layout-flow wp-block-column-is-layout-flow\">\n<p><strong>Ko\u015b\u0107 \u2014 cud wytrzyma\u0142o\u015bci<\/strong><\/p>\n\n\n\n<p>Ludzki szkielet sk\u0142ada si\u0119 z 206 ko\u015bci i 68 staw\u00f3w.<br>\u0106wiczenia wykonywane przez wytrenowanych gimnastyk\u00f3w pokazuj\u0105, \u017ce ko\u015bci, mi\u0119\u015bnie, chrz\u0105stki i stawy zapewniaj\u0105 zdrowemu cz\u0142owiekowi zadziwiaj\u0105c\u0105 elastyczno\u015b\u0107 i umo\u017cliwiaj\u0105 mu szeroki zakres ruch\u00f3w. Badacze z National Space Biomedical Research Institute o\u015bwiadczyli: \u201eJu\u017c sam kciuk m\u00f3g\u0142by przekona\u0107 ka\u017cdego, \u017ce projektant naszego cia\u0142a (ktokolwiek to by\u0142 w mniemaniu r\u00f3\u017cnych ludzi) musia\u0142 by\u0107 geniuszem!\u201d.<\/p>\n<\/div>\n\n\n\n<div class=\"wp-block-column is-layout-flow wp-block-column-is-layout-flow\">\n<figure class=\"wp-block-image size-full\"><img loading=\"lazy\" decoding=\"async\" width=\"500\" height=\"281\" src=\"https:\/\/leda158.eu\/wp-content\/uploads\/2023\/01\/kosci.webp\" alt=\"\" class=\"wp-image-277\" srcset=\"https:\/\/leda158.eu\/wp-content\/uploads\/2023\/01\/kosci.webp 500w, https:\/\/leda158.eu\/wp-content\/uploads\/2023\/01\/kosci-300x169.webp 300w\" sizes=\"auto, (max-width: 500px) 100vw, 500px\" \/><\/figure>\n\n\n\n<p>Czy ko\u015bci s\u0105 dzie\u0142em \u015blepego przypadku, czy raczej zosta\u0142y zaprojektowane?<\/p>\n\n\n\n<p>wi\u0119cej: <a href=\"https:\/\/www.jw.org\/finder?wtlocale=P&amp;docid=102010013&amp;srcid=share\" data-type=\"URL\" data-id=\"https:\/\/www.jw.org\/finder?wtlocale=P&amp;docid=102010013&amp;srcid=share\" target=\"_blank\" rel=\"noreferrer noopener\">Przebud\u017acie si\u0119!, 1\/2010<\/a><\/p>\n<\/div>\n<\/div>\n","protected":false},"excerpt":{"rendered":"<p>Dzie\u0142a stw\u00f3rcze to nieograniczone \u017ar\u00f3d\u0142o inspiracji dla naukowc\u00f3w i in\u017cynier\u00f3w wymy\u015blaj\u0105cych nowe technologie. Najcz\u0119\u015bciej genialny wynalazek jest niczym innym jak tylko kopi\u0105 czego\u015b, co ju\u017c dawno wymy\u015bli\u0142 Stw\u00f3rca. Czy nie powinno to w nas wzbudza\u0107 podziw dla inwencji stw\u00f3rczej Boga? Tw\u00f3j zmys\u0142 smaku Nikt chyba nie zaprzeczy, \u017ce zmys\u0142 smaku uprzyjemnia posi\u0142ki. Uczeni wci\u0105\u017c jednak [&hellip;]<\/p>\n","protected":false},"author":1,"featured_media":0,"parent":17,"menu_order":0,"comment_status":"closed","ping_status":"closed","template":"","meta":{"ngg_post_thumbnail":0,"footnotes":""},"class_list":["post-234","page","type-page","status-publish","hentry"],"_links":{"self":[{"href":"https:\/\/leda158.eu\/index.php?rest_route=\/wp\/v2\/pages\/234","targetHints":{"allow":["GET"]}}],"collection":[{"href":"https:\/\/leda158.eu\/index.php?rest_route=\/wp\/v2\/pages"}],"about":[{"href":"https:\/\/leda158.eu\/index.php?rest_route=\/wp\/v2\/types\/page"}],"author":[{"embeddable":true,"href":"https:\/\/leda158.eu\/index.php?rest_route=\/wp\/v2\/users\/1"}],"replies":[{"embeddable":true,"href":"https:\/\/leda158.eu\/index.php?rest_route=%2Fwp%2Fv2%2Fcomments&post=234"}],"version-history":[{"count":10,"href":"https:\/\/leda158.eu\/index.php?rest_route=\/wp\/v2\/pages\/234\/revisions"}],"predecessor-version":[{"id":298,"href":"https:\/\/leda158.eu\/index.php?rest_route=\/wp\/v2\/pages\/234\/revisions\/298"}],"up":[{"embeddable":true,"href":"https:\/\/leda158.eu\/index.php?rest_route=\/wp\/v2\/pages\/17"}],"wp:attachment":[{"href":"https:\/\/leda158.eu\/index.php?rest_route=%2Fwp%2Fv2%2Fmedia&parent=234"}],"curies":[{"name":"wp","href":"https:\/\/api.w.org\/{rel}","templated":true}]}}