{"id":228,"date":"2023-01-27T08:38:49","date_gmt":"2023-01-27T07:38:49","guid":{"rendered":"https:\/\/leda158.eu\/?page_id=228"},"modified":"2023-01-27T11:27:56","modified_gmt":"2023-01-27T10:27:56","slug":"towarzystwo","status":"publish","type":"page","link":"https:\/\/leda158.eu\/?page_id=228","title":{"rendered":"Towarzystwo"},"content":{"rendered":"\n<p>Bardzo ceni\u0119 towarzystwo os\u00f3b mi\u0142uj\u0105cych zasady Bo\u017ce. Uwa\u017cam, \u017ce to najmilsze towarzystwo. Czuj\u0119 si\u0119 w nim bezpiecznie. Inspiruje mnie do szlachetnych dzia\u0142a\u0144.<\/p>\n\n\n\n<figure class=\"wp-block-image size-full\"><img loading=\"lazy\" decoding=\"async\" width=\"1024\" height=\"768\" src=\"https:\/\/leda158.eu\/wp-content\/uploads\/2023\/01\/IMG_2562a.jpg\" alt=\"\" class=\"wp-image-290\" srcset=\"https:\/\/leda158.eu\/wp-content\/uploads\/2023\/01\/IMG_2562a.jpg 1024w, https:\/\/leda158.eu\/wp-content\/uploads\/2023\/01\/IMG_2562a-300x225.jpg 300w, https:\/\/leda158.eu\/wp-content\/uploads\/2023\/01\/IMG_2562a-768x576.jpg 768w\" sizes=\"auto, (max-width: 1024px) 100vw, 1024px\" \/><\/figure>\n\n\n\n<p>Poni\u017cej zdj\u0119cia m.in. ze Zgromadzenia Mi\u0119dzynarodowego a tak\u017ce innych okoliczno\u015bci.<\/p>\n\n\n\n<figure class=\"wp-block-image size-full\"><img loading=\"lazy\" decoding=\"async\" width=\"800\" height=\"555\" src=\"https:\/\/leda158.eu\/wp-content\/uploads\/2023\/01\/StadionA.jpg\" alt=\"\" class=\"wp-image-284\" srcset=\"https:\/\/leda158.eu\/wp-content\/uploads\/2023\/01\/StadionA.jpg 800w, https:\/\/leda158.eu\/wp-content\/uploads\/2023\/01\/StadionA-300x208.jpg 300w, https:\/\/leda158.eu\/wp-content\/uploads\/2023\/01\/StadionA-768x533.jpg 768w\" sizes=\"auto, (max-width: 800px) 100vw, 800px\" \/><\/figure>\n\n\n\n<div class=\"wp-block-columns is-layout-flex wp-container-core-columns-is-layout-28f84493 wp-block-columns-is-layout-flex\">\n<div class=\"wp-block-column is-layout-flow wp-block-column-is-layout-flow\" style=\"flex-basis:33.33%\">\n<figure class=\"wp-block-image size-full\"><img loading=\"lazy\" decoding=\"async\" width=\"600\" height=\"800\" src=\"https:\/\/leda158.eu\/wp-content\/uploads\/2023\/01\/Kongres-2019a.jpg\" alt=\"\" class=\"wp-image-285\" srcset=\"https:\/\/leda158.eu\/wp-content\/uploads\/2023\/01\/Kongres-2019a.jpg 600w, https:\/\/leda158.eu\/wp-content\/uploads\/2023\/01\/Kongres-2019a-225x300.jpg 225w\" sizes=\"auto, (max-width: 600px) 100vw, 600px\" \/><figcaption class=\"wp-element-caption\">Warszawa 2019 &#8211; Od male\u0144ko\u015bci znam Pisma (2Tym 3:15)<\/figcaption><\/figure>\n<\/div>\n\n\n\n<div class=\"wp-block-column is-layout-flow wp-block-column-is-layout-flow\" style=\"flex-basis:66.66%\">\n<figure class=\"wp-block-image size-full\"><img loading=\"lazy\" decoding=\"async\" width=\"1024\" height=\"768\" src=\"https:\/\/leda158.eu\/wp-content\/uploads\/2023\/01\/Z-Dalekiego-Wschodu.jpg\" alt=\"\" class=\"wp-image-286\" srcset=\"https:\/\/leda158.eu\/wp-content\/uploads\/2023\/01\/Z-Dalekiego-Wschodu.jpg 1024w, https:\/\/leda158.eu\/wp-content\/uploads\/2023\/01\/Z-Dalekiego-Wschodu-300x225.jpg 300w, https:\/\/leda158.eu\/wp-content\/uploads\/2023\/01\/Z-Dalekiego-Wschodu-768x576.jpg 768w\" sizes=\"auto, (max-width: 1024px) 100vw, 1024px\" \/><\/figure>\n<\/div>\n<\/div>\n\n\n\n<div class=\"wp-block-columns is-layout-flex wp-container-core-columns-is-layout-28f84493 wp-block-columns-is-layout-flex\">\n<div class=\"wp-block-column is-layout-flow wp-block-column-is-layout-flow\">\n<figure class=\"wp-block-image size-full\"><img loading=\"lazy\" decoding=\"async\" width=\"1024\" height=\"778\" src=\"https:\/\/leda158.eu\/wp-content\/uploads\/2023\/01\/IMG_2173.jpg\" alt=\"\" class=\"wp-image-287\" srcset=\"https:\/\/leda158.eu\/wp-content\/uploads\/2023\/01\/IMG_2173.jpg 1024w, https:\/\/leda158.eu\/wp-content\/uploads\/2023\/01\/IMG_2173-300x228.jpg 300w, https:\/\/leda158.eu\/wp-content\/uploads\/2023\/01\/IMG_2173-768x584.jpg 768w\" sizes=\"auto, (max-width: 1024px) 100vw, 1024px\" \/><\/figure>\n<\/div>\n\n\n\n<div class=\"wp-block-column is-layout-flow wp-block-column-is-layout-flow\">\n<figure class=\"wp-block-image size-full\"><img loading=\"lazy\" decoding=\"async\" width=\"1024\" height=\"768\" src=\"https:\/\/leda158.eu\/wp-content\/uploads\/2023\/01\/IMG_2071.jpg\" alt=\"\" class=\"wp-image-288\" srcset=\"https:\/\/leda158.eu\/wp-content\/uploads\/2023\/01\/IMG_2071.jpg 1024w, https:\/\/leda158.eu\/wp-content\/uploads\/2023\/01\/IMG_2071-300x225.jpg 300w, https:\/\/leda158.eu\/wp-content\/uploads\/2023\/01\/IMG_2071-768x576.jpg 768w\" sizes=\"auto, (max-width: 1024px) 100vw, 1024px\" \/><\/figure>\n<\/div>\n<\/div>\n\n\n\n<p><\/p>\n","protected":false},"excerpt":{"rendered":"<p>Bardzo ceni\u0119 towarzystwo os\u00f3b mi\u0142uj\u0105cych zasady Bo\u017ce. Uwa\u017cam, \u017ce to najmilsze towarzystwo. Czuj\u0119 si\u0119 w nim bezpiecznie. Inspiruje mnie do szlachetnych dzia\u0142a\u0144. Poni\u017cej zdj\u0119cia m.in. ze Zgromadzenia Mi\u0119dzynarodowego a tak\u017ce innych okoliczno\u015bci.<\/p>\n","protected":false},"author":1,"featured_media":0,"parent":17,"menu_order":0,"comment_status":"closed","ping_status":"closed","template":"","meta":{"ngg_post_thumbnail":0,"footnotes":""},"class_list":["post-228","page","type-page","status-publish","hentry"],"_links":{"self":[{"href":"https:\/\/leda158.eu\/index.php?rest_route=\/wp\/v2\/pages\/228","targetHints":{"allow":["GET"]}}],"collection":[{"href":"https:\/\/leda158.eu\/index.php?rest_route=\/wp\/v2\/pages"}],"about":[{"href":"https:\/\/leda158.eu\/index.php?rest_route=\/wp\/v2\/types\/page"}],"author":[{"embeddable":true,"href":"https:\/\/leda158.eu\/index.php?rest_route=\/wp\/v2\/users\/1"}],"replies":[{"embeddable":true,"href":"https:\/\/leda158.eu\/index.php?rest_route=%2Fwp%2Fv2%2Fcomments&post=228"}],"version-history":[{"count":4,"href":"https:\/\/leda158.eu\/index.php?rest_route=\/wp\/v2\/pages\/228\/revisions"}],"predecessor-version":[{"id":291,"href":"https:\/\/leda158.eu\/index.php?rest_route=\/wp\/v2\/pages\/228\/revisions\/291"}],"up":[{"embeddable":true,"href":"https:\/\/leda158.eu\/index.php?rest_route=\/wp\/v2\/pages\/17"}],"wp:attachment":[{"href":"https:\/\/leda158.eu\/index.php?rest_route=%2Fwp%2Fv2%2Fmedia&parent=228"}],"curies":[{"name":"wp","href":"https:\/\/api.w.org\/{rel}","templated":true}]}}