{"id":226,"date":"2023-01-27T08:38:03","date_gmt":"2023-01-27T07:38:03","guid":{"rendered":"https:\/\/leda158.eu\/?page_id=226"},"modified":"2023-01-27T09:17:58","modified_gmt":"2023-01-27T08:17:58","slug":"inspiracje","status":"publish","type":"page","link":"https:\/\/leda158.eu\/?page_id=226","title":{"rendered":"Inspiracje"},"content":{"rendered":"\n<figure class=\"wp-block-table\"><table><tbody><tr><td><strong>Przys\u0142owia<\/strong><\/td><td><strong>Biblijne inspiracje<\/strong><\/td><td><strong>Werset<\/strong><\/td><\/tr><tr><td>M\u0105dro\u015b\u0107 jest \u017arenic\u0105 \u017cycia (\u0142ac.)<\/td><td>Bo m\u0105dro\u015b\u0107 jest ochron\u0105, tak jak ochron\u0105 s\u0105 pieni\u0105dze. Ale wiedza ma pewn\u0105 przewag\u0119 \u2014 gdy towarzyszy jej m\u0105dro\u015b\u0107, zachowuje przy \u017cyciu tego, kto j\u0105 posiada.<\/td><td>Kaz 7:12<\/td><\/tr><tr><td>Lepszy jest rozum ni\u017c z\u0142oto (niem.)<\/td><td>Lepiej zyska\u0107 m\u0105dro\u015b\u0107 ni\u017c srebro, lepiej zdoby\u0107 j\u0105 ni\u017c z\u0142oto.<\/td><td>Prz 3:14<\/td><\/tr><tr><td>Lepszy \u017cywy pies ni\u017c martwy lew (\u0142ac.)<\/td><td>Dla ka\u017cdego, kto \u017cyje, jest nadzieja, bo \u017cywy pies jest w lepszej sytuacji ni\u017c martwy lew.<\/td><td>Kaz 9:4<\/td><\/tr><tr><td>Dobra \u017cona jest najwi\u0119ksz\u0105 nagrod\u0105 (ang.)<\/td><td>Kto znajdzie dzieln\u0105 \u017con\u0119? Jest ona daleko cenniejsza ni\u017c korale.<\/td><td>Prz31:10<\/td><\/tr><tr><td>S\u0142uchaj ojca, matki; da B\u00f3g i dostatki (pol.)<\/td><td>M\u00f3j synu, przestrzegaj przykaza\u0144 ojca i nie odrzucaj wskaz\u00f3wek matki.<\/td><td>Prz 6:20<\/td><\/tr><tr><td>Kto r\u00f3zgi \u017ca\u0142uje, nie kocha swego syna (\u0142ac.)<\/td><td>R\u00f3zga i upomnienie udzielaj\u0105 m\u0105dro\u015bci, ale dziecko zostawione samo sobie przynosi wstyd matce.<\/td><td>Prz 29:15<\/td><\/tr><tr><td>Kto nie robi, niech nie je (pol.)<\/td><td>W rzeczywisto\u015bci gdy u was byli\u015bmy, nakazywali\u015bmy wam: \u201eKto nie chce pracowa\u0107, niech te\u017c nie je.<\/td><td>2Tes 3:10<\/td><\/tr><tr><td>Ryby \u0142owi si\u0119 na w\u0119dk\u0119 \u2013 ludzi na s\u0142owa (niem.)<\/td><td>Ale Jezus powiedzia\u0142 do Szymona: \u201ePrzesta\u0144 si\u0119 ba\u0107. Od tej pory b\u0119dziesz \u0142owi\u0142 ludzi\u201d.<\/td><td>\u0141u 5:10<\/td><\/tr><tr><td>Nie rzucaj \u015bwiniom pere\u0142 (\u0142ac.)<\/td><td>\u201eNie dawajcie psom tego, co \u015bwi\u0119te, ani nie rzucajcie swych pere\u0142 przed \u015bwinie, \u017ceby ich czasem nie podepta\u0142y, a potem si\u0119 nie obr\u00f3ci\u0142y i was nie poszarpa\u0142y.<\/td><td>Mt 7:6<\/td><\/tr><tr><td>Jak\u0105 miark\u0105 mierzysz, tak\u0105 ci odmierz\u0105 (niem.)<\/td><td>Bo jak os\u0105dzacie innych, tak i wy b\u0119dziecie os\u0105dzeni, i jak\u0105 miar\u0105 odmierzacie innym, tak\u0105 i wam odmierz\u0105.<\/td><td>Mt 7:2<\/td><\/tr><tr><td>Dobre drzewo dobre rodzi owoce, a z\u0142e drzewo \u2013 z\u0142e (pol.)<\/td><td>Podobnie ka\u017cde dobre drzewo wydaje dobre owoce, a ka\u017cde z\u0142e drzewo wydaje z\u0142e owoce.<\/td><td>Mt 7:17<\/td><\/tr><tr><td>Cz\u0142owieka poznaje si\u0119 po towarzystwie, z jakim utrzymuje stosunki (ang.)<\/td><td>Nie dajcie si\u0119 wprowadzi\u0107 w b\u0142\u0105d. Z\u0142e towarzystwo psuje po\u017cyteczne zwyczaje.<\/td><td>1Kor 15:33<\/td><\/tr><tr><td>Kto niezgod\u0119 sieje, ten niepok\u00f3j zbiera (pol.)<\/td><td>Nie dajcie si\u0119 wprowadzi\u0107 w b\u0142\u0105d: B\u00f3g nie da si\u0119 z siebie na\u015bmiewa\u0107. Co kto\u015b sieje, to b\u0119dzie zbiera\u0107.<\/td><td>Ga 6:7<\/td><\/tr><tr><td>Odpowied\u017a \u0142agodna u\u015bmierza gniew (pol.)<\/td><td>\u0141agodna odpowied\u017a u\u015bmierza gniew<\/td><td>Prz15:1<\/td><\/tr><tr><td>Kto cudze b\u0142\u0119dy wspomina, o swoich w\u0142asnych zapomina.<\/td><td>Albo jak mo\u017cesz powiedzie\u0107 bratu: \u201aPozw\u00f3l, \u017ce wyjm\u0119 ci z oka \u017ad\u017ab\u0142o\u2019, skoro w twoim w\u0142asnym oku jest belka?<\/td><td>Mt 7:4<\/td><\/tr><tr><td>Gdzie przyjdzie pycha, przyjdzie i ha\u0144ba (pol.)<\/td><td>Pycha poprzedza upadek, a&nbsp;wynios\u0142o\u015b\u0107&nbsp;\u2014 potkni\u0119cie.<\/td><td>Prz 16:18<\/td><\/tr><tr><td>Milczenia rzadko kto \u017ca\u0142owa\u0142, a m\u00f3wno\u015bci cz\u0119sto (pol.)<\/td><td>Moi kochani bracia, wiedzcie, \u017ce ka\u017cdy powinien by\u0107 ch\u0119tny do s\u0142uchania, niesk\u0142onny do m\u00f3wienia i&nbsp;niesk\u0142onny do gniewu<\/td><td>Jak 1:19<\/td><\/tr><tr><td>Mi\u0142o\u015b\u0107 jest \u015blepa<\/td><td>Mi\u0142o\u015b\u0107 jest cierpliwa i&nbsp;\u017cyczliwa. Nie jest zazdrosna, nie przechwala si\u0119, nie nadyma si\u0119, nie zachowuje si\u0119 nieprzyzwoicie, nie szuka w\u0142asnych korzy\u015bci, nie daje si\u0119 rozdra\u017cni\u0107. Nie prowadzi rachunku krzywd. Nie cieszy si\u0119 z&nbsp;nieprawo\u015bci, ale raduje si\u0119 prawd\u0105. Wszystko znosi, wszystkiemu wierzy, na wszystko ma nadziej\u0119, wszystko przetrzymuje.<\/td><td>1Kor 13:4-7<\/td><\/tr><tr><td>Bogu i mamonie s\u0142u\u017cy\u0107 razem nie mo\u017cna<\/td><td>\u201eNikt nie mo\u017ce by\u0107 niewolnikiem dw\u00f3ch pan\u00f3w, bo albo jednego b\u0119dzie nienawidzi\u0107, a drugiego kocha\u0107, albo do jednego przylgnie, a drugim wzgardzi. Nie mo\u017cecie by\u0107 niewolnikami Boga i Pieni\u0105dza<\/td><td>Mt 6:24<\/td><\/tr><tr><td>Pocz\u0105tek m\u0105dro\u015bci \u2013 boja\u017a\u0144 boska. (pol.)<\/td><td>Boja\u017a\u0144 przed Jehow\u0105 jest pierwszym krokiem do zdobycia m\u0105dro\u015bci, a wiedza o Naj\u015bwi\u0119tszym zapewnia zrozumienie.<\/td><td>Prz 9:10<\/td><\/tr><tr><td>Gdzie skarb tw\u00f3j, tam serce twoje. (pol.)<\/td><td>Bo gdzie jest tw\u00f3j skarb, tam b\u0119dzie te\u017c twoje serce.<\/td><td>Mt 6:21<\/td><\/tr><tr><td>Starego trzeba szanowa\u0107. (niem.)<\/td><td>Szanuj ojca i matk\u0119, \u017ceby m\u00f3c d\u0142ugo \u017cy\u0107 w ziemi, kt\u00f3r\u0105 wam daje Jehowa, wasz B\u00f3g.<\/td><td>2Mo 20:12<\/td><\/tr><tr><td>Jest czas m\u00f3wienia, jest drugi milczenia. (niem.)<\/td><td>\u2026 czas rozdzierania i czas zszywania, czas milczenia i czas m\u00f3wienia \u2026<\/td><td>Kaz 3:7<\/td><\/tr><tr><td>Gdy \u015blepiec prowadzi \u015blepca, obaj wpadn\u0105 do rowu. (ang.)<\/td><td>Zostawcie ich. To \u015blepi przewodnicy. A gdy \u015blepy prowadzi \u015blepego, obaj wpadn\u0105 do do\u0142u\u201d.<\/td><td>Mt 15:14<\/td><\/tr><tr><td>Serce z rozumem rzadko si\u0119 zgadzaj\u0105. (pol.)<\/td><td>Serce jest zdradliwsze ni\u017c wszystko inne i nieobliczalne. Kto mo\u017ce je pozna\u0107?<\/td><td>Jer 17:9<\/td><\/tr><tr><td>Gdzie przyjdzie pycha, przyjdzie i ha\u0144ba (pol.)<\/td><td>Pycha poprzedza upadek, a wynios\u0142o\u015b\u0107 \u2014 potkni\u0119cie.<\/td><td>Prz 16:18<\/td><\/tr><tr><td>Gdy wkracza wino, rozum ust\u0119puje (hebr.)<\/td><td>Wino to szyderca, alkohol jest nieokie\u0142znany, a kto b\u0142\u0105dzi pod wp\u0142ywem trunk\u00f3w, nie jest m\u0105dry.<\/td><td>Prz 20:1<\/td><\/tr><tr><td>Z owoc\u00f3w ich poznacie ich. (niem.)<\/td><td>Rzeczywi\u015bcie wi\u0119c rozpoznacie tych ludzi po ich owocach.<\/td><td>Mt 7:20<\/td><\/tr><tr><td>Dobra opinia jest lepsza od pieni\u0119dzy. (\u0142ac.)<\/td><td>Dobra opinia jest lepsza ni\u017c wyborny olejek, a dzie\u0144 \u015bmierci jest lepszy ni\u017c dzie\u0144 narodzin.<\/td><td>Kaz 7:1<\/td><\/tr><tr><td>Lepiej pomy\u015ble\u0107, ni\u017c potem \u017ca\u0142owa\u0107 (pol.)<\/td><td>Przypu\u015b\u0107my, \u017ce kto\u015b z was chce zbudowa\u0107 wie\u017c\u0119. Czy najpierw nie usi\u0105dzie i nie obliczy koszt\u00f3w, \u017ceby zobaczy\u0107, czy mu wystarczy na jej doko\u0144czenie?<\/td><td>\u0141u 14:28<\/td><\/tr><tr><td>Uszy wielu ludzi s\u0105 zamkni\u0119te dla prawdy (\u0142ac.)<\/td><td>Bo nieczu\u0142e sta\u0142o si\u0119 serce tego ludu i zakryli swoje uszy, i zamkn\u0119li swoje oczy, \u017ceby czasem nie widzie\u0107 swoimi oczami ani nie s\u0142ysze\u0107 swoimi uszami, ani nie poj\u0105\u0107 sensu swoimi sercami, \u017ceby nie zawr\u00f3ci\u0107 i \u017cebym ich nie uzdrowi\u0142\u2019.<\/td><td>Mt 13:15<\/td><\/tr><tr><td>Cz\u0142owiek nigdy nie wie, co go mo\u017ce spotka\u0107. (ros.)<\/td><td>Nie zawsze szybcy zwyci\u0119\u017caj\u0105 w wy\u015bcigu, a mocarze \u2014 w bitwie. Nie zawsze m\u0105drzy maj\u0105 co je\u015b\u0107, nie zawsze inteligentni zdobywaj\u0105 bogactwo i nie zawsze posiadaj\u0105cy wiedz\u0119 odnosz\u0105 sukces. Bo ich wszystkich dosi\u0119ga czas i przypadek.<\/td><td>Kaz 9:11<\/td><\/tr><tr><td>Co zosta\u0142o zaprzysi\u0119\u017cone, tego nale\u017cy dochowa\u0107 (\u0142ac.)<\/td><td>\u201eS\u0142yszeli\u015bcie jeszcze, \u017ce naszym przodkom powiedziano: \u201aNie wolno ci z\u0142o\u017cy\u0107 przysi\u0119gi, a potem jej nie dotrzyma\u0107, lecz masz spe\u0142ni\u0107 to, co \u015blubowa\u0142e\u015b Jehowie\u2019.<\/td><td>Mt 5:22<\/td><\/tr><tr><td>Kto sieje wiatr, zbiera burz\u0119. (pol.)<\/td><td>Poniewa\u017c siej\u0105 wiatr, b\u0119d\u0105 zbiera\u0107 burz\u0119. W k\u0142osach nie dojrzewa ziarno. A je\u015bli dojrzeje, to nie daje m\u0105ki. A gdyby nawet da\u0142o, poch\u0142on\u0105 j\u0105 cudzoziemcy.<\/td><td>Oz 8:7<\/td><\/tr><tr><td>Nale\u017cy przebacza\u0107 innym. (niem.)<\/td><td>Wtedy do Jezusa podszed\u0142 Piotr i powiedzia\u0142: \u201ePanie, ile razy mam przebacza\u0107 bratu, je\u015bli grzeszy przeciwko mnie? A\u017c siedem razy?\u201d<\/td><td>Mt 18:21<\/td><\/tr><tr><td>Serce radosne twarz rozwesela. (\u0142ac.)<\/td><td>Radosne serce rozwesela twarz, ale b\u00f3l w sercu \u0142amie ducha.<\/td><td>Prz 15:13<\/td><\/tr><tr><td>Post\u0119puj tak, jak chcesz, \u017ceby z tob\u0105 post\u0119powano (ang.)<\/td><td>\u201eDlatego wszystko, co chcecie, \u017ceby ludzie wam czynili, sami te\u017c im czy\u0144cie. Taki w rzeczywisto\u015bci jest sens Prawa i pism prorok\u00f3w\u201d.<\/td><td>Mt 7:12<\/td><\/tr><tr><td>Przys\u0142owie to stare: we wszystkim mie\u0107 miar\u0119 (pol.)<\/td><td>Wszystko wolno, ale nie wszystko przynosi po\u017cytek. Wszystko wolno, ale nie wszystko buduje.<\/td><td>1Kor 10:23<\/td><\/tr><tr><td>U\u017cywaj \u015bwiata, p\u00f3ki s\u0142u\u017c\u0105 lata (pol.)<\/td><td>Cokolwiek mo\u017cesz zrobi\u0107, r\u00f3b to z ca\u0142\u0105 moc\u0105, bo w grobie \u2014 w miejscu, do kt\u00f3rego idziesz \u2014 nie wykonuje si\u0119 pracy ani nie uk\u0142ada si\u0119 plan\u00f3w, nie ma tam wiedzy ani m\u0105dro\u015bci.<\/td><td>Kaz 9:10<\/td><\/tr><tr><td>Zawsze w kupie lepiej. (pol.)<\/td><td>Lepiej jest dwom ni\u017c jednemu, gdy\u017c ze swojej ci\u0119\u017ckiej pracy maj\u0105 wi\u0119cej korzy\u015bci.<\/td><td>Kaz. 4:9<\/td><\/tr><tr><td>Gdzie serce, tam i szcz\u0119\u015bcie. (pol.)<\/td><td>Bo gdzie jest tw\u00f3j skarb, tam b\u0119dzie te\u017c twoje serce.<\/td><td>Mt 6:21<\/td><\/tr><tr><td>Co si\u0119 odwlecze, to nie uciecze. (pol.)<\/td><td>Wszystko ma sw\u00f3j czas, jest pora na ka\u017cde zaj\u0119cie na ziemi.<\/td><td>Kaz 3:1<\/td><\/tr><tr><td>B\u00f3g nie rychliwy, ale sprawiedliwy (niem.)<\/td><td>Jehowa nie zwleka z realizacj\u0105 swojej obietnicy, jak to niekt\u00f3rzy s\u0105dz\u0105, lecz okazuje wam cierpliwo\u015b\u0107, bo nie chce, \u017ceby ktokolwiek zosta\u0142 zg\u0142adzony, ale \u017ceby wszyscy zdobyli si\u0119 na skruch\u0119.<\/td><td>2Pi 3:9<\/td><\/tr><tr><td>Jak\u0105 broni\u0105 wojujesz, od takiej zginiesz. (pol.)<\/td><td>Wtedy Jezus powiedzia\u0142 do niego: \u201eSchowaj miecz tam, gdzie jego miejsce, bo wszyscy, kt\u00f3rzy chwytaj\u0105 za miecz, od miecza zgin\u0105\u201d.<\/td><td>Mt 26:52<\/td><\/tr><tr><td>Kto rz\u0105dzi\u0107 domu nie umie swojego, nie podejmuj si\u0119 pospolitego. (pol.)<\/td><td>(bo je\u015bli m\u0119\u017cczyzna nie umie przewodzi\u0107 w\u0142asnej rodzinie, to jak b\u0119dzie si\u0119 troszczy\u0142 o zb\u00f3r Bo\u017cy?).<\/td><td>1Ty 3:5<\/td><\/tr><tr><td>Kto chce dowodzi\u0107, najpierw musi s\u0142u\u017cy\u0107. (ang.)<\/td><td>Je\u015bli wi\u0119c ja, Pan i Nauczyciel, umy\u0142em wam nogi, to wy te\u017c powinni\u015bcie my\u0107 nogi jeden drugiemu.<\/td><td>Ja 13:14<\/td><\/tr><tr><td>\u015amier\u0107 wszystkich kosi. (pol.)<\/td><td>Grzech pojawi\u0142 si\u0119 na \u015bwiecie przez jednego cz\u0142owieka, a przez grzech \u2014 \u015bmier\u0107. I w taki spos\u00f3b \u015bmier\u0107 rozprzestrzeni\u0142a si\u0119 na wszystkich ludzi, bo wszyscy stali si\u0119 grzeszni.<\/td><td>Rz 5:12<\/td><\/tr><tr><td>Po \u015bmierci nie ma ju\u017c przyjemno\u015bci. (\u0142ac.)<\/td><td>Cokolwiek mo\u017cesz zrobi\u0107, r\u00f3b to z ca\u0142\u0105 moc\u0105, bo w grobie \u2014 w miejscu, do kt\u00f3rego idziesz \u2014 nie wykonuje si\u0119 pracy ani nie uk\u0142ada si\u0119 plan\u00f3w, nie ma tam wiedzy ani m\u0105dro\u015bci.<\/td><td>Kaz 9:10<\/td><\/tr><tr><td>Najlepszym lekarstwem jest spok\u00f3j. (\u0142ac.)<\/td><td>Spokojne serce zapewnia cia\u0142u \u017cycie, ale od zazdro\u015bci gnij\u0105 ko\u015bci.<\/td><td>Prz 14:30<\/td><\/tr><tr><td>Usu\u0144 pieni\u0105dze, usuniesz wojn\u0119. (\u0142ac.)<\/td><td>Bo mi\u0142o\u015b\u0107 do pieni\u0119dzy jest korzeniem wszelkiego z\u0142a. Ulegaj\u0105c jej, niekt\u00f3rzy odeszli od wiary i \u015bci\u0105gn\u0119li na siebie wiele udr\u0119k.<\/td><td>1Tym 6:10<\/td><\/tr><tr><td>Za nic nauka, kto Boga nie s\u0142ucha. (pol.)<\/td><td>Nie stawaj si\u0119 m\u0105dry we w\u0142asnych oczach. B\u00f3j si\u0119 Jehowy i odwracaj si\u0119 od z\u0142a.<\/td><td>Prz 3:7<\/td><\/tr><tr><td>Kogo Pan B\u00f3g stworzy, tego nie umorzy (niem.)<\/td><td>Kiedy\u015b by\u0142em m\u0142ody, a teraz jestem ju\u017c stary, ale nie widzia\u0142em, \u017ceby kto\u015b prawy by\u0142 opuszczony ani \u017ceby jego dzieci szuka\u0142y chleba.<\/td><td>Ps 37:25<\/td><\/tr><tr><td>Trzeba bardziej s\u0142ucha\u0107 Boga ni\u017c ludzi. (\u0142ac.)<\/td><td>Piotr i inni aposto\u0142owie odpowiedzieli: \u201ePrzede wszystkim musimy by\u0107 pos\u0142uszni Bogu, a nie ludziom.<\/td><td>Dz 5:29<\/td><\/tr><tr><td>Kowalowi pomog\u0142o, a \u015blusarza zabi\u0142o. (pol.)<\/td><td>Trzeciego dnia, kiedy by\u0142y urodziny faraona, urz\u0105dzi\u0142 on uczt\u0119 dla wszystkich swoich s\u0142ug. W ich obecno\u015bci kaza\u0142 uwolni\u0107 prze\u0142o\u017conego podczaszych i prze\u0142o\u017conego piekarzy.<br>Ale prze\u0142o\u017conego piekarzy faraon kaza\u0142 powiesi\u0107. Sta\u0142o si\u0119 dok\u0142adnie tak, jak m\u00f3wi\u0142 J\u00f3zef.<\/td><td>Rodz. 40:20,22<\/td><\/tr><tr><td>Lepsza wiara ni\u017c ofiara (pol.)<\/td><td>Wtedy Samuel rzek\u0142: \u201eCo Jehowie sprawia wi\u0119ksz\u0105 przyjemno\u015b\u0107: ca\u0142opalenia i inne ofiary czy pos\u0142usze\u0144stwo wobec Jehowy? Z ca\u0142\u0105 pewno\u015bci\u0105 pos\u0142usze\u0144stwo jest lepsze ni\u017c ofiara, uwa\u017cne s\u0142uchanie \u2014 ni\u017c t\u0142uszcz baran\u00f3w.<\/td><td>1Sam 15:22<\/td><\/tr><tr><td>Nie ma zdrowia po dziewi\u0119\u0107dziesi\u0105tce. (murz.)<\/td><td>Nasze \u017cycie trwa 70 lat, a je\u015bli kto\u015b jest szczeg\u00f3lnie silny \u2014 80. Ale s\u0105 one pe\u0142ne udr\u0119ki i smutku, szybko przemijaj\u0105, a my odchodzimy.<\/td><td>Ps 90:10<\/td><\/tr><\/tbody><\/table><\/figure>\n","protected":false},"excerpt":{"rendered":"<p>Przys\u0142owia Biblijne inspiracje Werset M\u0105dro\u015b\u0107 jest \u017arenic\u0105 \u017cycia (\u0142ac.) Bo m\u0105dro\u015b\u0107 jest ochron\u0105, tak jak ochron\u0105 s\u0105 pieni\u0105dze. Ale wiedza ma pewn\u0105 przewag\u0119 \u2014 gdy towarzyszy jej m\u0105dro\u015b\u0107, zachowuje przy \u017cyciu tego, kto j\u0105 posiada. Kaz 7:12 Lepszy jest rozum ni\u017c z\u0142oto (niem.) Lepiej zyska\u0107 m\u0105dro\u015b\u0107 ni\u017c srebro, lepiej zdoby\u0107 j\u0105 ni\u017c z\u0142oto. Prz 3:14 [&hellip;]<\/p>\n","protected":false},"author":1,"featured_media":0,"parent":17,"menu_order":0,"comment_status":"closed","ping_status":"closed","template":"","meta":{"ngg_post_thumbnail":0,"footnotes":""},"class_list":["post-226","page","type-page","status-publish","hentry"],"_links":{"self":[{"href":"https:\/\/leda158.eu\/index.php?rest_route=\/wp\/v2\/pages\/226","targetHints":{"allow":["GET"]}}],"collection":[{"href":"https:\/\/leda158.eu\/index.php?rest_route=\/wp\/v2\/pages"}],"about":[{"href":"https:\/\/leda158.eu\/index.php?rest_route=\/wp\/v2\/types\/page"}],"author":[{"embeddable":true,"href":"https:\/\/leda158.eu\/index.php?rest_route=\/wp\/v2\/users\/1"}],"replies":[{"embeddable":true,"href":"https:\/\/leda158.eu\/index.php?rest_route=%2Fwp%2Fv2%2Fcomments&post=226"}],"version-history":[{"count":3,"href":"https:\/\/leda158.eu\/index.php?rest_route=\/wp\/v2\/pages\/226\/revisions"}],"predecessor-version":[{"id":258,"href":"https:\/\/leda158.eu\/index.php?rest_route=\/wp\/v2\/pages\/226\/revisions\/258"}],"up":[{"embeddable":true,"href":"https:\/\/leda158.eu\/index.php?rest_route=\/wp\/v2\/pages\/17"}],"wp:attachment":[{"href":"https:\/\/leda158.eu\/index.php?rest_route=%2Fwp%2Fv2%2Fmedia&parent=226"}],"curies":[{"name":"wp","href":"https:\/\/api.w.org\/{rel}","templated":true}]}}