{"id":21,"date":"2023-01-25T17:20:24","date_gmt":"2023-01-25T16:20:24","guid":{"rendered":"https:\/\/leda158.eu\/?page_id=21"},"modified":"2023-02-14T10:22:45","modified_gmt":"2023-02-14T09:22:45","slug":"kontakt","status":"publish","type":"page","link":"https:\/\/leda158.eu\/?page_id=21","title":{"rendered":"Kontakt"},"content":{"rendered":"\n<p>Je\u017celi zainteresowa\u0142y Ciebie informacje na tej stronie, lub mo\u017ce posiadasz informacje uzupe\u0142niaj\u0105ce lub koryguj\u0105ce niekt\u00f3re tre\u015bci, nie powstrzymuj si\u0119 przed przekazaniem swojej opinii w poni\u017cszym formularzu kontaktowym. Dzi\u0119kuj\u0119.<\/p>\n\n\n<div class=\"wpforms-container wpforms-container-full\" id=\"wpforms-642\"><form id=\"wpforms-form-642\" class=\"wpforms-validate wpforms-form wpforms-ajax-form\" data-formid=\"642\" method=\"post\" enctype=\"multipart\/form-data\" action=\"\/index.php?rest_route=%2Fwp%2Fv2%2Fpages%2F21\" data-token=\"ca2b961bc916b4c893e97561f674bce6\" data-token-time=\"1776420232\"><noscript class=\"wpforms-error-noscript\">Aby wype\u0142ni\u0107 ten formularz, w\u0142\u0105cz obs\u0142ug\u0119 JavaScript w przegl\u0105darce.<\/noscript><div class=\"wpforms-field-container\"><div id=\"wpforms-642-field_0-container\" class=\"wpforms-field wpforms-field-name\" data-field-id=\"0\"><label class=\"wpforms-field-label\" for=\"wpforms-642-field_0\">Imi\u0119 <span class=\"wpforms-required-label\">*<\/span><\/label><input type=\"text\" id=\"wpforms-642-field_0\" class=\"wpforms-field-medium wpforms-field-required\" name=\"wpforms[fields][0]\" required><\/div><div id=\"wpforms-642-field_1-container\" class=\"wpforms-field wpforms-field-email\" data-field-id=\"1\"><label class=\"wpforms-field-label\" for=\"wpforms-642-field_1\">Email <span class=\"wpforms-required-label\">*<\/span><\/label><input type=\"email\" id=\"wpforms-642-field_1\" class=\"wpforms-field-medium wpforms-field-required\" name=\"wpforms[fields][1]\" spellcheck=\"false\" required><\/div><div id=\"wpforms-642-field_2-container\" class=\"wpforms-field wpforms-field-textarea\" data-field-id=\"2\"><label class=\"wpforms-field-label\" for=\"wpforms-642-field_2\">Komentarz<\/label><textarea id=\"wpforms-642-field_2\" class=\"wpforms-field-large\" name=\"wpforms[fields][2]\" ><\/textarea><\/div><\/div><!-- .wpforms-field-container --><div class=\"wpforms-recaptcha-container wpforms-is-recaptcha wpforms-is-recaptcha-type-invisible\" ><div class=\"g-recaptcha\" data-sitekey=\"6LfoROkkAAAAAF5U56vHa7Dzkbb6TxCouzoaCqzg\" data-size=\"invisible\"><\/div><\/div><div class=\"wpforms-submit-container\" ><input type=\"hidden\" name=\"wpforms[id]\" value=\"642\"><input type=\"hidden\" name=\"page_title\" value=\"\"><input type=\"hidden\" name=\"page_url\" value=\"https:\/\/leda158.eu\/index.php?rest_route=\/wp\/v2\/pages\/21\"><input type=\"hidden\" name=\"url_referer\" value=\"\"><button type=\"submit\" name=\"wpforms[submit]\" id=\"wpforms-submit-642\" class=\"wpforms-submit\" data-alt-text=\"Wysy\u0142am ...\" data-submit-text=\"Wy\u015blij\" aria-live=\"assertive\" value=\"wpforms-submit\">Wy\u015blij<\/button><img loading=\"lazy\" decoding=\"async\" src=\"https:\/\/leda158.eu\/wp-content\/plugins\/wpforms-lite\/assets\/images\/submit-spin.svg\" class=\"wpforms-submit-spinner\" style=\"display: none;\" width=\"26\" height=\"26\" alt=\"Wczytywanie\"><\/div><\/form><\/div>  <!-- .wpforms-container -->\n","protected":false},"excerpt":{"rendered":"<p>Je\u017celi zainteresowa\u0142y Ciebie informacje na tej stronie, lub mo\u017ce posiadasz informacje uzupe\u0142niaj\u0105ce lub koryguj\u0105ce niekt\u00f3re tre\u015bci, nie powstrzymuj si\u0119 przed przekazaniem swojej opinii w poni\u017cszym formularzu kontaktowym. Dzi\u0119kuj\u0119.<\/p>\n","protected":false},"author":1,"featured_media":0,"parent":0,"menu_order":1,"comment_status":"closed","ping_status":"closed","template":"","meta":{"ngg_post_thumbnail":0,"footnotes":""},"class_list":["post-21","page","type-page","status-publish","hentry"],"_links":{"self":[{"href":"https:\/\/leda158.eu\/index.php?rest_route=\/wp\/v2\/pages\/21","targetHints":{"allow":["GET"]}}],"collection":[{"href":"https:\/\/leda158.eu\/index.php?rest_route=\/wp\/v2\/pages"}],"about":[{"href":"https:\/\/leda158.eu\/index.php?rest_route=\/wp\/v2\/types\/page"}],"author":[{"embeddable":true,"href":"https:\/\/leda158.eu\/index.php?rest_route=\/wp\/v2\/users\/1"}],"replies":[{"embeddable":true,"href":"https:\/\/leda158.eu\/index.php?rest_route=%2Fwp%2Fv2%2Fcomments&post=21"}],"version-history":[{"count":4,"href":"https:\/\/leda158.eu\/index.php?rest_route=\/wp\/v2\/pages\/21\/revisions"}],"predecessor-version":[{"id":885,"href":"https:\/\/leda158.eu\/index.php?rest_route=\/wp\/v2\/pages\/21\/revisions\/885"}],"wp:attachment":[{"href":"https:\/\/leda158.eu\/index.php?rest_route=%2Fwp%2Fv2%2Fmedia&parent=21"}],"curies":[{"name":"wp","href":"https:\/\/api.w.org\/{rel}","templated":true}]}}