{"id":181,"date":"2023-01-26T20:55:11","date_gmt":"2023-01-26T19:55:11","guid":{"rendered":"https:\/\/leda158.eu\/?page_id=181"},"modified":"2023-01-27T14:45:11","modified_gmt":"2023-01-27T13:45:11","slug":"turystyka","status":"publish","type":"page","link":"https:\/\/leda158.eu\/?page_id=181","title":{"rendered":"Turystyka"},"content":{"rendered":"\n<p><\/p>\n\n\n\n<figure class=\"wp-block-image size-large\"><img loading=\"lazy\" decoding=\"async\" width=\"1024\" height=\"313\" src=\"https:\/\/leda158.eu\/wp-content\/uploads\/2023\/01\/zachod-1024x313.jpg\" alt=\"\" class=\"wp-image-299\" srcset=\"https:\/\/leda158.eu\/wp-content\/uploads\/2023\/01\/zachod-1024x313.jpg 1024w, https:\/\/leda158.eu\/wp-content\/uploads\/2023\/01\/zachod-300x92.jpg 300w, https:\/\/leda158.eu\/wp-content\/uploads\/2023\/01\/zachod-768x234.jpg 768w, https:\/\/leda158.eu\/wp-content\/uploads\/2023\/01\/zachod-1536x469.jpg 1536w, https:\/\/leda158.eu\/wp-content\/uploads\/2023\/01\/zachod.jpg 1920w\" sizes=\"auto, (max-width: 1024px) 100vw, 1024px\" \/><\/figure>\n\n\n\n<p>Zach\u00f3d s\u0142o\u0144ca nad Serwami<\/p>\n\n\n\n<p>Ulubione miejsce letniego odpoczynku ca\u0142ej rodziny. Poni\u017cej jezioro Serwy oczami Surfingowc\u00f3w.<\/p>\n\n\n\nngg_shortcode_0_placeholder\n\n\n\n<p>Francja w roku 2004 \u2013 Mont Saint Michel (kultowe miejsce dla turyst\u00f3w) przyp\u0142ywy tworz\u0105 malownicz\u0105 wysp\u0119, Pary\u017c \u2013 nowoczesno\u015b\u0107 i tradycja, Villandry \u2013 przepi\u0119kne ogrody, Chambord \u2013 okaza\u0142y zamek.<\/p>\n\n\n\nngg_shortcode_1_placeholder\n\n\n\n<p>Na bieszczadzkim szlaku \u2013 rok 2007.<\/p>\n\n\n\nngg_shortcode_2_placeholder\n\n\n\n<p>Italia 2009 r. \u2013 Moderna, Parma, Apeniny, Verona (Julia na balkonie), Cinqueterre (domy na ska\u0142ach jak jask\u00f3\u0142cze gniazda).<\/p>\n\n\n\nngg_shortcode_3_placeholder\n\n\n\n<p>Dolomity i Alpy 2012 r.<\/p>\n\n\n\n<p>W\u0142oskie Dolomity s\u0105 cudowne. W drodze na najwy\u017csz\u0105 g\u00f3r\u0119 Europy przejazd tunelem do Francji. W Chamonix wej\u015bcie na Mount Blanc (to dla m\u0142odych). Podziwiamy tak\u017ce gro\u017any lodowiec. Blisko tak\u017ce wspania\u0142y w\u0105w\u00f3z w ska\u0142ach, gdzie w czasie du\u017cych deszczy woda podnosi si\u0119 kilkana\u015bcie metr\u00f3w.<\/p>\n\n\n\nngg_shortcode_4_placeholder\n\n\n\n<p>W\u0119gry 2017 r. \u2013 piwniczki z winem. Mo\u017cna posmakowa\u0107 i dokona\u0107 najlepszego wyboru.<\/p>\n\n\n\nngg_shortcode_5_placeholder\n\n\n\n<p>Nie mniej urokliwe s\u0105 miejsca w pobli\u017cu: Sierpc ze wspania\u0142ym skansenem, Bia\u0142owie\u017ca z \u017cubrami, Kiermusy z mini skansenem, Sta\u0144czyki z mostami, Tykocin z synagog\u0105 z tetragramem Bo\u017cym i \u015bwietn\u0105 pierogarni\u0105 na rynku. Poni\u017cej Sierpc.<\/p>\n\n\n\nngg_shortcode_6_placeholder\n","protected":false},"excerpt":{"rendered":"<p>Zach\u00f3d s\u0142o\u0144ca nad Serwami Ulubione miejsce letniego odpoczynku ca\u0142ej rodziny. Poni\u017cej jezioro Serwy oczami Surfingowc\u00f3w. Francja w roku 2004 \u2013 Mont Saint Michel (kultowe miejsce dla turyst\u00f3w) przyp\u0142ywy tworz\u0105 malownicz\u0105 wysp\u0119, Pary\u017c \u2013 nowoczesno\u015b\u0107 i tradycja, Villandry \u2013 przepi\u0119kne ogrody, Chambord \u2013 okaza\u0142y zamek. Na bieszczadzkim szlaku \u2013 rok 2007. Italia 2009 r. \u2013 Moderna, [&hellip;]<\/p>\n","protected":false},"author":1,"featured_media":0,"parent":19,"menu_order":-1,"comment_status":"closed","ping_status":"closed","template":"","meta":{"ngg_post_thumbnail":0,"footnotes":""},"class_list":["post-181","page","type-page","status-publish","hentry"],"_links":{"self":[{"href":"https:\/\/leda158.eu\/index.php?rest_route=\/wp\/v2\/pages\/181","targetHints":{"allow":["GET"]}}],"collection":[{"href":"https:\/\/leda158.eu\/index.php?rest_route=\/wp\/v2\/pages"}],"about":[{"href":"https:\/\/leda158.eu\/index.php?rest_route=\/wp\/v2\/types\/page"}],"author":[{"embeddable":true,"href":"https:\/\/leda158.eu\/index.php?rest_route=\/wp\/v2\/users\/1"}],"replies":[{"embeddable":true,"href":"https:\/\/leda158.eu\/index.php?rest_route=%2Fwp%2Fv2%2Fcomments&post=181"}],"version-history":[{"count":16,"href":"https:\/\/leda158.eu\/index.php?rest_route=\/wp\/v2\/pages\/181\/revisions"}],"predecessor-version":[{"id":434,"href":"https:\/\/leda158.eu\/index.php?rest_route=\/wp\/v2\/pages\/181\/revisions\/434"}],"up":[{"embeddable":true,"href":"https:\/\/leda158.eu\/index.php?rest_route=\/wp\/v2\/pages\/19"}],"wp:attachment":[{"href":"https:\/\/leda158.eu\/index.php?rest_route=%2Fwp%2Fv2%2Fmedia&parent=181"}],"curies":[{"name":"wp","href":"https:\/\/api.w.org\/{rel}","templated":true}]}}