{"id":17,"date":"2023-01-25T17:19:52","date_gmt":"2023-01-25T16:19:52","guid":{"rendered":"https:\/\/leda158.eu\/?page_id=17"},"modified":"2023-01-27T08:27:38","modified_gmt":"2023-01-27T07:27:38","slug":"teokracja","status":"publish","type":"page","link":"https:\/\/leda158.eu\/?page_id=17","title":{"rendered":"Teokracja"},"content":{"rendered":"\n<p>Czym jest Teokracja? \u2013 To rz\u0105dy Boga. Ale nie powinni\u015bmy tego myli\u0107 z rz\u0105dami tych, kt\u00f3rzy uzurpuj\u0105 sobie, \u017ce s\u0105 na ziemi przedstawicielami Boga. Zalecam daleko id\u0105c\u0105 ostro\u017cno\u015b\u0107 i na ile to jest mo\u017cliwe weryfikacj\u0119 ich kwalifikacji. Teokracja nawi\u0105zuje do wypowiedzi Jezusa: \u201eNiech przyjdzie Twoje Kr\u00f3lestwo. Niech si\u0119 dzieje Twoja wola, jak w niebie, tak i na ziemi\u201d (Mt 6:10). Wed\u0142ug powy\u017cszej wypowiedzi wola Twoja (czyli Bo\u017ca) b\u0119dzie si\u0119 dzia\u0107 zar\u00f3wno w niebie, jak i na ziemi. B\u00f3g ma mo\u017cliwo\u015bci do tego doprowadzi\u0107. Wi\u0119kszo\u015b\u0107 ludzi niestety z tego nie skorzysta. Przyczyna jest prosta \u2013 nie chc\u0105 zaakceptowa\u0107 Bo\u017cych wymaga\u0144.<\/p>\n\n\n\n<p>Teokracja to nieko\u0144cz\u0105ca si\u0119 przygoda, to cel mojego \u017cycia. Wszyscy wierzymy dzi\u0119ki zdobywaniu wiedzy, staramy si\u0119 ci\u0105gle umacnia\u0107 wiar\u0119. \u0141\u0105czymy to z nadziej\u0105 na przysz\u0142e, rzeczywiste \u017cycie. A przy okazji to \u015bwietna gimnastyka umys\u0142u.<\/p>\n\n\n\n<p>Pr\u00f3buj\u0119 zrozumie\u0107 osoby, kt\u00f3re maj\u0105 jaki\u015b wewn\u0119trzny op\u00f3r przed kontaktem z Bo\u017cym listem dla nas \u2013 Bibli\u0105. Przyczyn mo\u017ce by\u0107 wiele, ale przegl\u0105d tych kilku zak\u0142adek w cz\u0119\u015bci Teokracja mo\u017ce przynie\u015b\u0107 sporo satysfakcji, rozwia\u0107 niekt\u00f3re w\u0105tpliwo\u015bci, otworzy\u0107 si\u0119 na dziedzin\u0119 niezwykle wa\u017cn\u0105 dla naszej przysz\u0142o\u015bci.<\/p>\n\n\n\n<p>Co mog\u0119 poleci\u0107?<\/p>\n\n\n\n<p>W zasadzie wszystko. Jednak\u017ce dla dzieci chyba najbardziej interesuj\u0105ca b\u0119dzie zak\u0142adka z quizami \u2013 Zagadki, cho\u0107 niekt\u00f3re z nich nie b\u0119d\u0105 \u0142atwe.<\/p>\n\n\n\n<p>Dla starszych polecam zak\u0142adk\u0119 Ciekawostki biblijne, gdzie umie\u015bci\u0142em kilka temat\u00f3w interesuj\u0105cych nawet dla ateist\u00f3w.<\/p>\n\n\n\n<p><\/p>\n\n\n\n<figure class=\"wp-block-image size-full\"><img loading=\"lazy\" decoding=\"async\" width=\"800\" height=\"513\" src=\"https:\/\/leda158.eu\/wp-content\/uploads\/2023\/01\/Straznica.jpg\" alt=\"\" class=\"wp-image-224\" srcset=\"https:\/\/leda158.eu\/wp-content\/uploads\/2023\/01\/Straznica.jpg 800w, https:\/\/leda158.eu\/wp-content\/uploads\/2023\/01\/Straznica-300x192.jpg 300w, https:\/\/leda158.eu\/wp-content\/uploads\/2023\/01\/Straznica-768x492.jpg 768w\" sizes=\"auto, (max-width: 800px) 100vw, 800px\" \/><\/figure>\n\n\n\n<p>Czy ta chmura nie przypomina stra\u017cnicy?<\/p>\n","protected":false},"excerpt":{"rendered":"<p>Czym jest Teokracja? \u2013 To rz\u0105dy Boga. Ale nie powinni\u015bmy tego myli\u0107 z rz\u0105dami tych, kt\u00f3rzy uzurpuj\u0105 sobie, \u017ce s\u0105 na ziemi przedstawicielami Boga. Zalecam daleko id\u0105c\u0105 ostro\u017cno\u015b\u0107 i na ile to jest mo\u017cliwe weryfikacj\u0119 ich kwalifikacji. Teokracja nawi\u0105zuje do wypowiedzi Jezusa: \u201eNiech przyjdzie Twoje Kr\u00f3lestwo. Niech si\u0119 dzieje Twoja wola, jak w niebie, tak [&hellip;]<\/p>\n","protected":false},"author":1,"featured_media":0,"parent":0,"menu_order":0,"comment_status":"closed","ping_status":"closed","template":"","meta":{"ngg_post_thumbnail":0,"footnotes":""},"class_list":["post-17","page","type-page","status-publish","hentry"],"_links":{"self":[{"href":"https:\/\/leda158.eu\/index.php?rest_route=\/wp\/v2\/pages\/17","targetHints":{"allow":["GET"]}}],"collection":[{"href":"https:\/\/leda158.eu\/index.php?rest_route=\/wp\/v2\/pages"}],"about":[{"href":"https:\/\/leda158.eu\/index.php?rest_route=\/wp\/v2\/types\/page"}],"author":[{"embeddable":true,"href":"https:\/\/leda158.eu\/index.php?rest_route=\/wp\/v2\/users\/1"}],"replies":[{"embeddable":true,"href":"https:\/\/leda158.eu\/index.php?rest_route=%2Fwp%2Fv2%2Fcomments&post=17"}],"version-history":[{"count":2,"href":"https:\/\/leda158.eu\/index.php?rest_route=\/wp\/v2\/pages\/17\/revisions"}],"predecessor-version":[{"id":225,"href":"https:\/\/leda158.eu\/index.php?rest_route=\/wp\/v2\/pages\/17\/revisions\/225"}],"wp:attachment":[{"href":"https:\/\/leda158.eu\/index.php?rest_route=%2Fwp%2Fv2%2Fmedia&parent=17"}],"curies":[{"name":"wp","href":"https:\/\/api.w.org\/{rel}","templated":true}]}}