{"id":13,"date":"2023-01-25T17:18:22","date_gmt":"2023-01-25T16:18:22","guid":{"rendered":"https:\/\/leda158.eu\/?page_id=13"},"modified":"2024-04-25T10:20:17","modified_gmt":"2024-04-25T08:20:17","slug":"drzewo","status":"publish","type":"page","link":"https:\/\/leda158.eu\/?page_id=13","title":{"rendered":"Drzewo"},"content":{"rendered":"\n<p>Poni\u017cej umie\u015bci\u0142em fragment mojego drzewa rodowego. Uda\u0142o mi si\u0119 dotychczas zebra\u0107 ju\u017c ponad 3400 rekord\u00f3w. Niekt\u00f3re z postaci si\u0119gaj\u0105 XVIII wieku. Ponad 98% os\u00f3b nie jest mi znana. Z czasem pojawiaj\u0105 si\u0119 jedynie u\u015bci\u015blenia dat. Im dalej w las tym trudniej to wszystko opanowa\u0107. Pojawiaj\u0105 si\u0119 b\u0142\u0119dy, kt\u00f3rych usuni\u0119cie wydaje si\u0119 niemo\u017cliwe. Na u\u017cytek w\u0142asny wystarczy baza ok. 200 os\u00f3b. Poni\u017cej przedstawiam g\u0142\u00f3wn\u0105 stron\u0119 obszernego drzewa. Polecam podstrony pokazuj\u0105ce powi\u0105zania od czterech os\u00f3b pokolenia starszego.<\/p>\n\n\n\n<div class=\"wp-block-columns is-layout-flex wp-container-core-columns-is-layout-28f84493 wp-block-columns-is-layout-flex\">\n<div class=\"wp-block-column is-layout-flow wp-block-column-is-layout-flow\">\n<figure class=\"wp-block-image alignright size-full is-resized\"><img loading=\"lazy\" decoding=\"async\" width=\"400\" height=\"294\" src=\"https:\/\/leda158.eu\/wp-content\/uploads\/2023\/01\/img172.jpg\" alt=\"\" class=\"wp-image-446\" style=\"width:300px;height:221px\" srcset=\"https:\/\/leda158.eu\/wp-content\/uploads\/2023\/01\/img172.jpg 400w, https:\/\/leda158.eu\/wp-content\/uploads\/2023\/01\/img172-300x221.jpg 300w\" sizes=\"auto, (max-width: 400px) 100vw, 400px\" \/><figcaption class=\"wp-element-caption\">Michalska Hanna  oraz  Dziubi\u0144ski Zbigniew<\/figcaption><\/figure>\n<\/div>\n\n\n\n<div class=\"wp-block-column is-layout-flow wp-block-column-is-layout-flow\">\n<figure class=\"wp-block-image size-full\"><img loading=\"lazy\" decoding=\"async\" width=\"235\" height=\"294\" src=\"https:\/\/leda158.eu\/wp-content\/uploads\/2023\/01\/img180A.jpg\" alt=\"\" class=\"wp-image-773\"\/><\/figure>\n<\/div>\n<\/div>\n\n\n\n<p><\/p>\n\n\n\n<div class=\"wp-block-columns is-layout-flex wp-container-core-columns-is-layout-28f84493 wp-block-columns-is-layout-flex\"><\/div>\n\n\n\n<figure class=\"wp-block-image size-large\"><img loading=\"lazy\" decoding=\"async\" width=\"724\" height=\"1024\" src=\"https:\/\/leda158.eu\/wp-content\/uploads\/2023\/03\/DrzewoHaZb2-724x1024.jpg\" alt=\"\" class=\"wp-image-906\" srcset=\"https:\/\/leda158.eu\/wp-content\/uploads\/2023\/03\/DrzewoHaZb2-724x1024.jpg 724w, https:\/\/leda158.eu\/wp-content\/uploads\/2023\/03\/DrzewoHaZb2-212x300.jpg 212w, https:\/\/leda158.eu\/wp-content\/uploads\/2023\/03\/DrzewoHaZb2-768x1086.jpg 768w, https:\/\/leda158.eu\/wp-content\/uploads\/2023\/03\/DrzewoHaZb2.jpg 794w\" sizes=\"auto, (max-width: 724px) 100vw, 724px\" \/><\/figure>\n","protected":false},"excerpt":{"rendered":"<p>Poni\u017cej umie\u015bci\u0142em fragment mojego drzewa rodowego. Uda\u0142o mi si\u0119 dotychczas zebra\u0107 ju\u017c ponad 3400 rekord\u00f3w. Niekt\u00f3re z postaci si\u0119gaj\u0105 XVIII wieku. Ponad 98% os\u00f3b nie jest mi znana. Z czasem pojawiaj\u0105 si\u0119 jedynie u\u015bci\u015blenia dat. Im dalej w las tym trudniej to wszystko opanowa\u0107. Pojawiaj\u0105 si\u0119 b\u0142\u0119dy, kt\u00f3rych usuni\u0119cie wydaje si\u0119 niemo\u017cliwe. Na u\u017cytek w\u0142asny [&hellip;]<\/p>\n","protected":false},"author":1,"featured_media":0,"parent":0,"menu_order":-1,"comment_status":"closed","ping_status":"closed","template":"","meta":{"ngg_post_thumbnail":0,"footnotes":""},"class_list":["post-13","page","type-page","status-publish","hentry"],"_links":{"self":[{"href":"https:\/\/leda158.eu\/index.php?rest_route=\/wp\/v2\/pages\/13","targetHints":{"allow":["GET"]}}],"collection":[{"href":"https:\/\/leda158.eu\/index.php?rest_route=\/wp\/v2\/pages"}],"about":[{"href":"https:\/\/leda158.eu\/index.php?rest_route=\/wp\/v2\/types\/page"}],"author":[{"embeddable":true,"href":"https:\/\/leda158.eu\/index.php?rest_route=\/wp\/v2\/users\/1"}],"replies":[{"embeddable":true,"href":"https:\/\/leda158.eu\/index.php?rest_route=%2Fwp%2Fv2%2Fcomments&post=13"}],"version-history":[{"count":21,"href":"https:\/\/leda158.eu\/index.php?rest_route=\/wp\/v2\/pages\/13\/revisions"}],"predecessor-version":[{"id":1042,"href":"https:\/\/leda158.eu\/index.php?rest_route=\/wp\/v2\/pages\/13\/revisions\/1042"}],"wp:attachment":[{"href":"https:\/\/leda158.eu\/index.php?rest_route=%2Fwp%2Fv2%2Fmedia&parent=13"}],"curies":[{"name":"wp","href":"https:\/\/api.w.org\/{rel}","templated":true}]}}