{"id":1033,"date":"2024-04-02T13:43:19","date_gmt":"2024-04-02T11:43:19","guid":{"rendered":"https:\/\/leda158.eu\/?page_id=1033"},"modified":"2024-04-02T13:55:50","modified_gmt":"2024-04-02T11:55:50","slug":"krolowie-polnocy-i-poludnia","status":"publish","type":"page","link":"https:\/\/leda158.eu\/?page_id=1033","title":{"rendered":"Kr\u00f3lowie P\u00f3\u0142nocy i Po\u0142udnia"},"content":{"rendered":"\n<p>Na podstawie Ksi\u0119gi Daniela rozdz. 11<\/p>\n\n\n\n<p><\/p>\n\n\n\n<figure class=\"wp-block-table has-small-font-size\"><table><tbody><tr><td><strong>Gdzie opisany<\/strong><\/td><td><strong>Kr\u00f3l p\u00f3\u0142nocy<\/strong><\/td><td><strong>Lata w\u0142adzy<\/strong><\/td><td><strong>Komentarz<\/strong><\/td><td><strong>Kr\u00f3l po\u0142udnia<\/strong><\/td><td><strong>Lata w\u0142adzy<\/strong><\/td><td><strong>Komentarz<\/strong><\/td><\/tr><tr><td>Da 11:5<\/td><td>Seleukos I Nikator<\/td><td>? &#8211; 281 pne<\/td><td><\/td><td>Ptolemeusz I<\/td><td>305 pne &#8211;<\/td><td><br><\/td><\/tr><tr><td>Da 11:6<\/td><td>Antioch II<\/td><td><\/td><td>Syn Seleukosa I.<br>Po\u015blubia Laodike. Po sojuszu w 250 pne z Ptolemeuszem II odprawiona Laodike a po\u015blubia Berenike. Po 246 pne ponownie po\u015blubia L. &#8211; ta za\u015b morduje Berenike i m\u0119\u017ca.<\/td><td>Ptolemeusz II<\/td><td>? &#8211; 246 pne<\/td><td>Syn Ptolemeusza I<br>c. Berenike<\/td><\/tr><tr><td>Da 11:7-9<\/td><td>Seleukos II;<br>Seleukos III<\/td><td>? &#8211; 242<\/td><td><\/td><td>Ptolemeusz III<\/td><td><\/td><td>Syn Ptolemeusza II. Po zdoby- ciu Antiochii morduje Laodike<\/td><\/tr><tr><td>Da 11:10-12<\/td><td>Antioch III<\/td><td><\/td><td>Przydomek \u201cWielki\u201d; w 217 pne opuszcza Ptolemaid\u0119 i udaje si\u0119 do Syrii<\/td><td>Ptolemeusz IV<\/td><td><\/td><td><\/td><\/tr><tr><td>Da 11:13-19<\/td><td>Antioch III;<br>synowie<br>Seleukos IV<br>Antioch IV<\/td><td>? &#8211; 187<\/td><td>W r.198 pne stan\u0105\u0142 w krainie Ozdoby; c. Kleopatra I w 193 pne po\u015blubiona Ptolemeuszowi V ;<br>Seleukos IV- zamordowany przez skarbnika Heliodora;<br>Antioch IV- 167 pne \u2013 sprofano- wa\u0142 \u015bwi\u0105t. Jehowy \u2013 powstanie Machabeuszy; umiera w 163 pne<\/td><td>Ptolemeusz V;<br>Ptolemeusz VI<\/td><td><\/td><td>[V] Zacz\u0105\u0142 kr\u00f3lowa\u0107 w wieku 5 lat; opiekun Agatokles. Zwi\u0105zek z Kleopatr\u0105 I; chce posi\u0105\u015b\u0107 obiecane w posagu prowincje; otruty.<\/td><\/tr><tr><td>Da 11:20<\/td><td>Oktawian &#8211; Cezar August<\/td><td>44 -pne \u2013 14 ne<\/td><td>Do 31 pne walka z Markiem Antoniuszem o sched\u0119 po Juliuszu Cezarze. Wys\u0142a\u0142 \u201cpoborc\u0119\u201d do \u201ckrainy Ozdoby\u201d<\/td><td>Kleopatra VII<\/td><td><\/td><td>Kochankiem by\u0142 Marek Antoniusz; razem z nim pope\u0142ni\u0142a samob\u00f3jstwo w 15 ne<\/td><\/tr><tr><td>Da 11:21-24<\/td><td>Tyberiusz<\/td><td>14 &#8211; 37<\/td><td>Syn Liwii Druzylli, trzeciej \u017cony Augusta; obj\u0105\u0142 w\u0142adz\u0119 w 55 r. \u017cycia; z\u0142ama\u0142 \u201cWodza przymierza\u201d &#8211; Jezusa w 33 ne.<\/td><td><\/td><td><\/td><td><\/td><\/tr><tr><td><\/td><td><\/td><td><\/td><td>Gajusz Cezar (Kaligula); Klau- diusz I; Neron; Wespazjan; Tytus; Domicjan; Nerwa; Trajan; Hadrian<\/td><td><\/td><td><\/td><td><\/td><\/tr><tr><td>Da 11:25,26<\/td><td>Aurelian<\/td><td>? &#8211; 275<\/td><td>Rozpad cesarstwa rzymskiego<\/td><td>Zenobia<\/td><td>267 &#8211; 272<\/td><td>W\u0142adczyni rzymskiej prowincji Palmyra<\/td><\/tr><tr><td><\/td><td>Honoriusz<\/td><td>395 &#8211;<\/td><td>S.Teodozjusza I; Rzym<\/td><td>Arkadiusz<\/td><td>395 &#8211;<\/td><td>s.Teodozjusza I; Konstantynopol<\/td><\/tr><tr><td><\/td><td><\/td><td>476<\/td><td>Usuni\u0119cie ostatniego cesarza panuj\u0105cego w Rzymie przez germa\u0144skiego wodza Odoakera<\/td><td><\/td><td><\/td><td><\/td><\/tr><tr><td><\/td><td>Karol Wielki<\/td><td>25.12.0800<\/td><td>Narodziny \u015awi\u0119tego Cesarstwa Rzymskiego<\/td><td><\/td><td><\/td><td><\/td><\/tr><tr><td><\/td><td>Otton I<\/td><td>2.02.0962<\/td><td>Przez 5 wiek\u00f3w silny wp\u0142yw Niemiec, p\u00f3\u017aniej austriacka dynastia Habsburg\u00f3w<\/td><td><\/td><td>29.05.1453<\/td><td>Kres cesarstwa wschodniorzymskiego &#8211; su\u0142tan turk\u00f3w osma\u0144skich Mehmed II<\/td><\/tr><tr><td><\/td><td>Franciszek II \u2013 austriacka dyn. Habsburg\u00f3w<\/td><td>6.08.1806<\/td><td>Upadek \u015awi\u0119tego Cesarstwa Rzymskiego<\/td><td><\/td><td><\/td><td><\/td><\/tr><tr><td>Da 11:27-30a<\/td><td>c. Wilhelm I<br>k. Otton von Bismarck<br>c. Wilhelm II<\/td><td>18.1. 1871<\/td><td>Cesarstwo niemieckie \u2013 II Rzesza; Tr\u00f3jprzymierze \u2013 Niemcy, Austro \u2013 W\u0119gry, W\u0142ochy;<br>I wojna \u015bw. &#8211; zam. austriackiego arcyksi\u0119cia Franciszka Ferdynanda<\/td><td>Wlk. Brytania;<\/td><td>1882<\/td><td>Moc. anglo \u2013 ameryka\u0144skie<br>Egipt zale\u017cny od W.Brytanii;<br>Ententa \u2013 tr\u00f3jporozumienie &#8211; W.Brytania, Francja i Rosja<\/td><\/tr><tr><td>Da 11:30b, 31<\/td><td>Adolf Hitler<\/td><td>1933-1945<\/td><td>Hitlerowska III Rzesza;<br>II wojna \u015bwiatowa<\/td><td>W.Churchill<br>Fr.Roosevelt<br>J.Stalin<\/td><td>24.10.1945<\/td><td>Mocarstwo anglo \u2013 ameryk.<br>Reaktywowanie bestii \u2013 Ligii Narod\u00f3w pod postaci\u0105 ONZ<\/td><\/tr><tr><td>Da 11:32-43<\/td><td>Blok komunist.<br>(zimna wojna)<\/td><td>1948-1989<\/td><td>Dominacja ZSRR do grudnia 1991<\/td><td>Mocarstwo anglo &#8211; ameryk.<\/td><td><\/td><td>Powo\u0142anie NATO (od 1949 r.)<\/td><\/tr><tr><td>Da 11:44,45<\/td><td>Rosja<\/td><td><\/td><td><\/td><td>Mocarstwo anglo &#8211; ameryk.<\/td><td><\/td><td><\/td><\/tr><\/tbody><\/table><\/figure>\n","protected":false},"excerpt":{"rendered":"<p>Na podstawie Ksi\u0119gi Daniela rozdz. 11 Gdzie opisany Kr\u00f3l p\u00f3\u0142nocy Lata w\u0142adzy Komentarz Kr\u00f3l po\u0142udnia Lata w\u0142adzy Komentarz Da 11:5 Seleukos I Nikator ? &#8211; 281 pne Ptolemeusz I 305 pne &#8211; Da 11:6 Antioch II Syn Seleukosa I.Po\u015blubia Laodike. Po sojuszu w 250 pne z Ptolemeuszem II odprawiona Laodike a po\u015blubia Berenike. Po 246 [&hellip;]<\/p>\n","protected":false},"author":1,"featured_media":0,"parent":17,"menu_order":0,"comment_status":"closed","ping_status":"closed","template":"","meta":{"ngg_post_thumbnail":0,"footnotes":""},"class_list":["post-1033","page","type-page","status-publish","hentry"],"_links":{"self":[{"href":"https:\/\/leda158.eu\/index.php?rest_route=\/wp\/v2\/pages\/1033","targetHints":{"allow":["GET"]}}],"collection":[{"href":"https:\/\/leda158.eu\/index.php?rest_route=\/wp\/v2\/pages"}],"about":[{"href":"https:\/\/leda158.eu\/index.php?rest_route=\/wp\/v2\/types\/page"}],"author":[{"embeddable":true,"href":"https:\/\/leda158.eu\/index.php?rest_route=\/wp\/v2\/users\/1"}],"replies":[{"embeddable":true,"href":"https:\/\/leda158.eu\/index.php?rest_route=%2Fwp%2Fv2%2Fcomments&post=1033"}],"version-history":[{"count":3,"href":"https:\/\/leda158.eu\/index.php?rest_route=\/wp\/v2\/pages\/1033\/revisions"}],"predecessor-version":[{"id":1038,"href":"https:\/\/leda158.eu\/index.php?rest_route=\/wp\/v2\/pages\/1033\/revisions\/1038"}],"up":[{"embeddable":true,"href":"https:\/\/leda158.eu\/index.php?rest_route=\/wp\/v2\/pages\/17"}],"wp:attachment":[{"href":"https:\/\/leda158.eu\/index.php?rest_route=%2Fwp%2Fv2%2Fmedia&parent=1033"}],"curies":[{"name":"wp","href":"https:\/\/api.w.org\/{rel}","templated":true}]}}