{"id":1028,"date":"2024-03-15T08:54:43","date_gmt":"2024-03-15T07:54:43","guid":{"rendered":"https:\/\/leda158.eu\/?page_id=1028"},"modified":"2025-01-15T11:33:30","modified_gmt":"2025-01-15T10:33:30","slug":"teksty-roczne","status":"publish","type":"page","link":"https:\/\/leda158.eu\/?page_id=1028","title":{"rendered":"Teksty roczne"},"content":{"rendered":"\n<figure class=\"wp-block-table\"><table><tbody><tr><td><strong>Rok<\/strong><\/td><td><strong>Tre\u015b\u0107<\/strong><\/td><td><strong>Werset<\/strong><\/td><\/tr><tr><td>1915<\/td><td>Czy mo\u017cecie pi\u0107 kielich, kt\u00f3ry ja mam wypi\u0107?<\/td><td>Mt 20:22<\/td><\/tr><tr><td>1916<\/td><td>Dzi\u0119ki wierze sta\u0142 si\u0119 silny<\/td><td>Rz 4:20<\/td><\/tr><tr><td>1919<\/td><td>\u017badna bro\u0144 wykonana przeciwko tobie nie b\u0119dzie skuteczna<\/td><td>Iz 54:17<\/td><\/tr><tr><td>1920<\/td><td>Jah jest moj\u0105 ochron\u0105 i si\u0142\u0105<\/td><td>Ps 118:14<\/td><\/tr><tr><td>1926<\/td><td>B\u0142ogos\u0142awiony niech b\u0119dzie Pan z&nbsp;Syjonu<\/td><td>Ps 135:21<\/td><\/tr><tr><td>1927<\/td><td>dzi\u0119ki niech b\u0119d\u0105 Bogu<\/td><td>1Kor 15:57<\/td><\/tr><tr><td>1928<\/td><td>Wys\u0142awiajcie pie\u015bni\u0105 Jego wspania\u0142e imi\u0119<\/td><td>Ps 66:2<\/td><\/tr><tr><td>1929<\/td><td>b\u0119d\u0119 wys\u0142awia\u0142 swojego Boga pie\u015bni\u0105<\/td><td>Ps 104:33<\/td><\/tr><tr><td>1930<\/td><td>\u015apiewajcie Jehowie now\u0105 pie\u015b\u0144<\/td><td>Iz 42:10<\/td><\/tr><tr><td>1931<\/td><td>Jehowa strze\u017ce wszystkich, kt\u00f3rzy Go kochaj\u0105<\/td><td>Ps 145:20<\/td><\/tr><tr><td>1932<\/td><td>Przekonaj\u0105 si\u0119, \u017ce ja jestem Jehowa<\/td><td>Ez 6:10<\/td><\/tr><tr><td>1933<\/td><td>Imi\u0119 Jehowy jest mocn\u0105 wie\u017c\u0105. To do niej wbiega sprawiedliwy i&nbsp;znajduje ochron\u0119<\/td><td>Prz 18:10<\/td><\/tr><tr><td>1934<\/td><td>w jego imieniu narody b\u0119d\u0105 pok\u0142ada\u0107 nadziej\u0119<\/td><td>Mt 12:21<\/td><\/tr><tr><td>1935<\/td><td>\u201aZa Jehow\u0119 i Gedeona!\u2019<\/td><td>S\u0119dz 7:18<\/td><\/tr><tr><td>1936<\/td><td>\u201aZa Jehow\u0119 i Gedeona!\u2019<\/td><td>S\u0119dz 7:18<\/td><\/tr><tr><td>1937<\/td><td>Us\u0142yszeli\u015bmy wie\u015b\u0107 od Jehowy<\/td><td>Abd 1<\/td><\/tr><tr><td>1938<\/td><td>\u201aNie b\u00f3jcie si\u0119 ani si\u0119 nie przera\u017cajcie \u2026<\/td><td>2Kro 20:15<\/td><\/tr><tr><td>1939<\/td><td>\u201aja jestem z tob\u0105\u2019, m\u00f3wi Jehowa<\/td><td>Jer 1:19<\/td><\/tr><tr><td>1940<\/td><td>Ufam w Twoj\u0105 lojaln\u0105 mi\u0142o\u015b\u0107<\/td><td>Ps 13:5<\/td><\/tr><tr><td>1943<\/td><td>Wi\u0119cej ni\u017c zwyci\u0119zcy dzi\u0119ki temu, kt\u00f3ry nas umi\u0142owa\u0142<\/td><td>Rz 8:37<\/td><\/tr><tr><td>1945<\/td><td>Id\u017acie wi\u0119c i&nbsp;pozyskujcie uczni\u00f3w (&#8230;). Chrzcijcie ich<\/td><td>Mt 28:19<\/td><\/tr><tr><td>1950<\/td><td>G\u0142o\u015b s\u0142owo Bo\u017ce<\/td><td>2Tym 4:2<\/td><\/tr><tr><td>1951<\/td><td>Jehowa, nasz B\u00f3g, Wszechmocny, zacz\u0105\u0142 kr\u00f3lowa\u0107!<\/td><td>Ob 19:6<\/td><\/tr><tr><td>1952<\/td><td>powiedzie\u0107 wi\u0119\u017aniom: \u201aWyjd\u017acie!\u2019<\/td><td>Iz 49:9<\/td><\/tr><tr><td>1953<\/td><td>Oddajcie Jehowie chwa\u0142\u0119 nale\u017cn\u0105 Jego imieniu<\/td><td>Ps 29:2<\/td><\/tr><tr><td>1954<\/td><td>B\u0119d\u0119 wys\u0142awia\u0142 Twoje imi\u0119 po wieczne czasy, ju\u017c na zawsze<\/td><td>Ps 145:2<\/td><\/tr><tr><td>1955<\/td><td>Jego serce jest niez\u0142omne, ufa Jehowie<\/td><td>Ps 112:7<\/td><\/tr><tr><td>1957<\/td><td>Wybaw mnie, Bo\u017ce<\/td><td>Ps 69:2<\/td><\/tr><tr><td>1959<\/td><td>Szcz\u0119\u015bliwy jest ten, kto czuwa<\/td><td>Ob 16:15<\/td><\/tr><tr><td>1961<\/td><td>zgromadz\u0119 wszystkich spo\u015br\u00f3d ciebie<\/td><td>Mich 2:12<\/td><\/tr><tr><td>1966<\/td><td>Nie b\u0119dziemy zaniedbywa\u0107 domu naszego Boga<\/td><td>Nech 10:39<\/td><\/tr><tr><td>1970<\/td><td>Id\u017acie wi\u0119c i&nbsp;pozyskujcie uczni\u00f3w (&#8230;). Chrzcijcie ich<\/td><td>Mt 28:19<\/td><\/tr><tr><td>1971<\/td><td>b\u0119dziecie moimi \u015bwiadkami<\/td><td>Dz 1:8<\/td><\/tr><tr><td>1972<\/td><td>Jehowa zosta\u0142 Kr\u00f3lem!<\/td><td>Ps 96:10<\/td><\/tr><tr><td>1973<\/td><td>my natomiast b\u0119dziemy chodzi\u0107 w imieniu Jehowy<\/td><td>Mich 4:5<\/td><\/tr><tr><td>1974<\/td><td>moj\u0105 rado\u015bci\u0105 b\u0119dzie Jehowa<\/td><td>Hab 3:17,18<\/td><\/tr><tr><td>1975<\/td><td>Ty jeste\u015b moim schronieniem i moj\u0105 twierdz\u0105<\/td><td>Ps 91:2<\/td><\/tr><tr><td>1976<\/td><td>&#8230; dok\u0142adajcie wszelkich stara\u0144 \u2026<\/td><td>2 Pi 3:14<\/td><\/tr><tr><td>1977<\/td><td>Wytrwa\u0142o\u015bci wam potrzeba, aby\u015bcie (&#8230;) dost\u0105pili tego, co obieca\u0142<\/td><td>He 10:36<\/td><\/tr><tr><td>1978<\/td><td>Nie zdo\u0142aj\u0105 ci\u0119 zwyci\u0119\u017cy\u0107, gdy\u017c Ja [Jehowa] jestem z&nbsp;tob\u0105 (&#8230;) by ci\u0119 ochrania\u0107<\/td><td>Jer. 1:19<\/td><\/tr><tr><td>1979<\/td><td>\u2026 wydajecie du\u017co owoc\u00f3w \u2026<\/td><td>Ja 15:8<\/td><\/tr><tr><td>1980<\/td><td>\u2026 pom\u00f3\u017c swoim niewolnikom odwa\u017cnie g\u0142osi\u0107 Twoje s\u0142owo \u2026<\/td><td>Dz 4:29<\/td><\/tr><tr><td>1981<\/td><td>Lojalni twoi b\u0119d\u0105 ci\u0119 b\u0142ogos\u0142awi\u0107. B\u0119d\u0105 m\u00f3wi\u0107 o&nbsp;chwale twego kr\u00f3lowania<\/td><td>Ps 145:10,&nbsp;11<\/td><\/tr><tr><td>1982<\/td><td>B\u0105d\u017acie niezachwiani, niewzruszeni, zawsze bardzo zaj\u0119ci dzie\u0142em Pa\u0144skim<\/td><td>1Kor 15:58<\/td><\/tr><tr><td>1983<\/td><td>\u2026 ubierzcie si\u0119 w mi\u0142o\u015b\u0107 &#8230;<\/td><td>Kol 3:14<\/td><\/tr><tr><td>1984<\/td><td>Ze wzmo\u017con\u0105 odwag\u0105 g\u0142o\u015bcie s\u0142owo Bo\u017ce<\/td><td>Flp 1:14<\/td><\/tr><tr><td>1985<\/td><td>\u2026 wykonuj zadanie ewangelizatora &#8230;<\/td><td>2Ty 4:5<\/td><\/tr><tr><td>1986<\/td><td>Id\u017a (&#8230;) rozg\u0142aszaj Kr\u00f3lestwo Bo\u017ce<\/td><td>\u0141u 9:60<\/td><\/tr><tr><td>1987<\/td><td>Ale ja i&nbsp;m\u00f3j dom b\u0119dziemy s\u0142u\u017cy\u0107 Jehowie<\/td><td>Joz 24:15<\/td><\/tr><tr><td>1988<\/td><td>Pok\u0142adaj nadziej\u0119 w Jehowie<\/td><td>Ps 37:34<\/td><\/tr><tr><td>1989<\/td><td>\u201eB\u00f3jcie si\u0119 Boga i Go wychwalajcie \u2026\u201d<\/td><td>Ob 14:7<\/td><\/tr><tr><td>1990<\/td><td>Mo\u017cemy by\u0107 dobrej my\u015bli i&nbsp;m\u00f3wi\u0107: \u201bJehowa mnie wspomaga\u2019<\/td><td>Heb 13:6<\/td><\/tr><tr><td>1991<\/td><td>Ka\u017cdy, kto chce, niech za darmo bierze wod\u0119 \u017cycia<\/td><td>Ob 22:17<\/td><\/tr><tr><td>1992<\/td><td>Radujcie si\u0119 nadziej\u0105<\/td><td>Rz 12:12<\/td><\/tr><tr><td>1993<\/td><td>Poucz mnie, Jehowo (&#8230;). Zjednocz me serce, aby si\u0119 ba\u0142o twego imienia<\/td><td>Ps 86:11<\/td><\/tr><tr><td>1994<\/td><td>Zaufaj Jehowie ca\u0142ym sercem<\/td><td>Prz 3:5<\/td><\/tr><tr><td>1995<\/td><td>B\u0105d\u017acie harmonijnie zespoleni w&nbsp;mi\u0142o\u015bci<\/td><td>Kol 2:2<\/td><\/tr><tr><td>1996<\/td><td>Sta\u0144cie si\u0119 wykonawcami S\u0141OWA<\/td><td>Jak 1:21,22<\/td><\/tr><tr><td>1997<\/td><td>Naucz mnie spe\u0142nia\u0107 wol\u0119 twoj\u0105<\/td><td>Ps 143:10<\/td><\/tr><tr><td>1998<\/td><td>Ka\u017cdy, kto wzywa imienia Jehowy, b\u0119dzie wybawiony<\/td><td>Rz10:13<\/td><\/tr><tr><td>1999<\/td><td>Oto teraz dzie\u0144 wybawienia<\/td><td>2 Kor 6:2<\/td><\/tr><tr><td>2000<\/td><td>Nie jeste\u015bmy z&nbsp;tych, kt\u00f3rzy si\u0119 wycofuj\u0105 (&#8230;), lecz z&nbsp;tych, kt\u00f3rzy wierz\u0105<\/td><td>He 10:39<\/td><\/tr><tr><td>2001<\/td><td>Sta\u0144cie zupe\u0142ni i&nbsp;niewzruszenie przekonani co do wszelkiej woli Bo\u017cej<\/td><td>Kol 4:12<\/td><\/tr><tr><td>2002<\/td><td>Przyjd\u017acie do mnie (&#8230;), a&nbsp;ja was pokrzepi\u0119<\/td><td>Mt 11:28<\/td><\/tr><tr><td>2003<\/td><td>Zbli\u017ccie si\u0119 do Boga, a&nbsp;on zbli\u017cy si\u0119 do was<\/td><td>Jak 4:8<\/td><\/tr><tr><td>2004<\/td><td>Czuwajcie, (&#8230;) oka\u017ccie si\u0119 gotowi<\/td><td>Mt 24:42, 44<\/td><\/tr><tr><td>2005<\/td><td>Moja pomoc pochodzi od Jehowy<\/td><td>Ps 121:2<\/td><\/tr><tr><td>2006<\/td><td>\u2026 musimy by\u0107 pos\u0142uszni Bogu \u2026<\/td><td>Dz 5:29<\/td><\/tr><tr><td>2007<\/td><td>Bliski jest wielki dzie\u0144 Jehowy!<\/td><td>Sof 3:12<\/td><\/tr><tr><td>2008<\/td><td>St\u00f3jcie niewzruszenie i patrzcie, jak Jehowa was dzisiaj wybawi<\/td><td>2Mo 14:13<\/td><\/tr><tr><td>2009<\/td><td>Sk\u0142adajmy dok\u0142adne \u015bwiadectwo na rzecz dobrej nowiny<\/td><td>Dz 20:24<\/td><\/tr><tr><td>2010<\/td><td>Mi\u0142o\u015b\u0107 nigdy nie zawodzi \u2026<\/td><td>1 Kor 13:7,8<\/td><\/tr><tr><td>2011<\/td><td>Znajd\u017a schronienie w&nbsp;imieniu Jehowy<\/td><td>Sof 3:12<\/td><\/tr><tr><td>2012<\/td><td>Twoje s\u0142owo jest prawd\u0105<\/td><td>Ja 17:17<\/td><\/tr><tr><td>2013<\/td><td>B\u0105d\u017a odwa\u017cny i&nbsp;silny. (&#8230;) Jehowa, tw\u00f3j B\u00f3g, jest z&nbsp;tob\u0105<\/td><td>Joz 1:9<\/td><\/tr><tr><td>2014<\/td><td>Niech przyjdzie Twoje Kr\u00f3lestwo \u2026<\/td><td>Mt 6:10<\/td><\/tr><tr><td>2015<\/td><td>Dzi\u0119ki sk\u0142adajcie Jehowie, bo jest dobry<\/td><td>Ps 106:1<\/td><\/tr><tr><td>2016<\/td><td>Wasza mi\u0142o\u015b\u0107 braterska niech trwa<\/td><td>He 13:1<\/td><\/tr><tr><td>2017<\/td><td>Ufaj Jehowie i&nbsp;czy\u0144 dobrze<\/td><td>Ps 37:3<\/td><\/tr><tr><td>2018<\/td><td>Ci, kt\u00f3rzy pok\u0142adaj\u0105 nadziej\u0119 w&nbsp;Jehowie, odzyskaj\u0105 moc<\/td><td>Iz 40:31<\/td><\/tr><tr><td>2019<\/td><td>Nie martw si\u0119, bo jestem twoim Bogiem<\/td><td>Iz 41:10<\/td><\/tr><tr><td>2020<\/td><td>Id\u017acie wi\u0119c i&nbsp;pozyskujcie uczni\u00f3w (&#8230;). Chrzcijcie ich<\/td><td>Mt 28:19<\/td><\/tr><tr><td>2021<\/td><td>Zachowujcie spok\u00f3j i&nbsp;okazujcie zaufanie&nbsp;\u2014 to b\u0119dzie wasz\u0105 si\u0142\u0105<\/td><td>Iz 30:15<\/td><\/tr><tr><td>2022<\/td><td>Tym, kt\u00f3rzy szukaj\u0105 Jehowy, nie zabraknie niczego dobrego<\/td><td>Ps 34:10<\/td><\/tr><tr><td>2023<\/td><td>Istot\u0105 Twoich s\u0142\u00f3w jest prawda<\/td><td>Ps 119:160<\/td><\/tr><tr><td>2024<\/td><td>Kiedy si\u0119 boj\u0119, pok\u0142adam ufno\u015b\u0107 w&nbsp;Tobie<\/td><td>Ps 56:3<\/td><\/tr><tr><td>2025<\/td><td>Oddajcie Jehowie chwa\u0142\u0119 nale\u017cn\u0105 Jego imieniu<\/td><td>Ps 96:8<\/td><\/tr><\/tbody><\/table><\/figure>\n\n\n\n<p><\/p>\n","protected":false},"excerpt":{"rendered":"<p>Rok Tre\u015b\u0107 Werset 1915 Czy mo\u017cecie pi\u0107 kielich, kt\u00f3ry ja mam wypi\u0107? Mt 20:22 1916 Dzi\u0119ki wierze sta\u0142 si\u0119 silny Rz 4:20 1919 \u017badna bro\u0144 wykonana przeciwko tobie nie b\u0119dzie skuteczna Iz 54:17 1920 Jah jest moj\u0105 ochron\u0105 i si\u0142\u0105 Ps 118:14 1926 B\u0142ogos\u0142awiony niech b\u0119dzie Pan z&nbsp;Syjonu Ps 135:21 1927 dzi\u0119ki niech b\u0119d\u0105 Bogu [&hellip;]<\/p>\n","protected":false},"author":1,"featured_media":0,"parent":17,"menu_order":0,"comment_status":"closed","ping_status":"closed","template":"","meta":{"ngg_post_thumbnail":0,"footnotes":""},"class_list":["post-1028","page","type-page","status-publish","hentry"],"_links":{"self":[{"href":"https:\/\/leda158.eu\/index.php?rest_route=\/wp\/v2\/pages\/1028","targetHints":{"allow":["GET"]}}],"collection":[{"href":"https:\/\/leda158.eu\/index.php?rest_route=\/wp\/v2\/pages"}],"about":[{"href":"https:\/\/leda158.eu\/index.php?rest_route=\/wp\/v2\/types\/page"}],"author":[{"embeddable":true,"href":"https:\/\/leda158.eu\/index.php?rest_route=\/wp\/v2\/users\/1"}],"replies":[{"embeddable":true,"href":"https:\/\/leda158.eu\/index.php?rest_route=%2Fwp%2Fv2%2Fcomments&post=1028"}],"version-history":[{"count":3,"href":"https:\/\/leda158.eu\/index.php?rest_route=\/wp\/v2\/pages\/1028\/revisions"}],"predecessor-version":[{"id":1072,"href":"https:\/\/leda158.eu\/index.php?rest_route=\/wp\/v2\/pages\/1028\/revisions\/1072"}],"up":[{"embeddable":true,"href":"https:\/\/leda158.eu\/index.php?rest_route=\/wp\/v2\/pages\/17"}],"wp:attachment":[{"href":"https:\/\/leda158.eu\/index.php?rest_route=%2Fwp%2Fv2%2Fmedia&parent=1028"}],"curies":[{"name":"wp","href":"https:\/\/api.w.org\/{rel}","templated":true}]}}