{"id":10,"date":"2023-01-25T17:17:55","date_gmt":"2023-01-25T16:17:55","guid":{"rendered":"https:\/\/leda158.eu\/?page_id=10"},"modified":"2023-01-26T08:45:28","modified_gmt":"2023-01-26T07:45:28","slug":"przedstawiamy-sie","status":"publish","type":"page","link":"https:\/\/leda158.eu\/","title":{"rendered":"Przedstawiamy si\u0119!"},"content":{"rendered":"\n<p><\/p>\n\n\n\n<p>Jestem Zbyszek Dziubi\u0144ski, senior rodu Dziubi\u0144skich. Chcia\u0142bym sta\u0107 si\u0119 Wam bli\u017cszy i zaprezentowa\u0107 moje zainteresowania, przemy\u015blenia, rodzin\u0119 z kt\u00f3rej jestem dumny \u2013 moje kochane Dziubki.<\/p>\n\n\n\n<p>Mieszkam w \u0141om\u017cy, mam wspania\u0142\u0105 \u017con\u0119 \u2013 Hani\u0119, dzieci  \u2013 Micha\u0142a i Zosi\u0119 (wyjecha\u0142a z \u0141om\u017cy) oraz wnuka Matteo, na punkcie kt\u00f3rego troch\u0119 oszala\u0142em.<\/p>\n\n\n\n<p>A oto pozosta\u0142e nasze twarze:<\/p>\n\n\n\n<figure class=\"wp-block-gallery has-nested-images columns-4 is-cropped wp-block-gallery-1 is-layout-flex wp-block-gallery-is-layout-flex\">\n<figure class=\"wp-block-image size-large\"><img loading=\"lazy\" decoding=\"async\" width=\"200\" height=\"263\" data-id=\"57\" src=\"https:\/\/leda158.eu\/wp-content\/uploads\/2023\/01\/Zbyszek.jpg\" alt=\"\" class=\"wp-image-57\"\/><\/figure>\n\n\n\n<figure class=\"wp-block-image size-large\"><img loading=\"lazy\" decoding=\"async\" width=\"200\" height=\"263\" data-id=\"56\" src=\"https:\/\/leda158.eu\/wp-content\/uploads\/2023\/01\/Hania.jpg\" alt=\"\" class=\"wp-image-56\"\/><\/figure>\n\n\n\n<figure class=\"wp-block-image size-large\"><img loading=\"lazy\" decoding=\"async\" width=\"200\" height=\"263\" data-id=\"55\" src=\"https:\/\/leda158.eu\/wp-content\/uploads\/2023\/01\/2011_Misza.jpg\" alt=\"\" class=\"wp-image-55\"\/><\/figure>\n\n\n\n<figure class=\"wp-block-image size-large\"><img loading=\"lazy\" decoding=\"async\" width=\"200\" height=\"263\" data-id=\"58\" src=\"https:\/\/leda158.eu\/wp-content\/uploads\/2023\/01\/Zosia2.jpg\" alt=\"\" class=\"wp-image-58\"\/><\/figure>\n<\/figure>\n\n\n\n<p><br>Lubi\u0119 gitar\u0119 klasyczn\u0105, przyrod\u0119, niezdrowe polskie jedzenie, lampk\u0119 swojego wina i jeszcze co\u015b, ale o tym p\u00f3\u017aniej.<\/p>\n\n\n\n<p>Kr\u00f3tko o witrynie.<\/p>\n\n\n\n<p>W zak\u0142adce Drzewo oraz podzak\u0142adkach znajdziemy okrojone drzewo rodowe, daj\u0105ce jednak pewne wyobra\u017cenie o rodzinie. Wi\u0119cej informacji znajdziemy w zak\u0142adce Pokolenia, gdzie jest g\u0142\u00f3wnie rys historyczny rodziny.<\/p>\n\n\n\n<p>W podzak\u0142adkach troszk\u0119 o moich i Hani korzeniach, bli\u017cszej i dalszej rodzinie.<\/p>\n\n\n\n<p>W zak\u0142adkach Teokracja oraz Zainteresowania znajdziemy informacje maj\u0105ce na celu przybli\u017cenie naszego sposobu \u017cycia.<\/p>\n\n\n\n<p>Je\u015bli chcesz doda\u0107 jakie\u015b uwagi mo\u017cesz skorzysta\u0107 z zak\u0142adki Kontakt.<\/p>\n","protected":false},"excerpt":{"rendered":"<p>Jestem Zbyszek Dziubi\u0144ski, senior rodu Dziubi\u0144skich. Chcia\u0142bym sta\u0107 si\u0119 Wam bli\u017cszy i zaprezentowa\u0107 moje zainteresowania, przemy\u015blenia, rodzin\u0119 z kt\u00f3rej jestem dumny \u2013 moje kochane Dziubki. Mieszkam w \u0141om\u017cy, mam wspania\u0142\u0105 \u017con\u0119 \u2013 Hani\u0119, dzieci \u2013 Micha\u0142a i Zosi\u0119 (wyjecha\u0142a z \u0141om\u017cy) oraz wnuka Matteo, na punkcie kt\u00f3rego troch\u0119 oszala\u0142em. A oto pozosta\u0142e nasze twarze: Lubi\u0119 [&hellip;]<\/p>\n","protected":false},"author":1,"featured_media":0,"parent":0,"menu_order":-2,"comment_status":"closed","ping_status":"closed","template":"","meta":{"ngg_post_thumbnail":0,"footnotes":""},"class_list":["post-10","page","type-page","status-publish","hentry"],"_links":{"self":[{"href":"https:\/\/leda158.eu\/index.php?rest_route=\/wp\/v2\/pages\/10","targetHints":{"allow":["GET"]}}],"collection":[{"href":"https:\/\/leda158.eu\/index.php?rest_route=\/wp\/v2\/pages"}],"about":[{"href":"https:\/\/leda158.eu\/index.php?rest_route=\/wp\/v2\/types\/page"}],"author":[{"embeddable":true,"href":"https:\/\/leda158.eu\/index.php?rest_route=\/wp\/v2\/users\/1"}],"replies":[{"embeddable":true,"href":"https:\/\/leda158.eu\/index.php?rest_route=%2Fwp%2Fv2%2Fcomments&post=10"}],"version-history":[{"count":5,"href":"https:\/\/leda158.eu\/index.php?rest_route=\/wp\/v2\/pages\/10\/revisions"}],"predecessor-version":[{"id":61,"href":"https:\/\/leda158.eu\/index.php?rest_route=\/wp\/v2\/pages\/10\/revisions\/61"}],"wp:attachment":[{"href":"https:\/\/leda158.eu\/index.php?rest_route=%2Fwp%2Fv2%2Fmedia&parent=10"}],"curies":[{"name":"wp","href":"https:\/\/api.w.org\/{rel}","templated":true}]}}